{"id":4337,"date":"2024-06-06T03:49:20","date_gmt":"2024-06-06T03:49:20","guid":{"rendered":"https:\/\/www.unitetopbalermachine.com\/politique-de-confidentialite\/"},"modified":"2024-08-15T05:17:23","modified_gmt":"2024-08-15T05:17:23","slug":"politique-de-confidentialite","status":"publish","type":"page","link":"https:\/\/www.unitetopbalermachine.com\/fr\/politique-de-confidentialite\/","title":{"rendered":"politique de confidentialit\u00e9"},"content":{"rendered":"<p>Bienvenue sur Unite Top ! Si vous visitez notre boutique, cela signifie que vous acceptez automatiquement tous ces termes et conditions. Veuillez lire attentivement toutes les informations concernant nos directives, conditions et accords.<\/p>\n<p>Il est tr\u00e8s important de se soucier des informations car nous vivons dans une soci\u00e9t\u00e9 de l&rsquo;information et vous ne pouvez pas sous-estimer la mani\u00e8re dont les informations seront utilis\u00e9es et partag\u00e9es.<\/p>\n<p>La confiance est la pierre angulaire de l&rsquo;amiti\u00e9 et nous appr\u00e9cions votre d\u00e9cision de choisir notre boutique. Nous vous donnons un acc\u00e8s complet \u00e0 diff\u00e9rents types d&rsquo;informations concernant votre compte.<\/p>\n<p>De plus, veuillez noter que notre site Web contient de nombreuses marques commerciales qui peuvent appartenir \u00e0 la fois \u00e0 notre soci\u00e9t\u00e9 et \u00e0 des soci\u00e9t\u00e9s tierces. L&rsquo;utilisation de logos, d&rsquo;ic\u00f4nes et de noms de services est interdite de toute mani\u00e8re susceptible de semer la confusion chez nos clients et sera consid\u00e9r\u00e9e comme une violation de la loi sur le droit d&rsquo;auteur.<\/p>\n<p>Nous nous r\u00e9servons le droit d&rsquo;apporter des modifications \u00e0 ces termes et conditions \u00e0 tout moment sans pr\u00e9avis.<\/p>\n<p>En utilisant ce site Web, vous acceptez les termes de la version la plus r\u00e9cente de cette politique de confidentialit\u00e9. Veuillez lire nos conditions d&rsquo;utilisation pour comprendre les r\u00e8gles g\u00e9n\u00e9rales concernant votre utilisation de ce site Web. Sauf indication contraire dans d&rsquo;autres clauses de non-responsabilit\u00e9, politiques, conditions d&rsquo;utilisation ou autres avis figurant sur ce site Web, la pr\u00e9sente politique de confidentialit\u00e9 et les conditions d&rsquo;utilisation constituent l&rsquo;int\u00e9gralit\u00e9 de l&rsquo;accord entre vous et Unite Top.com concernant votre utilisation de ce site Web. Vous pouvez \u00eatre soumis \u00e0 des conditions suppl\u00e9mentaires qui peuvent s&rsquo;appliquer lorsque vous acc\u00e9dez \u00e0 des services ou \u00e0 des documents particuliers dans certaines zones de ce site Web, ou en suivant un lien \u00e0 partir de ce site Web.<\/p>\n<h3><span style=\"color: #b90a0a;\"><strong><b>Introduction<\/b><\/strong><\/span><\/h3>\n<p>Les informations que nous recevons et la mani\u00e8re dont nous les utilisons d\u00e9pendent de ce que vous faites lorsque vous visitez notre site Web. Nous collectons et utilisons vos informations non personnelles (informations qui ne vous identifient pas personnellement) diff\u00e9remment de vos informations personnelles.<\/p>\n<p>Qu&rsquo;est-ce qu&rsquo;une information non personnelle ?<\/p>\n<p>Les informations non personnelles sont les informations que nous collectons via ce site Web qui ne nous identifient pas en tant que personne physique. Elles peuvent inclure des informations telles que les suivantes :<\/p>\n<ul>\n<li>le type de logiciel de navigation Web que vous utilisez (par exemple, Netscape Navigator ou Internet Explorer)<\/li>\n<li>le nom du domaine \u00e0 partir duquel vous acc\u00e9dez \u00e0 Internet<\/li>\n<li>l&rsquo;adresse Internet du site Web \u00e0 partir duquel vous avez acc\u00e9d\u00e9 directement \u00e0 notre site Web<\/li>\n<li>la date et l&rsquo;heure auxquelles vous acc\u00e9dez \u00e0 notre site Web<\/li>\n<li>les pages que vous avez visit\u00e9es sur notre site Web<\/li>\n<li>les termes de recherche que vous utilisez<\/li>\n<li>les liens sur lesquels vous cliquez<\/li>\n<li>les informations personnelles qui ont \u00e9t\u00e9 rendues non personnelles ou anonymis\u00e9es (c&rsquo;est-\u00e0-dire les informations qui ne refl\u00e8tent plus ou ne font plus r\u00e9f\u00e9rence \u00e0 un utilisateur identifiable individuellement)<\/li>\n<\/ul>\n<p>Si vous visitez notre site Web pour lire ou t\u00e9l\u00e9charger des informations, telles que des informations sur un probl\u00e8me de sant\u00e9 ou sur l&rsquo;un de nos produits, nous pouvons collecter certaines informations non personnelles vous concernant \u00e0 partir de votre ordinateur. Ces informations sont collect\u00e9es \u00e0 partir du navigateur Web de votre ordinateur : si vous lisez ou t\u00e9l\u00e9chargez uniquement des informations sur notre site Web, nous ne collectons ni n&rsquo;apprenons votre nom, votre adresse e-mail, votre adresse personnelle ou d&rsquo;autres informations personnelles vous concernant. Nous pouvons placer un fichier texte appel\u00e9 cookie dans les fichiers du navigateur de votre ordinateur lorsque vous visitez. Le cookie peut \u00eatre stock\u00e9 sur le disque dur de votre ordinateur. Les informations que nous collectons \u00e0 l\u2019aide de cookies sont des informations non personnelles. Vous \u00eates toujours libre de refuser nos cookies si votre navigateur le permet, mais certaines parties de notre site Web peuvent ne pas fonctionner correctement si vous le faites. Nous n\u2019autoriserons pas les tiers autres que les soci\u00e9t\u00e9s que nous engageons pour ex\u00e9cuter des services ou des fonctions en notre nom \u00e0 placer des cookies sur notre site Web.<\/p>\n<h3><span style=\"color: #b90a0a;\"><strong><b>Que fait <\/b><\/strong><strong><b>Unite Top<\/b><\/strong><strong><b>.com des informations non personnelles ?<\/b><\/strong><\/span><\/h3>\n<p>\u00c9tant donn\u00e9 que les informations non personnelles ne peuvent pas vous identifier ni vous \u00eatre li\u00e9es de quelque mani\u00e8re que ce soit, il n&rsquo;existe aucune restriction quant \u00e0 la mani\u00e8re dont nous pouvons utiliser ou partager des informations non personnelles. Nous recherchons toujours des moyens de mieux vous servir et d&rsquo;am\u00e9liorer ce site Web. Nous utiliserons les informations non personnelles vous concernant pour nous aider \u00e0 rendre ce site Web plus utile aux visiteurs. Nous utiliserons \u00e9galement les informations non personnelles \u00e0 d&rsquo;autres fins commerciales. Par exemple, nous pouvons utiliser des informations non personnelles ou regrouper des informations non personnelles pour :<\/p>\n<ul>\n<li>cr\u00e9er des rapports \u00e0 usage interne pour d\u00e9velopper des programmes, des produits, des services ou du contenu<\/li>\n<li>personnaliser les informations ou les services qui vous int\u00e9ressent<\/li>\n<li>les partager avec des tiers ou les vendre \u00e0 des tiers<br \/>\nfournir des \u00ab\u00a0statistiques de trafic\u00a0\u00bb et des \u00ab\u00a0taux de r\u00e9ponse\u00a0\u00bb agr\u00e9g\u00e9s \u00e0 des tiers<\/li>\n<\/ul>\n<h3><span style=\"color: #b90a0a;\"><strong><b>Qu&rsquo;est-ce qu&rsquo;une information personnelle ?<\/b><\/strong><\/span><\/h3>\n<p>Les informations personnelles sont les informations que nous collectons via ce site Web et que nous pouvons utiliser pour vous identifier sp\u00e9cifiquement, telles que\u00a0:<\/p>\n<ul>\n<li>votre nom<\/li>\n<li>num\u00e9ro de t\u00e9l\u00e9phone<\/li>\n<li>adresse e-mail<\/li>\n<li>num\u00e9ro de s\u00e9rie de l&rsquo;appareil m\u00e9dical<\/li>\n<li>informations personnelles sur la sant\u00e9<\/li>\n<li>date de naissance<\/li>\n<\/ul>\n<p>\u00c0 certains endroits sur ce site Web, vous avez la possibilit\u00e9 de nous envoyer des informations personnelles vous concernant, de choisir de recevoir des informations particuli\u00e8res ou de participer \u00e0 une activit\u00e9. Par exemple, vous pouvez remplir un formulaire d&rsquo;inscription, une enqu\u00eate ou un formulaire par e-mail et vous pouvez choisir de recevoir du mat\u00e9riel \u00e9ducatif sur nos produits et th\u00e9rapies. Vous pouvez \u00e9galement choisir de nous autoriser \u00e0 personnaliser vos visites sur le site Web, auquel cas nous vous demanderons certaines informations personnelles pour rendre vos visites sur notre site Web plus utiles. Lorsque ces informations sont combin\u00e9es aux informations non personnelles que nous recueillons via les cookies (d\u00e9crites ci-dessus), nous serons en mesure de savoir que vous avez d\u00e9j\u00e0 visit\u00e9 notre site Web et de personnaliser votre acc\u00e8s \u00e0 notre site Web, par exemple en vous informant des nouvelles fonctionnalit\u00e9s qui pourraient vous int\u00e9resser.<\/p>\n<h3><span style=\"color: #b90a0a;\"><strong><b>Comment Unite Top.com conserve et utilise les informations personnelles ?<\/b><\/strong><\/span><\/h3>\n<p>Nous pouvons conserver et utiliser les informations personnelles que nous collectons aupr\u00e8s de vous via ce site Web pour vous donner acc\u00e8s \u00e0 ce site Web. De plus, nous pouvons conserver et utiliser vos informations personnelles :<\/p>\n<ul>\n<li>pour r\u00e9pondre \u00e0 vos demandes<\/li>\n<li>pour personnaliser votre acc\u00e8s \u00e0 notre site Web, par exemple, en vous informant de nouvelles fonctionnalit\u00e9s susceptibles de vous int\u00e9resser<\/li>\n<li>pour d\u00e9velopper des dossiers, y compris des dossiers de vos informations personnelles<\/li>\n<li>pour vous contacter avec des informations susceptibles de vous int\u00e9resser, notamment des informations sur les essais cliniques et sur nos produits et services et ceux d&rsquo;autres personnes<\/li>\n<li>\u00e0 des fins d&rsquo;analyse et pour rechercher, d\u00e9velopper et am\u00e9liorer des programmes, produits, services et contenus<\/li>\n<li>pour supprimer vos identifiants personnels (votre nom, votre adresse e-mail, votre num\u00e9ro de s\u00e9curit\u00e9 sociale, etc.). Dans ce cas, vous ne seriez plus identifi\u00e9 comme une seule personne unique. Une fois que nous avons anonymis\u00e9 les informations, il s&rsquo;agit d&rsquo;informations non personnelles et nous pouvons les traiter comme d&rsquo;autres informations non personnelles.<\/li>\n<li>pour faire respecter la pr\u00e9sente d\u00e9claration de confidentialit\u00e9 et d&rsquo;autres r\u00e8gles concernant votre utilisation de ce site Web<\/li>\n<li>pour prot\u00e9ger nos droits ou notre propri\u00e9t\u00e9<\/li>\n<li>pour prot\u00e9ger la sant\u00e9, la s\u00e9curit\u00e9 ou le bien-\u00eatre d&rsquo;une personne<\/li>\n<li>pour se conformer \u00e0 une loi ou \u00e0 un r\u00e8glement, \u00e0 une ordonnance d&rsquo;un tribunal ou \u00e0 d&rsquo;autres proc\u00e9dures judiciaires<\/li>\n<\/ul>\n<p>Nous ne disposons pas d\u2019une m\u00e9thode permettant d\u2019examiner les informations personnelles ou non personnelles collect\u00e9es via ce site.<\/p>\n<h3><span style=\"color: #b90a0a;\"><strong><b>Unite Top.com partage-t-il des informations personnelles avec des tiers ?<\/b><\/strong><\/span><\/h3>\n<p>Unite Top.com ne partagera pas vos informations personnelles collect\u00e9es sur ce site Web avec un tiers non li\u00e9 sans votre autorisation, sauf disposition contraire dans la pr\u00e9sente d\u00e9claration de confidentialit\u00e9.<\/p>\n<p>Dans le cours normal des affaires, nous pouvons partager certaines informations personnelles avec des soci\u00e9t\u00e9s que nous engageons pour ex\u00e9cuter des services ou des fonctions en notre nom. Dans tous les cas o\u00f9 nous partageons vos informations personnelles avec un tiers, nous ne l&rsquo;autoriserons pas \u00e0 conserver, divulguer ou utiliser vos informations avec d&rsquo;autres, sauf dans le but de fournir les services que nous lui avons demand\u00e9 de fournir. Nous ne vendrons, n&rsquo;\u00e9changerons ni ne publierons vos informations personnelles, sauf dans le cadre d&rsquo;une vente, d&rsquo;une fusion, d&rsquo;une dissolution ou d&rsquo;une acquisition d&rsquo;entreprise.<\/p>\n<p>Nous pouvons \u00eatre l\u00e9galement contraints de divulguer vos informations personnelles en r\u00e9ponse \u00e0 une ordonnance d&rsquo;un tribunal, une assignation \u00e0 compara\u00eetre, un mandat de perquisition, une loi ou un r\u00e8glement. Nous pouvons coop\u00e9rer avec les autorit\u00e9s charg\u00e9es de l&rsquo;application de la loi pour enqu\u00eater sur les visiteurs du site Web qui enfreignent nos r\u00e8gles ou adoptent un comportement pr\u00e9judiciable aux autres visiteurs (ou ill\u00e9gal) et les poursuivre.<\/p>\n<h3><\/h3>\n<h3><span style=\"color: #b90a0a;\"><strong><b>Qu&rsquo;en est-il de la confidentialit\u00e9 sur d&rsquo;autres sites Web ?<\/b><\/strong><\/span><\/h3>\n<p>Ce site Web peut contenir des liens vers d\u2019autres sites Web. Certains de ces sites Web peuvent \u00eatre exploit\u00e9s par Unite Top, et d\u2019autres peuvent \u00eatre exploit\u00e9s par des tiers. Nous fournissons les liens pour votre commodit\u00e9, mais nous n\u2019examinons, ne contr\u00f4lons ni ne surveillons les pratiques de confidentialit\u00e9 des sites Web exploit\u00e9s par des tiers. Cette d\u00e9claration de confidentialit\u00e9 ne s\u2019applique \u00e0 aucun autre site Web, m\u00eame aux autres sites Web Unite Top.com. Nous ne sommes pas responsables des performances des sites Web exploit\u00e9s par des tiers ni de vos relations commerciales avec eux. Par cons\u00e9quent, chaque fois que vous quittez ce site Web, nous vous recommandons de consulter les pratiques de confidentialit\u00e9 de chaque site Web et de tirer vos propres conclusions quant \u00e0 l\u2019ad\u00e9quation de ces pratiques.<\/p>\n<h3><span style=\"color: #b90a0a;\"><strong><b>Unite Top.com communique-t-il directement avec les visiteurs de ce site Web ?<\/b><\/strong><\/span><\/h3>\n<p>Nous pouvons vous contacter p\u00e9riodiquement par e-mail, courrier ou t\u00e9l\u00e9phone si vous acceptez ce contact pour vous fournir des informations sur les programmes, produits, services et contenus susceptibles de vous int\u00e9resser. De plus, certaines des fonctionnalit\u00e9s de ce site Web vous permettent de communiquer avec nous \u00e0 l&rsquo;aide d&rsquo;un formulaire en ligne. Si votre communication demande une r\u00e9ponse de notre part, nous vous enverrons une r\u00e9ponse par e-mail. La r\u00e9ponse ou la confirmation par courrier \u00e9lectronique peut inclure vos informations personnelles, notamment des informations personnelles sur votre sant\u00e9, votre nom, votre adresse, etc. Nous ne pouvons pas garantir que nos courriers \u00e9lectroniques seront prot\u00e9g\u00e9s contre toute interception non autoris\u00e9e.<\/p>\n<h3><span style=\"color: #b90a0a;\"><strong><b>Qu&rsquo;en est-il de la s\u00e9curit\u00e9 du site Web ?<\/b><\/strong><\/span><\/h3>\n<p>La s\u00e9curit\u00e9 est tr\u00e8s importante pour nous. Nous comprenons \u00e9galement que la s\u00e9curit\u00e9 est importante pour vous. Nous prenons des mesures raisonnables pour prot\u00e9ger vos informations personnelles contre la perte, l&rsquo;utilisation abusive et l&rsquo;acc\u00e8s, la divulgation, l&rsquo;alt\u00e9ration ou la destruction non autoris\u00e9s. Vous devez garder \u00e0 l&rsquo;esprit qu&rsquo;aucune transmission Internet n&rsquo;est jamais s\u00fbre \u00e0 100\u00a0% ou exempte d&rsquo;erreurs. En particulier, les e-mails envoy\u00e9s vers ou depuis ce site peuvent ne pas \u00eatre s\u00e9curis\u00e9s, et vous devez donc faire particuli\u00e8rement attention aux informations que vous nous envoyez par e-mail.<\/p>\n","protected":false},"excerpt":{"rendered":"<p>Bienvenue sur Unite Top ! Si vous visitez notre boutique, cela signifie que vous acceptez automatiquement tous ces termes et conditions. Veuillez lire attentivement toutes les informations concernant nos directives, conditions et accords. Il est tr\u00e8s important de se soucier des informations car nous vivons dans une soci\u00e9t\u00e9 de l&rsquo;information et vous ne pouvez pas [&hellip;]<\/p>\n","protected":false},"author":1,"featured_media":0,"parent":0,"menu_order":0,"comment_status":"closed","ping_status":"closed","template":"","meta":{"site-sidebar-layout":"default","site-content-layout":"","ast-site-content-layout":"default","site-content-style":"default","site-sidebar-style":"default","ast-global-header-display":"","ast-banner-title-visibility":"","ast-main-header-display":"","ast-hfb-above-header-display":"","ast-hfb-below-header-display":"","ast-hfb-mobile-header-display":"","site-post-title":"","ast-breadcrumbs-content":"","ast-featured-img":"","footer-sml-layout":"","theme-transparent-header-meta":"default","adv-header-id-meta":"","stick-header-meta":"","header-above-stick-meta":"","header-main-stick-meta":"","header-below-stick-meta":"","astra-migrate-meta-layouts":"set","ast-page-background-enabled":"default","ast-page-background-meta":{"desktop":{"background-color":"var(--ast-global-color-4)","background-image":"","background-repeat":"repeat","background-position":"center center","background-size":"auto","background-attachment":"scroll","background-type":"","background-media":"","overlay-type":"","overlay-color":"","overlay-opacity":"","overlay-gradient":""},"tablet":{"background-color":"","background-image":"","background-repeat":"repeat","background-position":"center center","background-size":"auto","background-attachment":"scroll","background-type":"","background-media":"","overlay-type":"","overlay-color":"","overlay-opacity":"","overlay-gradient":""},"mobile":{"background-color":"","background-image":"","background-repeat":"repeat","background-position":"center center","background-size":"auto","background-attachment":"scroll","background-type":"","background-media":"","overlay-type":"","overlay-color":"","overlay-opacity":"","overlay-gradient":""}},"ast-content-background-meta":{"desktop":{"background-color":"var(--ast-global-color-5)","background-image":"","background-repeat":"repeat","background-position":"center center","background-size":"auto","background-attachment":"scroll","background-type":"","background-media":"","overlay-type":"","overlay-color":"","overlay-opacity":"","overlay-gradient":""},"tablet":{"background-color":"var(--ast-global-color-5)","background-image":"","background-repeat":"repeat","background-position":"center center","background-size":"auto","background-attachment":"scroll","background-type":"","background-media":"","overlay-type":"","overlay-color":"","overlay-opacity":"","overlay-gradient":""},"mobile":{"background-color":"var(--ast-global-color-5)","background-image":"","background-repeat":"repeat","background-position":"center center","background-size":"auto","background-attachment":"scroll","background-type":"","background-media":"","overlay-type":"","overlay-color":"","overlay-opacity":"","overlay-gradient":""}},"footnotes":""},"class_list":["post-4337","page","type-page","status-publish","hentry"],"_links":{"self":[{"href":"https:\/\/www.unitetopbalermachine.com\/fr\/wp-json\/wp\/v2\/pages\/4337","targetHints":{"allow":["GET"]}}],"collection":[{"href":"https:\/\/www.unitetopbalermachine.com\/fr\/wp-json\/wp\/v2\/pages"}],"about":[{"href":"https:\/\/www.unitetopbalermachine.com\/fr\/wp-json\/wp\/v2\/types\/page"}],"author":[{"embeddable":true,"href":"https:\/\/www.unitetopbalermachine.com\/fr\/wp-json\/wp\/v2\/users\/1"}],"replies":[{"embeddable":true,"href":"https:\/\/www.unitetopbalermachine.com\/fr\/wp-json\/wp\/v2\/comments?post=4337"}],"version-history":[{"count":2,"href":"https:\/\/www.unitetopbalermachine.com\/fr\/wp-json\/wp\/v2\/pages\/4337\/revisions"}],"predecessor-version":[{"id":4340,"href":"https:\/\/www.unitetopbalermachine.com\/fr\/wp-json\/wp\/v2\/pages\/4337\/revisions\/4340"}],"wp:attachment":[{"href":"https:\/\/www.unitetopbalermachine.com\/fr\/wp-json\/wp\/v2\/media?parent=4337"}],"curies":[{"name":"wp","href":"https:\/\/api.w.org\/{rel}","templated":true}]}}