{"id":3106,"date":"2024-05-06T10:21:47","date_gmt":"2024-05-06T10:21:47","guid":{"rendered":"https:\/\/www.unitetopbalermachine.com\/product\/cizalla-guillotina-hidraulica-serie-q15\/"},"modified":"2024-09-23T03:31:05","modified_gmt":"2024-09-23T03:31:05","slug":"cizalla-guillotina-hidraulica-serie-q15","status":"publish","type":"product","link":"https:\/\/www.unitetopbalermachine.com\/es\/product\/cizalla-guillotina-hidraulica-serie-q15.html","title":{"rendered":"Cizalla de chatarra hidr\u00e1ulica de la serie Q15"},"content":{"rendered":"<h3>Especificaciones del producto<\/h3>\n<table border=\"1\" cellspacing=\"0\">\n<tbody>\n<tr>\n<td valign=\"top\" width=\"80\">\n<p align=\"center\">Modelo<\/p>\n<\/td>\n<td style=\"text-align: center;\" valign=\"top\" width=\"119\">Fuerza nominal (Kn\/Ton)<\/td>\n<td style=\"text-align: center;\" valign=\"top\" width=\"92\">Longitud de la cuchilla (mm)<\/td>\n<td style=\"text-align: center;\" valign=\"top\" width=\"112\">Tama\u00f1o m\u00e1ximo de corte (mm)<\/td>\n<td style=\"text-align: center;\" valign=\"top\" width=\"134\">Frecuencia de corte (veces\/min)<\/td>\n<td valign=\"top\" width=\"66\">\n<p style=\"text-align: center;\" align=\"center\">Potencia (kilovatios)<\/p>\n<\/td>\n<\/tr>\n<tr>\n<td valign=\"top\" width=\"80\">\n<p align=\"center\">Q15-630<\/p>\n<\/td>\n<td valign=\"top\" width=\"119\">\n<p align=\"center\">630\/63<\/p>\n<\/td>\n<td valign=\"top\" width=\"92\">\n<p align=\"center\">600<\/p>\n<\/td>\n<td valign=\"top\" width=\"112\">\n<p align=\"center\">8*600<\/p>\n<\/td>\n<td valign=\"top\" width=\"134\">\n<p align=\"center\">4-7<\/p>\n<\/td>\n<td valign=\"top\" width=\"66\">\n<p align=\"center\">11<\/p>\n<\/td>\n<\/tr>\n<tr>\n<td valign=\"top\" width=\"80\">\n<p align=\"center\">Q15-1250<\/p>\n<\/td>\n<td valign=\"top\" width=\"119\">\n<p align=\"center\">1250\/125<\/p>\n<\/td>\n<td valign=\"top\" width=\"92\">\n<p align=\"center\">800\/1200<\/p>\n<\/td>\n<td valign=\"top\" width=\"112\">\n<p align=\"center\">18*800\/1200<\/p>\n<\/td>\n<td valign=\"top\" width=\"134\">\n<p align=\"center\">5-10<\/p>\n<\/td>\n<td valign=\"top\" width=\"66\">\n<p align=\"center\">15<\/p>\n<\/td>\n<\/tr>\n<tr>\n<td valign=\"top\" width=\"80\">\n<p align=\"center\">Q15-1600<\/p>\n<\/td>\n<td valign=\"top\" width=\"119\">\n<p align=\"center\">1600\/160<\/p>\n<\/td>\n<td valign=\"top\" width=\"92\">\n<p align=\"center\">1200<\/p>\n<\/td>\n<td valign=\"top\" width=\"112\">\n<p align=\"center\">20*1200<\/p>\n<\/td>\n<td valign=\"top\" width=\"134\">\n<p align=\"center\">5-10<\/p>\n<\/td>\n<td valign=\"top\" width=\"66\">\n<p align=\"center\">18.5<\/p>\n<\/td>\n<\/tr>\n<tr>\n<td valign=\"top\" width=\"80\">\n<p align=\"center\">Q15-2000<\/p>\n<\/td>\n<td valign=\"top\" width=\"119\">\n<p align=\"center\">2000\/200<\/p>\n<\/td>\n<td valign=\"top\" width=\"92\">\n<p align=\"center\">1200<\/p>\n<\/td>\n<td valign=\"top\" width=\"112\">\n<p align=\"center\">25*1200<\/p>\n<\/td>\n<td valign=\"top\" width=\"134\">\n<p align=\"center\">5-10<\/p>\n<\/td>\n<td valign=\"top\" width=\"66\">\n<p align=\"center\">22<\/p>\n<\/td>\n<\/tr>\n<tr>\n<td valign=\"top\" width=\"80\">\n<p align=\"center\">Q15-2500<\/p>\n<\/td>\n<td valign=\"top\" width=\"119\">\n<p align=\"center\">2500\/250<\/p>\n<\/td>\n<td valign=\"top\" width=\"92\">\n<p align=\"center\">1200<\/p>\n<\/td>\n<td valign=\"top\" width=\"112\">\n<p align=\"center\">28*1200<\/p>\n<\/td>\n<td valign=\"top\" width=\"134\">\n<p align=\"center\">5-10<\/p>\n<\/td>\n<td valign=\"top\" width=\"66\">\n<p align=\"center\">37<\/p>\n<\/td>\n<\/tr>\n<tr>\n<td valign=\"top\" width=\"80\">\n<p align=\"center\">Q15-3150<\/p>\n<\/td>\n<td valign=\"top\" width=\"119\">\n<p align=\"center\">3150\/315<\/p>\n<\/td>\n<td valign=\"top\" width=\"92\">\n<p align=\"center\">1200\/1500<\/p>\n<\/td>\n<td valign=\"top\" width=\"112\">\n<p align=\"center\">32*1200\/1500<\/p>\n<\/td>\n<td valign=\"top\" width=\"134\">\n<p align=\"center\">4-8<\/p>\n<\/td>\n<td valign=\"top\" width=\"66\">\n<p align=\"center\">37<\/p>\n<\/td>\n<\/tr>\n<tr>\n<td valign=\"top\" width=\"80\">\n<p align=\"center\">Q15-4000<\/p>\n<\/td>\n<td valign=\"top\" width=\"119\">\n<p align=\"center\">4000\/400<\/p>\n<\/td>\n<td valign=\"top\" width=\"92\">\n<p align=\"center\">1200\/1800<\/p>\n<\/td>\n<td valign=\"top\" width=\"112\">\n<p align=\"center\">35*1200\/1800<\/p>\n<\/td>\n<td valign=\"top\" width=\"134\">\n<p align=\"center\">5-10<\/p>\n<\/td>\n<td valign=\"top\" width=\"66\">\n<p align=\"center\">44<\/p>\n<\/td>\n<\/tr>\n<tr>\n<td valign=\"top\" width=\"80\">\n<p align=\"center\">Q15-5000<\/p>\n<\/td>\n<td valign=\"top\" width=\"119\">\n<p align=\"center\">5000\/500<\/p>\n<\/td>\n<td valign=\"top\" width=\"92\">\n<p align=\"center\">1200\/2000<\/p>\n<\/td>\n<td valign=\"top\" width=\"112\">\n<p align=\"center\">40*1200\/2000<\/p>\n<\/td>\n<td valign=\"top\" width=\"134\">\n<p align=\"center\">5-10<\/p>\n<\/td>\n<td valign=\"top\" width=\"66\">\n<p align=\"center\">74<\/p>\n<\/td>\n<\/tr>\n<tr>\n<td valign=\"top\" width=\"80\">\n<p align=\"center\">Q15-6300<\/p>\n<\/td>\n<td valign=\"top\" width=\"119\">\n<p align=\"center\">6300\/630<\/p>\n<\/td>\n<td valign=\"top\" width=\"92\">\n<p align=\"center\">900<\/p>\n<\/td>\n<td valign=\"top\" width=\"112\">\n<p align=\"center\">45*900<\/p>\n<\/td>\n<td valign=\"top\" width=\"134\">\n<p align=\"center\">6-10<\/p>\n<\/td>\n<td valign=\"top\" width=\"66\">\n<p align=\"center\">90<\/p>\n<\/td>\n<\/tr>\n<\/tbody>\n<\/table>\n<h3>Aplicaciones<\/h3>\n<p> La <strong>m\u00e1quina cizalla guillotina hidr\u00e1ulica<\/strong> tiene amplias aplicaciones en diversas industrias debido a su capacidad para cortar con precisi\u00f3n l\u00e1minas de metal gruesas y pesadas. A continuaci\u00f3n se presentan algunas de las industrias clave en las que se utiliza com\u00fanmente la cizalla guillotina hidr\u00e1ulica: <\/p>\n<ol>\n<li><strong>Fabricaci\u00f3n<\/strong>: Se emplea ampliamente en la fabricaci\u00f3n de productos met\u00e1licos, donde se requiere un corte preciso de l\u00e1minas y placas.<\/li>\n<li><strong>Automotriz<\/strong>: Se utiliza en la industria automotriz para cortar metal para partes de carrocer\u00eda y otros componentes estructurales de veh\u00edculos.<\/li>\n<li><strong>Construcci\u00f3n naval<\/strong>: Vital para cortar placas de acero y otros materiales utilizados en la construcci\u00f3n y reparaci\u00f3n de barcos.<\/li>\n<li><strong>Construcci\u00f3n<\/strong>: Ayuda a cortar acero estructural para edificios y otras infraestructuras, incluidas vigas y barras de refuerzo.<\/li>\n<li><strong>Aeroespacial<\/strong>: Se utiliza para cortar aleaciones y metales de alta resistencia para fabricar piezas de aviones.<\/li>\n<li><strong>Fabricaci\u00f3n de metales<\/strong>: integral para talleres que personalizan trabajos en metal, ayudando a cortar materiales seg\u00fan especificaciones exactas para diversos proyectos.<\/li>\n<li><strong>Reciclaje<\/strong>: Se utiliza en instalaciones de reciclaje de metales para cortar y preparar chatarra para su procesamiento y reventa.<\/li>\n<li><strong>Industria ferroviaria<\/strong>: ayuda a cortar y dar forma a los metales utilizados en la construcci\u00f3n y mantenimiento de v\u00edas y maquinaria ferroviaria.<\/li>\n<\/ol>\n<h3>Proveedores cooperativos<\/h3>\n<p><img fetchpriority=\"high\" decoding=\"async\" class=\"wp-image-1707 aligncenter\" src=\"https:\/\/www.unitetopbalermachine.com\/wp-content\/uploads\/2024\/05\/COOPERATIVE-SUPPLIERS-1024x256.jpg\" alt=\"Proveedores cooperativos\" width=\"701\" height=\"175\" srcset=\"https:\/\/www.unitetopbalermachine.com\/wp-content\/uploads\/2024\/05\/COOPERATIVE-SUPPLIERS-1024x256.jpg 1024w, https:\/\/www.unitetopbalermachine.com\/wp-content\/uploads\/2024\/05\/COOPERATIVE-SUPPLIERS-600x150.jpg 600w, https:\/\/www.unitetopbalermachine.com\/wp-content\/uploads\/2024\/05\/COOPERATIVE-SUPPLIERS-300x75.jpg 300w, https:\/\/www.unitetopbalermachine.com\/wp-content\/uploads\/2024\/05\/COOPERATIVE-SUPPLIERS-768x192.jpg 768w, https:\/\/www.unitetopbalermachine.com\/wp-content\/uploads\/2024\/05\/COOPERATIVE-SUPPLIERS.jpg 1200w\" sizes=\"(max-width: 701px) 100vw, 701px\" \/><\/p>\n<div id=\"highlighter--hover-tools\" style=\"display: none;\">\n<div id=\"highlighter--hover-tools--container\">\n<div class=\"highlighter--icon highlighter--icon-copy\" title=\"Copiar\"><\/div>\n<div class=\"highlighter--icon highlighter--icon-change-color\" title=\"Cambiar color\"><\/div>\n<div class=\"highlighter--icon highlighter--icon-delete\" title=\"Eliminar\"><\/div>\n<\/div>\n<\/div>\n<div id=\"highlighter--hover-tools\" style=\"display: none;\">\n<div id=\"highlighter--hover-tools--container\">\n<div class=\"highlighter--icon highlighter--icon-copy\" title=\"Copiar\"><\/div>\n<div class=\"highlighter--icon highlighter--icon-change-color\" title=\"Cambiar color\"><\/div>\n<div class=\"highlighter--icon highlighter--icon-delete\" title=\"Eliminar\"><\/div>\n<\/div>\n<\/div>\n","protected":false},"excerpt":{"rendered":"<ol>\n<li>Cuenta con un accionamiento hidr\u00e1ulico para un funcionamiento sencillo y un mantenimiento sencillo.<\/li>\n<li>Ofrece varias opciones de fuerza de corte y longitudes de hoja para adaptarse a diferentes necesidades de corte.<\/li>\n<li>No requiere pernos de base y puede funcionar con un motor di\u00e9sel opcional.<\/li>\n<li>Las longitudes de las hojas incluyen 600 mm, 800 mm y 900 mm.<\/li>\n<li>Proporciona doce niveles de fuerza de corte, que van desde 120 a 500 toneladas.<\/li>\n<\/ol>\n<table border=\"1\" cellspacing=\"0\">\n<tbody>\n<tr>\n<td valign=\"top\" width=\"225\">Modelo<\/td>\n<td valign=\"top\" width=\"225\">Serie Q15<\/td>\n<\/tr>\n<tr>\n<td valign=\"top\" width=\"225\">Fuerza m\u00e1xima de corte<\/td>\n<td valign=\"top\" width=\"225\">120-500 toneladas<\/td>\n<\/tr>\n<tr>\n<td valign=\"top\" width=\"225\">Longitud de la hoja<\/td>\n<td valign=\"top\" width=\"225\">600-900mm<\/td>\n<\/tr>\n<tr>\n<td valign=\"top\" width=\"225\">Tama\u00f1o de corte<\/td>\n<td valign=\"top\" width=\"225\">18*500-45*700mm<\/td>\n<\/tr>\n<tr>\n<td valign=\"top\" width=\"225\">Motor<\/td>\n<td valign=\"top\" width=\"225\">15 kw-60 kw<\/td>\n<\/tr>\n<tr>\n<td valign=\"top\" width=\"225\">Color<\/td>\n<td valign=\"top\" width=\"225\">Personalizado<\/td>\n<\/tr>\n<tr>\n<td valign=\"top\" width=\"225\">Operaci\u00f3n<\/td>\n<td valign=\"top\" width=\"225\">Control manual<\/td>\n<\/tr>\n<\/tbody>\n<\/table>\n","protected":false},"featured_media":3970,"template":"","meta":{"site-sidebar-layout":"default","site-content-layout":"","ast-site-content-layout":"default","site-content-style":"default","site-sidebar-style":"default","ast-global-header-display":"","ast-banner-title-visibility":"","ast-main-header-display":"","ast-hfb-above-header-display":"","ast-hfb-below-header-display":"","ast-hfb-mobile-header-display":"","site-post-title":"","ast-breadcrumbs-content":"","ast-featured-img":"","footer-sml-layout":"","theme-transparent-header-meta":"default","adv-header-id-meta":"","stick-header-meta":"","header-above-stick-meta":"","header-main-stick-meta":"","header-below-stick-meta":"","astra-migrate-meta-layouts":"default","ast-page-background-enabled":"default","ast-page-background-meta":{"desktop":{"background-color":"var(--ast-global-color-4)","background-image":"","background-repeat":"repeat","background-position":"center center","background-size":"auto","background-attachment":"scroll","background-type":"","background-media":"","overlay-type":"","overlay-color":"","overlay-opacity":"","overlay-gradient":""},"tablet":{"background-color":"","background-image":"","background-repeat":"repeat","background-position":"center center","background-size":"auto","background-attachment":"scroll","background-type":"","background-media":"","overlay-type":"","overlay-color":"","overlay-opacity":"","overlay-gradient":""},"mobile":{"background-color":"","background-image":"","background-repeat":"repeat","background-position":"center center","background-size":"auto","background-attachment":"scroll","background-type":"","background-media":"","overlay-type":"","overlay-color":"","overlay-opacity":"","overlay-gradient":""}},"ast-content-background-meta":{"desktop":{"background-color":"var(--ast-global-color-5)","background-image":"","background-repeat":"repeat","background-position":"center center","background-size":"auto","background-attachment":"scroll","background-type":"","background-media":"","overlay-type":"","overlay-color":"","overlay-opacity":"","overlay-gradient":""},"tablet":{"background-color":"var(--ast-global-color-5)","background-image":"","background-repeat":"repeat","background-position":"center center","background-size":"auto","background-attachment":"scroll","background-type":"","background-media":"","overlay-type":"","overlay-color":"","overlay-opacity":"","overlay-gradient":""},"mobile":{"background-color":"var(--ast-global-color-5)","background-image":"","background-repeat":"repeat","background-position":"center center","background-size":"auto","background-attachment":"scroll","background-type":"","background-media":"","overlay-type":"","overlay-color":"","overlay-opacity":"","overlay-gradient":""}}},"product_brand":[],"product_cat":[42],"product_tag":[],"class_list":{"0":"post-3106","1":"product","2":"type-product","3":"status-publish","4":"has-post-thumbnail","6":"product_cat-cizalla-para-chatarra","7":"desktop-align-left","8":"tablet-align-left","9":"mobile-align-left","11":"first","12":"instock","13":"shipping-taxable","14":"product-type-simple"},"_links":{"self":[{"href":"https:\/\/www.unitetopbalermachine.com\/es\/wp-json\/wp\/v2\/product\/3106","targetHints":{"allow":["GET"]}}],"collection":[{"href":"https:\/\/www.unitetopbalermachine.com\/es\/wp-json\/wp\/v2\/product"}],"about":[{"href":"https:\/\/www.unitetopbalermachine.com\/es\/wp-json\/wp\/v2\/types\/product"}],"wp:featuredmedia":[{"embeddable":true,"href":"https:\/\/www.unitetopbalermachine.com\/es\/wp-json\/wp\/v2\/media\/3970"}],"wp:attachment":[{"href":"https:\/\/www.unitetopbalermachine.com\/es\/wp-json\/wp\/v2\/media?parent=3106"}],"wp:term":[{"taxonomy":"product_brand","embeddable":true,"href":"https:\/\/www.unitetopbalermachine.com\/es\/wp-json\/wp\/v2\/product_brand?post=3106"},{"taxonomy":"product_cat","embeddable":true,"href":"https:\/\/www.unitetopbalermachine.com\/es\/wp-json\/wp\/v2\/product_cat?post=3106"},{"taxonomy":"product_tag","embeddable":true,"href":"https:\/\/www.unitetopbalermachine.com\/es\/wp-json\/wp\/v2\/product_tag?post=3106"}],"curies":[{"name":"wp","href":"https:\/\/api.w.org\/{rel}","templated":true}]}}