{"id":3095,"date":"2024-05-06T11:58:33","date_gmt":"2024-05-06T11:58:33","guid":{"rendered":"https:\/\/www.unitetopbalermachine.com\/product\/cizalla-hidraulica-de-chatarra-de-alta-resistencia-serie-q91y\/"},"modified":"2025-03-10T02:09:01","modified_gmt":"2025-03-10T02:09:01","slug":"cizalla-hidraulica-de-chatarra-de-alta-resistencia-serie-q91y","status":"publish","type":"product","link":"https:\/\/www.unitetopbalermachine.com\/es\/product\/cizalla-hidraulica-de-chatarra-de-alta-resistencia-serie-q91y.html","title":{"rendered":"Cizalla hidr\u00e1ulica de p\u00f3rtico para trabajos pesados \u200b\u200bserie Q91Y"},"content":{"rendered":"<h2>Especificaciones del producto<\/h2>\n<table border=\"1\" cellspacing=\"0\">\n<tbody>\n<tr>\n<td valign=\"top\" width=\"103\">\n<p align=\"center\">Modelo<\/p>\n<\/td>\n<td valign=\"top\" width=\"122\">Fuerza de corte m\u00e1xima (tonelada)<\/td>\n<td valign=\"top\" width=\"158\">\n<p align=\"center\">Tama\u00f1o de la c\u00e1mara (mm)<\/p>\n<\/td>\n<td valign=\"top\" width=\"92\">Longitud de la hoja (mm)<\/td>\n<td valign=\"top\" width=\"112\">\n<p align=\"center\">Capacidad (t\/h)<\/p>\n<\/td>\n<td valign=\"top\" width=\"134\">Frecuencia de corte (veces\/min)<\/td>\n<td valign=\"top\" width=\"66\">\n<p align=\"center\">Potencia (kilovatios)<\/p>\n<\/td>\n<\/tr>\n<tr>\n<td valign=\"top\" width=\"103\">\n<p align=\"center\">Q91Y-2500<\/p>\n<\/td>\n<td valign=\"top\" width=\"122\">\n<p align=\"center\">250<\/p>\n<\/td>\n<td valign=\"top\" width=\"158\">\n<p align=\"center\">3000\u00d71200\u00d7900<\/p>\n<\/td>\n<td valign=\"top\" width=\"92\">\n<p align=\"center\">1200<\/p>\n<\/td>\n<td valign=\"top\" width=\"112\">\n<p align=\"center\">2-3T<\/p>\n<\/td>\n<td valign=\"top\" width=\"134\">\n<p align=\"center\">3-5<\/p>\n<\/td>\n<td valign=\"top\" width=\"66\">\n<p align=\"center\">2\u00d730<\/p>\n<\/td>\n<\/tr>\n<tr>\n<td valign=\"top\" width=\"103\">\n<p align=\"center\">Q91Y-3150<\/p>\n<\/td>\n<td valign=\"top\" width=\"122\">\n<p align=\"center\">315<\/p>\n<\/td>\n<td valign=\"top\" width=\"158\">\n<p align=\"center\">5000\u00d71400\u00d71200<\/p>\n<\/td>\n<td valign=\"top\" width=\"92\">\n<p align=\"center\">1400<\/p>\n<\/td>\n<td valign=\"top\" width=\"112\">\n<p align=\"center\">3-4T<\/p>\n<\/td>\n<td valign=\"top\" width=\"134\">\n<p align=\"center\">3-5<\/p>\n<\/td>\n<td valign=\"top\" width=\"66\">\n<p align=\"center\">45+22<\/p>\n<\/td>\n<\/tr>\n<tr>\n<td valign=\"top\" width=\"103\">\n<p align=\"center\">Q91Y-4000<\/p>\n<\/td>\n<td valign=\"top\" width=\"122\">\n<p align=\"center\">400<\/p>\n<\/td>\n<td valign=\"top\" width=\"158\">\n<p align=\"center\">6000\u00d71400\u00d71200<\/p>\n<\/td>\n<td valign=\"top\" width=\"92\">\n<p align=\"center\">1400<\/p>\n<\/td>\n<td valign=\"top\" width=\"112\">\n<p align=\"center\">5-6T<\/p>\n<\/td>\n<td valign=\"top\" width=\"134\">\n<p align=\"center\">3-5<\/p>\n<\/td>\n<td valign=\"top\" width=\"66\">\n<p align=\"center\">2\u00d745<\/p>\n<\/td>\n<\/tr>\n<tr>\n<td valign=\"top\" width=\"103\">\n<p align=\"center\">Q91Y-5000<\/p>\n<\/td>\n<td valign=\"top\" width=\"122\">\n<p align=\"center\">500<\/p>\n<\/td>\n<td valign=\"top\" width=\"158\">\n<p align=\"center\">6000\u00d71600\u00d7900<\/p>\n<\/td>\n<td valign=\"top\" width=\"92\">\n<p align=\"center\">1600<\/p>\n<\/td>\n<td valign=\"top\" width=\"112\">\n<p align=\"center\">6-8T<\/p>\n<\/td>\n<td valign=\"top\" width=\"134\">\n<p align=\"center\">3-5<\/p>\n<\/td>\n<td valign=\"top\" width=\"66\">\n<p align=\"center\">3\u00d745<\/p>\n<\/td>\n<\/tr>\n<tr>\n<td valign=\"top\" width=\"103\">\n<p align=\"center\">Q91Y-6300<\/p>\n<\/td>\n<td valign=\"top\" width=\"122\">\n<p align=\"center\">630<\/p>\n<\/td>\n<td valign=\"top\" width=\"158\">\n<p align=\"center\">8000\u00d71800\u00d71200<\/p>\n<\/td>\n<td valign=\"top\" width=\"92\">\n<p align=\"center\">1800<\/p>\n<\/td>\n<td valign=\"top\" width=\"112\">\n<p align=\"center\">12-15T<\/p>\n<\/td>\n<td valign=\"top\" width=\"134\">\n<p align=\"center\">3-5<\/p>\n<\/td>\n<td valign=\"top\" width=\"66\">\n<p align=\"center\">4\u00d745<\/p>\n<\/td>\n<\/tr>\n<tr>\n<td valign=\"top\" width=\"103\">\n<p align=\"center\">Q91Y-8000<\/p>\n<\/td>\n<td valign=\"top\" width=\"122\">\n<p align=\"center\">800<\/p>\n<\/td>\n<td valign=\"top\" width=\"158\">\n<p align=\"center\">8000\u00d71800\u00d71200<\/p>\n<\/td>\n<td valign=\"top\" width=\"92\">\n<p align=\"center\">1800<\/p>\n<\/td>\n<td valign=\"top\" width=\"112\">\n<p align=\"center\">16-18T<\/p>\n<\/td>\n<td valign=\"top\" width=\"134\">\n<p align=\"center\">3-5<\/p>\n<\/td>\n<td valign=\"top\" width=\"66\">\n<p align=\"center\">5\u00d745<\/p>\n<\/td>\n<\/tr>\n<tr>\n<td valign=\"top\" width=\"103\">\n<p align=\"center\">Q91Y-10000<\/p>\n<\/td>\n<td valign=\"top\" width=\"122\">\n<p align=\"center\">1000<\/p>\n<\/td>\n<td valign=\"top\" width=\"158\">\n<p align=\"center\">8000\u00d71800\u00d71200<\/p>\n<\/td>\n<td valign=\"top\" width=\"92\">\n<p align=\"center\">1800<\/p>\n<\/td>\n<td valign=\"top\" width=\"112\">\n<p align=\"center\">18-22T<\/p>\n<\/td>\n<td valign=\"top\" width=\"134\">\n<p align=\"center\">3-5<\/p>\n<\/td>\n<td valign=\"top\" width=\"66\">\n<p align=\"center\">6\u00d745<\/p>\n<\/td>\n<\/tr>\n<tr>\n<td valign=\"top\" width=\"103\">\n<p align=\"center\">Q91Y-12500<\/p>\n<\/td>\n<td valign=\"top\" width=\"122\">\n<p align=\"center\">1250<\/p>\n<\/td>\n<td valign=\"top\" width=\"158\">\n<p align=\"center\">10000\u00d72000\u00d71400<\/p>\n<\/td>\n<td valign=\"top\" width=\"92\">\n<p align=\"center\">2000<\/p>\n<\/td>\n<td valign=\"top\" width=\"112\">\n<p align=\"center\">20-25T<\/p>\n<\/td>\n<td valign=\"top\" width=\"134\">\n<p align=\"center\">3-5<\/p>\n<\/td>\n<td valign=\"top\" width=\"66\">\n<p align=\"center\">7\u00d745<\/p>\n<\/td>\n<\/tr>\n<\/tbody>\n<\/table>\n<h2>V\u00eddeo del proceso de corte<\/h2>\n<div class=\"ast-oembed-container \" style=\"height: 100%;\"><iframe title=\"Q91Y heavy duty scrap metal shear machine\" width=\"500\" height=\"281\" src=\"https:\/\/www.youtube.com\/embed\/tC2AMSLZOd0?feature=oembed\" frameborder=\"0\" allow=\"accelerometer; autoplay; clipboard-write; encrypted-media; gyroscope; picture-in-picture; web-share\" referrerpolicy=\"strict-origin-when-cross-origin\" allowfullscreen><\/iframe><\/div>\n<h2>Aplicaciones<\/h2>\n<p>Las cizallas de p\u00f3rtico de alta resistencia son fundamentales para la manipulaci\u00f3n y el procesamiento eficientes de materiales en varias industrias. Estas son las principales industrias en las que se utilizan ampliamente las cizallas de p\u00f3rtico:<\/p>\n<ol>\n<li><strong>Reciclaje de chatarra:<\/strong> las cizallas de p\u00f3rtico son fundamentales en las instalaciones de reciclaje, ya que se utilizan para cortar y preparar grandes piezas de chatarra para reciclarlas o revenderlas.<\/li>\n<li><strong>Automotriz<\/strong>: Se utiliza para desmantelar veh\u00edculos viejos e inutilizables, cortando piezas met\u00e1licas como marcos y paneles de carrocer\u00eda para su reciclaje.<\/li>\n<li><strong>Construcci\u00f3n y demolici\u00f3n<\/strong>: ayuda a gestionar los materiales de desecho cortando vigas met\u00e1licas, tuber\u00edas y otros restos de construcci\u00f3n, lo que facilita el reciclaje y la eliminaci\u00f3n.<\/li>\n<li><strong>Fabricaci\u00f3n:<\/strong> En los sectores manufactureros, especialmente aquellos que involucran la fabricaci\u00f3n de metales, las cizallas de p\u00f3rtico ayudan a cortar piezas de metal sobrantes o no deseadas.<\/li>\n<li><strong>Construcci\u00f3n y reparaci\u00f3n naval<\/strong>: \u00datil para cortar vigas y placas met\u00e1licas gruesas durante la construcci\u00f3n o desmantelamiento de barcos.<\/li>\n<li><strong>Industria ferroviaria<\/strong>: empleada para cortar rieles y otras piezas met\u00e1licas durante el mantenimiento y desmantelamiento de v\u00edas f\u00e9rreas.<\/li>\n<\/ol>\n<h2>Proveedores cooperativos<\/h2>\n<p><img fetchpriority=\"high\" decoding=\"async\" class=\"wp-image-1707 aligncenter\" src=\"https:\/\/www.unitetopbalermachine.com\/wp-content\/uploads\/2024\/05\/COOPERATIVE-SUPPLIERS-1024x256.jpg\" alt=\"Proveedores cooperativos\" width=\"701\" height=\"175\" srcset=\"https:\/\/www.unitetopbalermachine.com\/wp-content\/uploads\/2024\/05\/COOPERATIVE-SUPPLIERS-1024x256.jpg 1024w, https:\/\/www.unitetopbalermachine.com\/wp-content\/uploads\/2024\/05\/COOPERATIVE-SUPPLIERS-600x150.jpg 600w, https:\/\/www.unitetopbalermachine.com\/wp-content\/uploads\/2024\/05\/COOPERATIVE-SUPPLIERS-300x75.jpg 300w, https:\/\/www.unitetopbalermachine.com\/wp-content\/uploads\/2024\/05\/COOPERATIVE-SUPPLIERS-768x192.jpg 768w, https:\/\/www.unitetopbalermachine.com\/wp-content\/uploads\/2024\/05\/COOPERATIVE-SUPPLIERS.jpg 1200w\" sizes=\"(max-width: 701px) 100vw, 701px\" \/><\/p>\n","protected":false},"excerpt":{"rendered":"<ul>\n<li>Las cizallas de p\u00f3rtico tienen una estructura de placa de acero soldada robusta que se somete a un envejecimiento artificial y un recocido para aliviar la tensi\u00f3n de la soldadura, lo que garantiza una alta precisi\u00f3n y estabilidad.<\/li>\n<li>Las hojas, fabricadas con acero duradero para herramientas de corte, ofrecen una mayor vida \u00fatil y longevidad.<\/li>\n<li>La holgura de la hoja es ajustable, lo que mejora tanto la precisi\u00f3n de trabajo de la m\u00e1quina como la vida \u00fatil de la hoja.<\/li>\n<li>La caja de material de la cizalla de p\u00f3rtico est\u00e1 hecha de acero estructural soldado y revestida con una placa de acero NM500 para una resistencia superior al desgaste. Cuenta con un cabezal de empuje accionado por un sistema hidr\u00e1ulico dedicado, que ofrece un funcionamiento suave y autom\u00e1tico y una protecci\u00f3n confiable contra sobrecargas.<\/li>\n<li>El sistema hidr\u00e1ulico de la m\u00e1quina tiene un dise\u00f1o exclusivo con derechos de propiedad. Incluye un circuito diferencial en el cilindro de corte primario para mejorar la eficiencia de la energ\u00eda cin\u00e9tica, con un dise\u00f1o compacto que reduce las conexiones hidr\u00e1ulicas y el calentamiento del sistema para un rendimiento confiable.<\/li>\n<li>El tanque de aceite est\u00e1 cuidadosamente dise\u00f1ado con un volumen amplio y una alta rigidez estructural, con una partici\u00f3n que separa los puertos de retorno y succi\u00f3n de aceite para minimizar el calentamiento del aceite hidr\u00e1ulico de manera efectiva.<\/li>\n<\/ul>\n","protected":false},"featured_media":5475,"template":"","meta":{"site-sidebar-layout":"default","site-content-layout":"","ast-site-content-layout":"default","site-content-style":"default","site-sidebar-style":"default","ast-global-header-display":"","ast-banner-title-visibility":"","ast-main-header-display":"","ast-hfb-above-header-display":"","ast-hfb-below-header-display":"","ast-hfb-mobile-header-display":"","site-post-title":"","ast-breadcrumbs-content":"","ast-featured-img":"","footer-sml-layout":"","theme-transparent-header-meta":"default","adv-header-id-meta":"","stick-header-meta":"","header-above-stick-meta":"","header-main-stick-meta":"","header-below-stick-meta":"","astra-migrate-meta-layouts":"set","ast-page-background-enabled":"default","ast-page-background-meta":{"desktop":{"background-color":"var(--ast-global-color-4)","background-image":"","background-repeat":"repeat","background-position":"center center","background-size":"auto","background-attachment":"scroll","background-type":"","background-media":"","overlay-type":"","overlay-color":"","overlay-opacity":"","overlay-gradient":""},"tablet":{"background-color":"","background-image":"","background-repeat":"repeat","background-position":"center center","background-size":"auto","background-attachment":"scroll","background-type":"","background-media":"","overlay-type":"","overlay-color":"","overlay-opacity":"","overlay-gradient":""},"mobile":{"background-color":"","background-image":"","background-repeat":"repeat","background-position":"center center","background-size":"auto","background-attachment":"scroll","background-type":"","background-media":"","overlay-type":"","overlay-color":"","overlay-opacity":"","overlay-gradient":""}},"ast-content-background-meta":{"desktop":{"background-color":"var(--ast-global-color-5)","background-image":"","background-repeat":"repeat","background-position":"center center","background-size":"auto","background-attachment":"scroll","background-type":"","background-media":"","overlay-type":"","overlay-color":"","overlay-opacity":"","overlay-gradient":""},"tablet":{"background-color":"var(--ast-global-color-5)","background-image":"","background-repeat":"repeat","background-position":"center center","background-size":"auto","background-attachment":"scroll","background-type":"","background-media":"","overlay-type":"","overlay-color":"","overlay-opacity":"","overlay-gradient":""},"mobile":{"background-color":"var(--ast-global-color-5)","background-image":"","background-repeat":"repeat","background-position":"center center","background-size":"auto","background-attachment":"scroll","background-type":"","background-media":"","overlay-type":"","overlay-color":"","overlay-opacity":"","overlay-gradient":""}}},"product_brand":[],"product_cat":[42],"product_tag":[],"class_list":{"0":"post-3095","1":"product","2":"type-product","3":"status-publish","4":"has-post-thumbnail","6":"product_cat-cizalla-para-chatarra","7":"desktop-align-left","8":"tablet-align-left","9":"mobile-align-left","11":"first","12":"instock","13":"shipping-taxable","14":"product-type-simple"},"_links":{"self":[{"href":"https:\/\/www.unitetopbalermachine.com\/es\/wp-json\/wp\/v2\/product\/3095","targetHints":{"allow":["GET"]}}],"collection":[{"href":"https:\/\/www.unitetopbalermachine.com\/es\/wp-json\/wp\/v2\/product"}],"about":[{"href":"https:\/\/www.unitetopbalermachine.com\/es\/wp-json\/wp\/v2\/types\/product"}],"wp:featuredmedia":[{"embeddable":true,"href":"https:\/\/www.unitetopbalermachine.com\/es\/wp-json\/wp\/v2\/media\/5475"}],"wp:attachment":[{"href":"https:\/\/www.unitetopbalermachine.com\/es\/wp-json\/wp\/v2\/media?parent=3095"}],"wp:term":[{"taxonomy":"product_brand","embeddable":true,"href":"https:\/\/www.unitetopbalermachine.com\/es\/wp-json\/wp\/v2\/product_brand?post=3095"},{"taxonomy":"product_cat","embeddable":true,"href":"https:\/\/www.unitetopbalermachine.com\/es\/wp-json\/wp\/v2\/product_cat?post=3095"},{"taxonomy":"product_tag","embeddable":true,"href":"https:\/\/www.unitetopbalermachine.com\/es\/wp-json\/wp\/v2\/product_tag?post=3095"}],"curies":[{"name":"wp","href":"https:\/\/api.w.org\/{rel}","templated":true}]}}