{"id":12763,"date":"2025-03-13T01:04:10","date_gmt":"2025-03-13T01:04:10","guid":{"rendered":"https:\/\/www.unitetopbalermachine.com\/product\/cizalla-hidraulica-para-contenedores-de-chatarra-serie-ws-con-control-automatico\/"},"modified":"2026-03-18T10:27:41","modified_gmt":"2026-03-18T10:27:41","slug":"cizalla-hidraulica-para-contenedores-de-chatarra-serie-ws-con-control-automatico","status":"publish","type":"product","link":"https:\/\/www.unitetopbalermachine.com\/es\/cizalla-hidraulica-para-contenedores-de-chatarra-serie-ws-con-control-automatico.html","title":{"rendered":"Cizalla hidr\u00e1ulica para contenedores de chatarra, serie WS, con control autom\u00e1tico"},"content":{"rendered":"<h2>Detalle de producci\u00f3n<\/h2>\n<p>La cizalla hidr\u00e1ulica para contenedores de chatarra de la serie WS es muy beneficiosa para la industria del reciclaje de metales. Actualmente, todos los pa\u00edses se enfrentan a la escasez de recursos. El enfoque \u00f3ptimo para el reciclaje es un tema importante tanto en los pa\u00edses industrializados como en desarrollo. Para satisfacer las necesidades de nuestros clientes, dise\u00f1amos una variedad de cizalladoras hidr\u00e1ulicas para contenedores de chatarra que les permiten manipular su chatarra.<\/p>\n<p>Las cizallas hidr\u00e1ulicas para contenedores de chatarra de la serie WS son ideales para la recuperaci\u00f3n y el procesamiento, as\u00ed como para las industrias de fundici\u00f3n de hierro y acero de gran tama\u00f1o y de metales no ferrosos. Estas cizallas pueden cortar una variedad de formas de metal, como acero redondo, cuadrado, de canal, angular, en I y en placa, as\u00ed como todo tipo de estructuras de chatarra y acero para chatarra de corte en fr\u00edo, lo que facilita su embalaje, almacenamiento y transporte, a la vez que permite una fundici\u00f3n de carga cualificada.<\/p>\n<h3>Caracter\u00edsticas<\/h3>\n<ul>\n<li>La cizalla hidr\u00e1ulica para contenedores de chatarra de la serie WS utiliza un accionamiento hidr\u00e1ulico.<\/li>\n<li>En comparaci\u00f3n con las cizallas mec\u00e1nicas tradicionales, nuestra cizalla hidr\u00e1ulica para contenedores de chatarra serie WS ofrece un dise\u00f1o compacto, estructura liviana, baja inercia, ruido reducido y funcionamiento suave.<\/li>\n<li>Simple y segura de operar, la cizalla hidr\u00e1ulica para contenedores de chatarra de la serie WS permite un f\u00e1cil ajuste de la cuchilla de cizallamiento.<\/li>\n<li>La cizalla hidr\u00e1ulica para contenedores de chatarra de la serie WS es duradera y aumenta la productividad.<\/li>\n<li>El control autom\u00e1tico PLC es f\u00e1cil de utilizar y mantener.<\/li>\n<li>La cizalla hidr\u00e1ulica para contenedores de chatarra de nuestra serie WS es adecuada para una variedad de tipos de metales.<\/li>\n<\/ul>\n<h2>Aplicaciones<\/h2>\n<p><img fetchpriority=\"high\" decoding=\"async\" class=\"alignnone size-full wp-image-11466\" src=\"https:\/\/www.unitetopbalermachine.com\/wp-content\/uploads\/2025\/03\/Automatic-Control-Hydraulic-Scrap-Metal-Container-Shear-Machine-Applications.jpg\" alt=\"Aplicaciones de la cizalla hidr\u00e1ulica de contenedores de chatarra con control autom\u00e1tico\" width=\"1200\" height=\"205\" srcset=\"https:\/\/www.unitetopbalermachine.com\/wp-content\/uploads\/2025\/03\/Automatic-Control-Hydraulic-Scrap-Metal-Container-Shear-Machine-Applications.jpg 1200w, https:\/\/www.unitetopbalermachine.com\/wp-content\/uploads\/2025\/03\/Automatic-Control-Hydraulic-Scrap-Metal-Container-Shear-Machine-Applications-300x51.jpg 300w, https:\/\/www.unitetopbalermachine.com\/wp-content\/uploads\/2025\/03\/Automatic-Control-Hydraulic-Scrap-Metal-Container-Shear-Machine-Applications-1024x175.jpg 1024w, https:\/\/www.unitetopbalermachine.com\/wp-content\/uploads\/2025\/03\/Automatic-Control-Hydraulic-Scrap-Metal-Container-Shear-Machine-Applications-768x131.jpg 768w, https:\/\/www.unitetopbalermachine.com\/wp-content\/uploads\/2025\/03\/Automatic-Control-Hydraulic-Scrap-Metal-Container-Shear-Machine-Applications-600x103.jpg 600w\" sizes=\"(max-width: 1200px) 100vw, 1200px\" \/><\/p>\n<h2>Par\u00e1metros t\u00e9cnicos<\/h2>\n<table>\n<tbody>\n<tr>\n<td><strong>Modelo<\/strong><\/td>\n<td><strong>Fuerza m\u00e1xima de corte (tonelada)<\/strong><\/td>\n<td><strong>Longitud de la hoja (mm)<\/strong><\/td>\n<td><strong>Altura de corte (mm)<\/strong><\/td>\n<td><strong>Frecuencia de corte (veces\/min)<\/strong><\/td>\n<td><strong>Fuerza<\/strong><strong>\uff08kilovatio\uff09<\/strong><\/td>\n<\/tr>\n<tr>\n<td>WS-630<\/td>\n<td>630<\/td>\n<td>1400<\/td>\n<td>420\/300<\/td>\n<td>8-10<\/td>\n<td>110<\/td>\n<\/tr>\n<tr>\n<td>WS-800<\/td>\n<td>800<\/td>\n<td>1600<\/td>\n<td>420\/300<\/td>\n<td>12-18<\/td>\n<td>150<\/td>\n<\/tr>\n<tr>\n<td>WS-1000<\/td>\n<td>1000<\/td>\n<td>1600\/2100<\/td>\n<td>420\/500<\/td>\n<td>15-25<\/td>\n<td>275<\/td>\n<\/tr>\n<\/tbody>\n<\/table>\n<h2>Proveedores cooperativos<\/h2>\n<p><img decoding=\"async\" class=\"size-full wp-image-11297 aligncenter\" src=\"https:\/\/www.unitetopbalermachine.com\/wp-content\/uploads\/2025\/03\/Cooperative-Suppliers.jpg\" alt=\"Proveedores cooperativos\" width=\"900\" height=\"422\" srcset=\"https:\/\/www.unitetopbalermachine.com\/wp-content\/uploads\/2025\/03\/Cooperative-Suppliers.jpg 900w, https:\/\/www.unitetopbalermachine.com\/wp-content\/uploads\/2025\/03\/Cooperative-Suppliers-300x141.jpg 300w, https:\/\/www.unitetopbalermachine.com\/wp-content\/uploads\/2025\/03\/Cooperative-Suppliers-768x360.jpg 768w, https:\/\/www.unitetopbalermachine.com\/wp-content\/uploads\/2025\/03\/Cooperative-Suppliers-600x281.jpg 600w\" sizes=\"(max-width: 900px) 100vw, 900px\" \/><\/p>\n<h2>\u00a1Vea la m\u00e1quina empacadora-empacadora hidr\u00e1ulica para contenedores de chatarra de la serie WS para cortar metal en acci\u00f3n!<\/h2>\n<div class=\"ast-oembed-container \" style=\"height: 100%;\"><iframe title=\"Chinese Manufacture Automatic Control WS Series Hydraulic Scrap Metal Container Shear Machine\" width=\"500\" height=\"281\" src=\"https:\/\/www.youtube.com\/embed\/QnC-QROUEIU?feature=oembed\" frameborder=\"0\" allow=\"accelerometer; autoplay; clipboard-write; encrypted-media; gyroscope; picture-in-picture; web-share\" referrerpolicy=\"strict-origin-when-cross-origin\" allowfullscreen><\/iframe><\/div>\n","protected":false},"excerpt":{"rendered":"<p>Con m\u00e1s de 25 a\u00f1os de experiencia en producci\u00f3n, hemos entregado m\u00e1s de 3.000 soluciones de reciclaje de chatarra personalizadas.<\/p>\n<table>\n<tbody>\n<tr>\n<td>Lugar de origen<\/td>\n<td>JIANGYIN, CHINA<\/td>\n<\/tr>\n<tr>\n<td>Modelo<\/td>\n<td>WS-630<\/td>\n<\/tr>\n<tr>\n<td>Fuerza m\u00e1xima de corte<\/td>\n<td>630 toneladas<\/td>\n<\/tr>\n<tr>\n<td>Longitud de la hoja<\/td>\n<td>1400mm<\/td>\n<\/tr>\n<tr>\n<td>Motor<\/td>\n<td>110kw<\/td>\n<\/tr>\n<tr>\n<td>Color<\/td>\n<td>Personalizado<\/td>\n<\/tr>\n<tr>\n<td>Operaci\u00f3n<\/td>\n<td>Control autom\u00e1tico<\/td>\n<\/tr>\n<\/tbody>\n<\/table>\n","protected":false},"featured_media":11486,"template":"","meta":{"site-sidebar-layout":"default","site-content-layout":"","ast-site-content-layout":"default","site-content-style":"default","site-sidebar-style":"default","ast-global-header-display":"","ast-banner-title-visibility":"","ast-main-header-display":"","ast-hfb-above-header-display":"","ast-hfb-below-header-display":"","ast-hfb-mobile-header-display":"","site-post-title":"","ast-breadcrumbs-content":"","ast-featured-img":"","footer-sml-layout":"","theme-transparent-header-meta":"default","adv-header-id-meta":"","stick-header-meta":"","header-above-stick-meta":"","header-main-stick-meta":"","header-below-stick-meta":"","astra-migrate-meta-layouts":"set","ast-page-background-enabled":"default","ast-page-background-meta":{"desktop":{"background-color":"var(--ast-global-color-4)","background-image":"","background-repeat":"repeat","background-position":"center center","background-size":"auto","background-attachment":"scroll","background-type":"","background-media":"","overlay-type":"","overlay-color":"","overlay-opacity":"","overlay-gradient":""},"tablet":{"background-color":"","background-image":"","background-repeat":"repeat","background-position":"center center","background-size":"auto","background-attachment":"scroll","background-type":"","background-media":"","overlay-type":"","overlay-color":"","overlay-opacity":"","overlay-gradient":""},"mobile":{"background-color":"","background-image":"","background-repeat":"repeat","background-position":"center center","background-size":"auto","background-attachment":"scroll","background-type":"","background-media":"","overlay-type":"","overlay-color":"","overlay-opacity":"","overlay-gradient":""}},"ast-content-background-meta":{"desktop":{"background-color":"var(--ast-global-color-5)","background-image":"","background-repeat":"repeat","background-position":"center center","background-size":"auto","background-attachment":"scroll","background-type":"","background-media":"","overlay-type":"","overlay-color":"","overlay-opacity":"","overlay-gradient":""},"tablet":{"background-color":"var(--ast-global-color-5)","background-image":"","background-repeat":"repeat","background-position":"center center","background-size":"auto","background-attachment":"scroll","background-type":"","background-media":"","overlay-type":"","overlay-color":"","overlay-opacity":"","overlay-gradient":""},"mobile":{"background-color":"var(--ast-global-color-5)","background-image":"","background-repeat":"repeat","background-position":"center center","background-size":"auto","background-attachment":"scroll","background-type":"","background-media":"","overlay-type":"","overlay-color":"","overlay-opacity":"","overlay-gradient":""}}},"product_brand":[],"product_cat":[42],"product_tag":[],"class_list":{"0":"post-12763","1":"product","2":"type-product","3":"status-publish","4":"has-post-thumbnail","6":"product_cat-cizalla-para-chatarra","7":"desktop-align-left","8":"tablet-align-left","9":"mobile-align-left","11":"first","12":"instock","13":"shipping-taxable","14":"product-type-simple"},"_links":{"self":[{"href":"https:\/\/www.unitetopbalermachine.com\/es\/wp-json\/wp\/v2\/product\/12763","targetHints":{"allow":["GET"]}}],"collection":[{"href":"https:\/\/www.unitetopbalermachine.com\/es\/wp-json\/wp\/v2\/product"}],"about":[{"href":"https:\/\/www.unitetopbalermachine.com\/es\/wp-json\/wp\/v2\/types\/product"}],"wp:featuredmedia":[{"embeddable":true,"href":"https:\/\/www.unitetopbalermachine.com\/es\/wp-json\/wp\/v2\/media\/11486"}],"wp:attachment":[{"href":"https:\/\/www.unitetopbalermachine.com\/es\/wp-json\/wp\/v2\/media?parent=12763"}],"wp:term":[{"taxonomy":"product_brand","embeddable":true,"href":"https:\/\/www.unitetopbalermachine.com\/es\/wp-json\/wp\/v2\/product_brand?post=12763"},{"taxonomy":"product_cat","embeddable":true,"href":"https:\/\/www.unitetopbalermachine.com\/es\/wp-json\/wp\/v2\/product_cat?post=12763"},{"taxonomy":"product_tag","embeddable":true,"href":"https:\/\/www.unitetopbalermachine.com\/es\/wp-json\/wp\/v2\/product_tag?post=12763"}],"curies":[{"name":"wp","href":"https:\/\/api.w.org\/{rel}","templated":true}]}}