{"id":12750,"date":"2025-03-13T01:06:24","date_gmt":"2025-03-13T01:06:24","guid":{"rendered":"https:\/\/www.unitetopbalermachine.com\/product\/cizalla-hidraulica-para-empacar-chatarra-de-alta-resistencia-hbs\/"},"modified":"2025-07-28T02:10:03","modified_gmt":"2025-07-28T02:10:03","slug":"cizalla-hidraulica-para-empacar-chatarra-de-alta-resistencia-hbs","status":"publish","type":"product","link":"https:\/\/www.unitetopbalermachine.com\/es\/cizalla-hidraulica-para-empacar-chatarra-de-alta-resistencia.html","title":{"rendered":"Cizalla hidr\u00e1ulica para empacar chatarra de alta resistencia"},"content":{"rendered":"<h2>Descripci\u00f3n del Producto<\/h2>\n<p>Esta cizalla hidr\u00e1ulica para chatarra es ideal para procesar diferentes tipos de materiales de desecho, lo que la convierte en una m\u00e1quina esencial para instalaciones de reciclaje de metales, acer\u00edas y dep\u00f3sitos de chatarra industriales.<\/p>\n<p>La m\u00e1quina funciona prensando piezas de metal en dos o tres dimensiones utilizando una tapa de prensado, un ala y un empujador de alimentaci\u00f3n, para luego cortarlas o romperlas en tama\u00f1os manejables.<\/p>\n<h3>Capacidades clave:<\/h3>\n<p><strong>Precomprimir y cortar chatarra<\/strong><br \/>\nLos materiales de desecho voluminosos se compactan eficazmente antes de cortarlos, lo que maximiza la eficiencia del procesamiento y reduce el volumen del material para facilitar su manipulaci\u00f3n y transporte.<\/p>\n<p><strong>Barras y perfiles cortados<\/strong><br \/>\nLas barras de metal, vigas y perfiles estructurales se cortan con precisi\u00f3n en longitudes uniformes, lo que garantiza cortes limpios y precisos para su posterior reciclaje o reutilizaci\u00f3n.<\/p>\n<p><strong>Paquete de chatarra ligera<\/strong><br \/>\nLos materiales de desecho livianos se compactan para mejorar la eficiencia del almacenamiento y la log\u00edstica, mejorando la densidad de la chatarra para que el transporte sea m\u00e1s rentable.<\/p>\n<p><strong>Apretar y cortar carrocer\u00edas de autom\u00f3viles<\/strong><br \/>\nLos desechos automotrices de gran tama\u00f1o se comprimen y cortan de manera eficiente, lo que facilita el proceso de reciclaje al reducir las estructuras del veh\u00edculo en piezas m\u00e1s peque\u00f1as y manejables.<\/p>\n<h2>Especificaciones t\u00e9cnicas<\/h2>\n<table>\n<tbody>\n<tr>\n<td rowspan=\"2\" width=\"13.1800%\">Modelo<\/td>\n<td width=\"14.9200%\">Fuerza m\u00e1xima de corte<\/td>\n<td width=\"13.0800%\">Apertura de alimentaci\u00f3n<\/td>\n<td width=\"10.5600%\">Tama\u00f1o de la paca<\/td>\n<td width=\"10.1800%\">Longitud de la hoja<\/td>\n<td width=\"12.8800%\">Tasa de producci\u00f3n<\/td>\n<td width=\"14.3000%\">Frecuencia de corte<\/td>\n<td width=\"10.8000%\">Motor principal<\/td>\n<\/tr>\n<tr>\n<td width=\"14.9200%\">(tonelada)<\/td>\n<td width=\"13.0800%\">(mil\u00edmetros)<\/td>\n<td width=\"10.5600%\">(mil\u00edmetros)<\/td>\n<td width=\"10.1800%\">(mil\u00edmetros)<\/td>\n<td width=\"12.8800%\">(tonelada\/hora)<\/td>\n<td width=\"14.3000%\">(veces\/min)<\/td>\n<td width=\"10.8000%\">(kW)<\/td>\n<\/tr>\n<tr>\n<td width=\"13.1800%\">LT-HBS-500<\/td>\n<td width=\"14.9200%\">500<\/td>\n<td width=\"13.0800%\">4800\u00d72240<\/td>\n<td width=\"10.5600%\">650\u00d7550<\/td>\n<td width=\"10.1800%\">750<\/td>\n<td width=\"12.8800%\">5.5-15<\/td>\n<td rowspan=\"2\" width=\"14.3000%\">3-4<\/td>\n<td width=\"10.8000%\">(2+1)\u00d790<\/td>\n<\/tr>\n<tr>\n<td width=\"13.1800%\">LT-HBS-630<\/td>\n<td width=\"14.9200%\">600<\/td>\n<td width=\"13.0800%\">6000\u00d72500<\/td>\n<td width=\"10.5600%\">720\u00d7650<\/td>\n<td width=\"10.1800%\">880<\/td>\n<td width=\"12.8800%\">8.0-22.0<\/td>\n<td width=\"10.8000%\">(3+1)\u00d790<\/td>\n<\/tr>\n<\/tbody>\n<\/table>\n","protected":false},"excerpt":{"rendered":"<p>Nuestra m\u00e1quina cizalla empacadora de chatarra hidr\u00e1ulica de servicio pesado ofrece alta eficiencia en el procesamiento de diversos desechos de metal a trav\u00e9s de potentes mecanismos de precompresi\u00f3n y corte.<\/p>\n<p>Maneja eficazmente diversos materiales, desde barras y perfiles hasta carrocer\u00edas, garantizando un corte preciso y uniforme. Su robusto sistema hidr\u00e1ulico proporciona una gran fuerza de corte, lo que permite un funcionamiento r\u00e1pido y fiable, a la vez que reduce el volumen de material para facilitar su manejo.<\/p>\n<p>Con controles automatizados y una construcci\u00f3n duradera, mejora la productividad y garantiza un rendimiento a largo plazo en aplicaciones exigentes de reciclaje de chatarra.<\/p>\n<ul>\n<li>Potente fuerza de corte hidr\u00e1ulica<\/li>\n<li>Construcci\u00f3n duradera y resistente<\/li>\n<li>Manejo vers\u00e1til de materiales de desecho<\/li>\n<li>Eficiencia de producci\u00f3n de 5,5 a 22 toneladas por hora<\/li>\n<\/ul>\n","protected":false},"featured_media":11146,"template":"","meta":{"site-sidebar-layout":"default","site-content-layout":"","ast-site-content-layout":"default","site-content-style":"default","site-sidebar-style":"default","ast-global-header-display":"","ast-banner-title-visibility":"","ast-main-header-display":"","ast-hfb-above-header-display":"","ast-hfb-below-header-display":"","ast-hfb-mobile-header-display":"","site-post-title":"","ast-breadcrumbs-content":"","ast-featured-img":"","footer-sml-layout":"","theme-transparent-header-meta":"default","adv-header-id-meta":"","stick-header-meta":"","header-above-stick-meta":"","header-main-stick-meta":"","header-below-stick-meta":"","astra-migrate-meta-layouts":"set","ast-page-background-enabled":"default","ast-page-background-meta":{"desktop":{"background-color":"var(--ast-global-color-4)","background-image":"","background-repeat":"repeat","background-position":"center center","background-size":"auto","background-attachment":"scroll","background-type":"","background-media":"","overlay-type":"","overlay-color":"","overlay-opacity":"","overlay-gradient":""},"tablet":{"background-color":"","background-image":"","background-repeat":"repeat","background-position":"center center","background-size":"auto","background-attachment":"scroll","background-type":"","background-media":"","overlay-type":"","overlay-color":"","overlay-opacity":"","overlay-gradient":""},"mobile":{"background-color":"","background-image":"","background-repeat":"repeat","background-position":"center center","background-size":"auto","background-attachment":"scroll","background-type":"","background-media":"","overlay-type":"","overlay-color":"","overlay-opacity":"","overlay-gradient":""}},"ast-content-background-meta":{"desktop":{"background-color":"var(--ast-global-color-5)","background-image":"","background-repeat":"repeat","background-position":"center center","background-size":"auto","background-attachment":"scroll","background-type":"","background-media":"","overlay-type":"","overlay-color":"","overlay-opacity":"","overlay-gradient":""},"tablet":{"background-color":"var(--ast-global-color-5)","background-image":"","background-repeat":"repeat","background-position":"center center","background-size":"auto","background-attachment":"scroll","background-type":"","background-media":"","overlay-type":"","overlay-color":"","overlay-opacity":"","overlay-gradient":""},"mobile":{"background-color":"var(--ast-global-color-5)","background-image":"","background-repeat":"repeat","background-position":"center center","background-size":"auto","background-attachment":"scroll","background-type":"","background-media":"","overlay-type":"","overlay-color":"","overlay-opacity":"","overlay-gradient":""}}},"product_brand":[],"product_cat":[42],"product_tag":[],"class_list":{"0":"post-12750","1":"product","2":"type-product","3":"status-publish","4":"has-post-thumbnail","6":"product_cat-cizalla-para-chatarra","7":"desktop-align-left","8":"tablet-align-left","9":"mobile-align-left","11":"first","12":"instock","13":"shipping-taxable","14":"product-type-simple"},"_links":{"self":[{"href":"https:\/\/www.unitetopbalermachine.com\/es\/wp-json\/wp\/v2\/product\/12750","targetHints":{"allow":["GET"]}}],"collection":[{"href":"https:\/\/www.unitetopbalermachine.com\/es\/wp-json\/wp\/v2\/product"}],"about":[{"href":"https:\/\/www.unitetopbalermachine.com\/es\/wp-json\/wp\/v2\/types\/product"}],"wp:featuredmedia":[{"embeddable":true,"href":"https:\/\/www.unitetopbalermachine.com\/es\/wp-json\/wp\/v2\/media\/11146"}],"wp:attachment":[{"href":"https:\/\/www.unitetopbalermachine.com\/es\/wp-json\/wp\/v2\/media?parent=12750"}],"wp:term":[{"taxonomy":"product_brand","embeddable":true,"href":"https:\/\/www.unitetopbalermachine.com\/es\/wp-json\/wp\/v2\/product_brand?post=12750"},{"taxonomy":"product_cat","embeddable":true,"href":"https:\/\/www.unitetopbalermachine.com\/es\/wp-json\/wp\/v2\/product_cat?post=12750"},{"taxonomy":"product_tag","embeddable":true,"href":"https:\/\/www.unitetopbalermachine.com\/es\/wp-json\/wp\/v2\/product_tag?post=12750"}],"curies":[{"name":"wp","href":"https:\/\/api.w.org\/{rel}","templated":true}]}}