{"id":12729,"date":"2025-04-09T02:45:48","date_gmt":"2025-04-09T02:45:48","guid":{"rendered":"https:\/\/www.unitetopbalermachine.com\/product\/maquina-empacadora-de-chatarra-hidraulica-movil-con-control-automatico-serie-y81m\/"},"modified":"2025-07-25T11:10:57","modified_gmt":"2025-07-25T11:10:57","slug":"maquina-empacadora-de-chatarra-hidraulica-movil-con-control-automatico-serie-y81m","status":"publish","type":"product","link":"https:\/\/www.unitetopbalermachine.com\/es\/maquina-empacadora-de-chatarra-hidraulica-movil-con-control-automatico-serie-y81m.html","title":{"rendered":"M\u00e1quina empacadora de chatarra hidr\u00e1ulica m\u00f3vil con control autom\u00e1tico serie Y81M"},"content":{"rendered":"<h2>Descripci\u00f3n general del producto<\/h2>\n<p>La nueva generaci\u00f3n de empacadoras m\u00f3viles utiliza un semirremolque como transportador m\u00f3vil y est\u00e1 equipada con un sistema de cilindro principal telesc\u00f3pico de alto rendimiento, rompiendo las limitaciones de las operaciones fijas tradicionales y combinando perfectamente capacidades de empacado eficientes con movilidad flexible.<\/p>\n<p>Ya sea que necesite reciclaje de residuos, compresi\u00f3n de residuos industriales o empacado de metal, \u00a1solo necesita un dispositivo para realizar operaciones en cualquier momento y en cualquier lugar, ahorrando tiempo, esfuerzo y costos!<\/p>\n<h2>Ventajas principales<\/h2>\n<p><img fetchpriority=\"high\" decoding=\"async\" class=\"size-full wp-image-11955 aligncenter\" src=\"https:\/\/www.unitetopbalermachine.com\/wp-content\/uploads\/2025\/04\/Y81M-Mobile-Hydraulic-Scrap-Metal-Baler-1.jpg\" alt=\"Empacadora hidr\u00e1ulica m\u00f3vil de chatarra Y81M\" width=\"1200\" height=\"526\" srcset=\"https:\/\/www.unitetopbalermachine.com\/wp-content\/uploads\/2025\/04\/Y81M-Mobile-Hydraulic-Scrap-Metal-Baler-1.jpg 1200w, https:\/\/www.unitetopbalermachine.com\/wp-content\/uploads\/2025\/04\/Y81M-Mobile-Hydraulic-Scrap-Metal-Baler-1-300x132.jpg 300w, https:\/\/www.unitetopbalermachine.com\/wp-content\/uploads\/2025\/04\/Y81M-Mobile-Hydraulic-Scrap-Metal-Baler-1-1024x449.jpg 1024w, https:\/\/www.unitetopbalermachine.com\/wp-content\/uploads\/2025\/04\/Y81M-Mobile-Hydraulic-Scrap-Metal-Baler-1-768x337.jpg 768w, https:\/\/www.unitetopbalermachine.com\/wp-content\/uploads\/2025\/04\/Y81M-Mobile-Hydraulic-Scrap-Metal-Baler-1-600x263.jpg 600w\" sizes=\"(max-width: 1200px) 100vw, 1200px\" \/><\/p>\n<p><strong>Operaci\u00f3n m\u00f3vil, cobertura integral<\/strong><\/p>\n<ul>\n<li>Con un dise\u00f1o de chasis semirremolque, esta m\u00e1quina cumple con los est\u00e1ndares de transporte por carretera, lo que permite una transferencia r\u00e1pida y elimina la necesidad de un sitio fijo.<\/li>\n<li>Proporciona cobertura operativa a nivel nacional, ideal para el procesamiento de chatarra en sitios de construcci\u00f3n y servicios m\u00f3viles para plantas de procesamiento de metales.<\/li>\n<\/ul>\n<p><strong>Potente cilindro principal telesc\u00f3pico<\/strong><\/p>\n<ul>\n<li>Equipada con un cilindro hidr\u00e1ulico telesc\u00f3pico de alta precisi\u00f3n, ofrece un empuje considerable y una carrera larga. La eficiencia de compresi\u00f3n se incrementa en un 30 %, lo que permite gestionar f\u00e1cilmente las demandas de envasado de alta densidad.<\/li>\n<li>El sistema hidr\u00e1ulico inteligente mantiene una presi\u00f3n estable y controlable, garantizando una compacidad constante en el embalaje y reduciendo el riesgo de que se suelten los materiales.<\/li>\n<\/ul>\n<p><strong>Dise\u00f1o modular, adaptaci\u00f3n flexible<\/strong><\/p>\n<ul>\n<li>El m\u00f3dulo empacador superior es personalizable, lo que permite la configuraci\u00f3n del tonelaje de presi\u00f3n seg\u00fan demanda (50-5000 toneladas).<\/li>\n<li>El dise\u00f1o de estructura abierta facilita el mantenimiento, mientras que los componentes clave son resistentes al desgaste y al impacto, lo que extiende la vida \u00fatil en un 50%.<\/li>\n<\/ul>\n<p><strong>Control inteligente, seguro y eficiente<\/strong><\/p>\n<ul>\n<li>El sistema cuenta con una interfaz de control electr\u00f3nico de un solo bot\u00f3n que es simple, intuitiva y admite monitoreo remoto y diagn\u00f3stico de fallas.<\/li>\n<li>Varias medidas de seguridad, que incluyen protecci\u00f3n contra sobrecarga hidr\u00e1ulica, frenado de emergencia y un soporte antivuelco, garantizan un funcionamiento seguro.<\/li>\n<\/ul>\n<h2>Aspectos t\u00e9cnicos destacados<\/h2>\n<p><strong>Chasis de semirremolque<\/strong><\/p>\n<ul>\n<li>Cumpliendo con los est\u00e1ndares nacionales de transporte por carretera, el sistema de frenos ABS est\u00e1ndar es adecuado para varios cabezales tractores.<\/li>\n<li>La unidad est\u00e1 lista para operar en el sitio de transferencia sin necesidad de carga o descarga adicional.<\/li>\n<\/ul>\n<p><strong>Estructura del cilindro principal telesc\u00f3pico<\/strong><\/p>\n<ul>\n<li>Con un dise\u00f1o de cilindro telesc\u00f3pico, ofrece una carrera de compresi\u00f3n m\u00e1s larga, mayor capacidad de procesamiento individual y una frecuencia de operaci\u00f3n reducida.<\/li>\n<li>Los sellos del cilindro est\u00e1n hechos de materiales importados, resistentes a alta presi\u00f3n y temperatura, eliminando eficazmente el riesgo de fugas de aceite.<\/li>\n<\/ul>\n<p><strong>Ahorro de energ\u00eda y protecci\u00f3n del medio ambiente<\/strong><\/p>\n<ul>\n<li>El sistema hidr\u00e1ulico de bajo ruido cumple con los criterios de protecci\u00f3n del medio ambiente al funcionar a \u2264 75 dB.<\/li>\n<li>Un grupo electr\u00f3geno opcional o una fuente de alimentaci\u00f3n externa permiten el funcionamiento en entornos sin electricidad.<\/li>\n<\/ul>\n<h2>\u00bfC\u00f3mo funciona una empacadora de chatarra m\u00f3vil?<\/h2>\n<div class=\"ast-oembed-container \" style=\"height: 100%;\"><iframe title=\"Y81M mobile baler for scrap metal recycling\" width=\"500\" height=\"281\" src=\"https:\/\/www.youtube.com\/embed\/QsryQpbWRrg?feature=oembed\" frameborder=\"0\" allow=\"accelerometer; autoplay; clipboard-write; encrypted-media; gyroscope; picture-in-picture; web-share\" referrerpolicy=\"strict-origin-when-cross-origin\" allowfullscreen><\/iframe><\/div>\n<h2>Escenarios de aplicaci\u00f3n<\/h2>\n<ul>\n<li><strong>Campo industrial:<\/strong> compresi\u00f3n y reducci\u00f3n de volumen de materiales reciclables como chatarra, pl\u00e1stico, cartones, espuma, etc.<\/li>\n<li><strong>Campo de protecci\u00f3n del medio ambiente:<\/strong> procesamiento de compresi\u00f3n m\u00f3vil de chatarra y electrodom\u00e9sticos de desecho para reducir los costos de transporte.<\/li>\n<\/ul>\n<h2>Nuestros servicios integrales<\/h2>\n<ul>\n<li>Equipo profesional para brindar soluciones personalizadas.<\/li>\n<li>Soporte t\u00e9cnico postventa las 24 horas.<\/li>\n<li>Garant\u00eda de 1 a\u00f1o para toda la m\u00e1quina, mantenimiento de por vida para los componentes principales.<\/li>\n<\/ul>\n<h2>Proveedores cooperativos<\/h2>\n<p><img decoding=\"async\" class=\"alignnone size-full wp-image-1707\" src=\"https:\/\/www.unitetopbalermachine.com\/wp-content\/uploads\/2024\/05\/COOPERATIVE-SUPPLIERS.jpg\" alt=\"Proveedores cooperativos\" width=\"1200\" height=\"300\" srcset=\"https:\/\/www.unitetopbalermachine.com\/wp-content\/uploads\/2024\/05\/COOPERATIVE-SUPPLIERS.jpg 1200w, https:\/\/www.unitetopbalermachine.com\/wp-content\/uploads\/2024\/05\/COOPERATIVE-SUPPLIERS-600x150.jpg 600w, https:\/\/www.unitetopbalermachine.com\/wp-content\/uploads\/2024\/05\/COOPERATIVE-SUPPLIERS-300x75.jpg 300w, https:\/\/www.unitetopbalermachine.com\/wp-content\/uploads\/2024\/05\/COOPERATIVE-SUPPLIERS-1024x256.jpg 1024w, https:\/\/www.unitetopbalermachine.com\/wp-content\/uploads\/2024\/05\/COOPERATIVE-SUPPLIERS-768x192.jpg 768w\" sizes=\"(max-width: 1200px) 100vw, 1200px\" \/><\/p>\n","protected":false},"excerpt":{"rendered":"<p>Con m\u00e1s de 25 a\u00f1os de experiencia en producci\u00f3n, hemos proporcionado soluciones personalizadas de reciclaje de chatarra para m\u00e1s de 3000 juegos.<\/p>\n<table>\n<tbody>\n<tr>\n<td>Lugar de origen<\/td>\n<td>JIANGYIN, CHINA<\/td>\n<\/tr>\n<tr>\n<td>Modelo<\/td>\n<td>Serie Y81M<\/td>\n<\/tr>\n<tr>\n<td>Presi\u00f3n hidr\u00e1ulica<\/td>\n<td>250 toneladas<\/td>\n<\/tr>\n<tr>\n<td>Tama\u00f1o de la paca<\/td>\n<td>500 * 500 mm o personalizado<\/td>\n<\/tr>\n<tr>\n<td>Tama\u00f1o de la c\u00e1mara<\/td>\n<td>2500 * 1750 * 1000 mm o personalizado<\/td>\n<\/tr>\n<tr>\n<td>Camino de salida<\/td>\n<td>Paca hacia adelante<\/p>\n<p>Dar la vuelta a la paca<\/p>\n<p>Empujar la paca<\/td>\n<\/tr>\n<tr>\n<td>Color<\/td>\n<td>Personalizado<\/td>\n<\/tr>\n<tr>\n<td>Operaci\u00f3n<\/td>\n<td>Control manual o PLC<\/td>\n<\/tr>\n<\/tbody>\n<\/table>\n","protected":false},"featured_media":11915,"template":"","meta":{"site-sidebar-layout":"default","site-content-layout":"","ast-site-content-layout":"default","site-content-style":"default","site-sidebar-style":"default","ast-global-header-display":"","ast-banner-title-visibility":"","ast-main-header-display":"","ast-hfb-above-header-display":"","ast-hfb-below-header-display":"","ast-hfb-mobile-header-display":"","site-post-title":"","ast-breadcrumbs-content":"","ast-featured-img":"","footer-sml-layout":"","theme-transparent-header-meta":"default","adv-header-id-meta":"","stick-header-meta":"","header-above-stick-meta":"","header-main-stick-meta":"","header-below-stick-meta":"","astra-migrate-meta-layouts":"set","ast-page-background-enabled":"default","ast-page-background-meta":{"desktop":{"background-color":"var(--ast-global-color-4)","background-image":"","background-repeat":"repeat","background-position":"center center","background-size":"auto","background-attachment":"scroll","background-type":"","background-media":"","overlay-type":"","overlay-color":"","overlay-opacity":"","overlay-gradient":""},"tablet":{"background-color":"","background-image":"","background-repeat":"repeat","background-position":"center center","background-size":"auto","background-attachment":"scroll","background-type":"","background-media":"","overlay-type":"","overlay-color":"","overlay-opacity":"","overlay-gradient":""},"mobile":{"background-color":"","background-image":"","background-repeat":"repeat","background-position":"center center","background-size":"auto","background-attachment":"scroll","background-type":"","background-media":"","overlay-type":"","overlay-color":"","overlay-opacity":"","overlay-gradient":""}},"ast-content-background-meta":{"desktop":{"background-color":"var(--ast-global-color-5)","background-image":"","background-repeat":"repeat","background-position":"center center","background-size":"auto","background-attachment":"scroll","background-type":"","background-media":"","overlay-type":"","overlay-color":"","overlay-opacity":"","overlay-gradient":""},"tablet":{"background-color":"var(--ast-global-color-5)","background-image":"","background-repeat":"repeat","background-position":"center center","background-size":"auto","background-attachment":"scroll","background-type":"","background-media":"","overlay-type":"","overlay-color":"","overlay-opacity":"","overlay-gradient":""},"mobile":{"background-color":"var(--ast-global-color-5)","background-image":"","background-repeat":"repeat","background-position":"center center","background-size":"auto","background-attachment":"scroll","background-type":"","background-media":"","overlay-type":"","overlay-color":"","overlay-opacity":"","overlay-gradient":""}}},"product_brand":[],"product_cat":[41],"product_tag":[],"class_list":{"0":"post-12729","1":"product","2":"type-product","3":"status-publish","4":"has-post-thumbnail","6":"product_cat-empacadora-de-chatarra","7":"desktop-align-left","8":"tablet-align-left","9":"mobile-align-left","11":"first","12":"instock","13":"shipping-taxable","14":"product-type-simple"},"_links":{"self":[{"href":"https:\/\/www.unitetopbalermachine.com\/es\/wp-json\/wp\/v2\/product\/12729","targetHints":{"allow":["GET"]}}],"collection":[{"href":"https:\/\/www.unitetopbalermachine.com\/es\/wp-json\/wp\/v2\/product"}],"about":[{"href":"https:\/\/www.unitetopbalermachine.com\/es\/wp-json\/wp\/v2\/types\/product"}],"wp:featuredmedia":[{"embeddable":true,"href":"https:\/\/www.unitetopbalermachine.com\/es\/wp-json\/wp\/v2\/media\/11915"}],"wp:attachment":[{"href":"https:\/\/www.unitetopbalermachine.com\/es\/wp-json\/wp\/v2\/media?parent=12729"}],"wp:term":[{"taxonomy":"product_brand","embeddable":true,"href":"https:\/\/www.unitetopbalermachine.com\/es\/wp-json\/wp\/v2\/product_brand?post=12729"},{"taxonomy":"product_cat","embeddable":true,"href":"https:\/\/www.unitetopbalermachine.com\/es\/wp-json\/wp\/v2\/product_cat?post=12729"},{"taxonomy":"product_tag","embeddable":true,"href":"https:\/\/www.unitetopbalermachine.com\/es\/wp-json\/wp\/v2\/product_tag?post=12729"}],"curies":[{"name":"wp","href":"https:\/\/api.w.org\/{rel}","templated":true}]}}