{"id":12692,"date":"2025-03-13T01:04:45","date_gmt":"2025-03-13T01:04:45","guid":{"rendered":"https:\/\/www.unitetopbalermachine.com\/product\/trituradora-de-metales-con-control-automatico-serie-spj\/"},"modified":"2026-03-18T09:20:13","modified_gmt":"2026-03-18T09:20:13","slug":"trituradora-de-metales-con-control-automatico-serie-spj","status":"publish","type":"product","link":"https:\/\/www.unitetopbalermachine.com\/es\/trituradora-de-metales-con-control-automatico-serie-spj.html","title":{"rendered":"Trituradora de metales con control autom\u00e1tico serie SPJ"},"content":{"rendered":"<h2>Detalles del producto<\/h2>\n<p>La trituradora de metal es un equipo muy vers\u00e1til y multifuncional, dise\u00f1ado con una estructura modular estandarizada que garantiza una excelente intercambiabilidad de las piezas. Cuenta con cuchillas auxiliares fabricadas en acero forjado de precisi\u00f3n, lo que mejora su durabilidad y rendimiento de corte. <\/p>\n<p>Su funci\u00f3n principal es triturar y compactar materiales met\u00e1licos de gran tama\u00f1o, incluidos bidones de gran tama\u00f1o y residuos met\u00e1licos voluminosos, para que ocupen menos espacio y facilitar as\u00ed su transporte y reciclaje. Al reducir los materiales al tama\u00f1o de l\u00e1mina requerido, aumenta la densidad de almacenamiento, lo que facilita su manipulaci\u00f3n y reutilizaci\u00f3n. Con un dise\u00f1o elegante, una estructura robusta y unas dimensiones compactas, la m\u00e1quina no solo aumenta la capacidad de procesamiento y la eficiencia de trituraci\u00f3n, sino que tambi\u00e9n ampl\u00eda su gama de aplicaciones.  <\/p>\n<p>Ampliamente utilizada para triturar chatarra, la trituradora ayuda a optimizar la densidad aparente, lo que simplifica la log\u00edstica y el reciclaje. Resulta especialmente eficaz en el procesamiento de cubos de pintura, bidones de gas\u00f3leo, chapas finas de hierro, carrocer\u00edas de autom\u00f3vil, bloques de metal comprimido y restos de chapa. Las cuchillas est\u00e1n fabricadas en acero aleado de alta resistencia, lo que garantiza una resistencia al desgaste y una durabilidad excepcionales, lo que hace que la m\u00e1quina sea fiable para operaciones intensivas a largo plazo.  <\/p>\n<h3>Caracter\u00edsticas<\/h3>\n<p>1. La robusta cuchilla m\u00f3vil mejora la eficiencia de trituraci\u00f3n, y su estructura de acero aleado garantiza su durabilidad y una vida \u00fatil prolongada.<\/p>\n<p>2. La placa del bastidor, de gran grosor, soporta un par elevado, lo que le confiere una resistencia y una estabilidad excepcionales.<\/p>\n<p>3. Equipado con un sistema de control autom\u00e1tico por microordenador (PLC), que permite el arranque, la parada, la marcha atr\u00e1s y la protecci\u00f3n contra sobrecargas, con funci\u00f3n de marcha atr\u00e1s autom\u00e1tica.<\/p>\n<p>4. Nuestra trituradora de metal funciona a baja velocidad y con un par elevado, generando un m\u00ednimo de ruido y polvo, al tiempo que cumple con las normas de protecci\u00f3n medioambiental.<\/p>\n<p>5. Dise\u00f1ado para facilitar los ajustes, reducir los costes de mantenimiento y garantizar la rentabilidad a largo plazo.<\/p>\n<p>6. El grosor de la herramienta y el n\u00famero de garras de la cuchilla se pueden personalizar para adaptarse a los distintos requisitos de procesamiento de materiales.<\/p>\n<h2>Principio de funcionamiento de la trituradora de metal<\/h2>\n<p>El material se introduce en la trituradora situada dentro de la caja y, a continuaci\u00f3n, se tritura en trozos peque\u00f1os para cumplir con los requisitos de la parte inferior de la caja, tras haber sido rasgado, extruido, cortado y sometido a otras acciones integrales por la cuchilla trituradora.<\/p>\n<p>El desarrollo de la trituradora de metal no solo resuelve el problema del apilamiento de grandes cantidades de material mediante su procesamiento, sino que adem\u00e1s facilita su transporte y reciclaje. Las partes m\u00e1s importantes del proceso son el cabezal de corte y el motor; la trituradora de metal desmenuza los materiales met\u00e1licos, por lo que los requisitos de dureza y resistencia al desgaste del cabezal de corte son especialmente elevados; si no se cumplen, la m\u00e1quina sufrir\u00e1 da\u00f1os. <\/p>\n<h2>Detalles de la trituradora de metal<\/h2>\n<table class=\"table03132\">\n<tbody>\n<tr>\n<td><img fetchpriority=\"high\" decoding=\"async\" class=\"alignnone size-full wp-image-11261\" src=\"https:\/\/www.unitetopbalermachine.com\/wp-content\/uploads\/2025\/03\/Metal-Shredder-Machine-Blade.jpg\" alt=\"Cuchilla para trituradora de metal\" width=\"600\" height=\"450\" srcset=\"https:\/\/www.unitetopbalermachine.com\/wp-content\/uploads\/2025\/03\/Metal-Shredder-Machine-Blade.jpg 600w, https:\/\/www.unitetopbalermachine.com\/wp-content\/uploads\/2025\/03\/Metal-Shredder-Machine-Blade-300x225.jpg 300w\" sizes=\"(max-width: 600px) 100vw, 600px\" \/><\/td>\n<td>1. Cuchilla para trituradora de metal<br \/>\nPodemos personalizar la cuchilla de la trituradora de metal seg\u00fan el tipo de material de la m\u00e1quina.<\/td>\n<\/tr>\n<tr>\n<td><img decoding=\"async\" class=\"alignnone size-full wp-image-11273\" src=\"https:\/\/www.unitetopbalermachine.com\/wp-content\/uploads\/2025\/03\/Metal-Shredder-Machine-Control-Button.jpg\" alt=\"Bot\u00f3n de control de la trituradora de metal\" width=\"600\" height=\"661\" srcset=\"https:\/\/www.unitetopbalermachine.com\/wp-content\/uploads\/2025\/03\/Metal-Shredder-Machine-Control-Button.jpg 600w, https:\/\/www.unitetopbalermachine.com\/wp-content\/uploads\/2025\/03\/Metal-Shredder-Machine-Control-Button-272x300.jpg 272w\" sizes=\"(max-width: 600px) 100vw, 600px\" \/><\/td>\n<td>2. Bot\u00f3n de control<br \/>\nNuestra trituradora de metal cuenta con un sistema de control autom\u00e1tico, lo que facilita su manejo y simplifica su mantenimiento.<\/td>\n<\/tr>\n<tr>\n<td><img decoding=\"async\" class=\"alignnone size-full wp-image-11285\" src=\"https:\/\/www.unitetopbalermachine.com\/wp-content\/uploads\/2025\/03\/Small-All-In-One-Metal-Shredder-Machine.jpg\" alt=\"Peque\u00f1a trituradora met\u00e1lica todo en uno\" width=\"600\" height=\"453\" srcset=\"https:\/\/www.unitetopbalermachine.com\/wp-content\/uploads\/2025\/03\/Small-All-In-One-Metal-Shredder-Machine.jpg 600w, https:\/\/www.unitetopbalermachine.com\/wp-content\/uploads\/2025\/03\/Small-All-In-One-Metal-Shredder-Machine-300x227.jpg 300w\" sizes=\"(max-width: 600px) 100vw, 600px\" \/><\/td>\n<td>3. M\u00e1quina todo en uno<br \/>\nNuestra peque\u00f1a trituradora de metal todo en uno tiene un dise\u00f1o especial, ocupa poco espacio y cuenta con caracter\u00edsticas de seguridad y comodidad.<\/td>\n<\/tr>\n<\/tbody>\n<\/table>\n<h2>Nuestros modelos de trituradoras de metal<\/h2>\n<p><img loading=\"lazy\" decoding=\"async\" class=\"size-full wp-image-14322 aligncenter\" src=\"https:\/\/www.unitetopbalermachine.com\/wp-content\/uploads\/2025\/03\/Metal-Shredder-Types.jpg\" alt=\"Tipos de trituradoras de metal\" width=\"900\" height=\"600\" srcset=\"https:\/\/www.unitetopbalermachine.com\/wp-content\/uploads\/2025\/03\/Metal-Shredder-Types.jpg 900w, https:\/\/www.unitetopbalermachine.com\/wp-content\/uploads\/2025\/03\/Metal-Shredder-Types-300x200.jpg 300w, https:\/\/www.unitetopbalermachine.com\/wp-content\/uploads\/2025\/03\/Metal-Shredder-Types-768x512.jpg 768w, https:\/\/www.unitetopbalermachine.com\/wp-content\/uploads\/2025\/03\/Metal-Shredder-Types-600x400.jpg 600w\" sizes=\"(max-width: 900px) 100vw, 900px\" \/><\/p>\n<h3>Trituradora de metal de un solo eje<\/h3>\n<ul>\n<li>Optimizada para residuos ligeros y de peso medio, lo que garantiza una eficiencia de trituraci\u00f3n constante.<\/li>\n<li>F\u00e1cil mantenimiento gracias a las cuchillas reemplazables, lo que reduce al m\u00ednimo el tiempo de inactividad.<\/li>\n<li>El dise\u00f1o energ\u00e9ticamente eficiente reduce los gastos de funcionamiento sin sacrificar la funcionalidad.<\/li>\n<\/ul>\n<h3>Trituradora de metal de doble eje<\/h3>\n<ul>\n<li>Procesa residuos m\u00e1s grandes y resistentes con una mayor capacidad de producci\u00f3n.<\/li>\n<li>Los rotores dobles garantizan un triturado uniforme y reducen los atascos de material.<\/li>\n<li>Construcci\u00f3n robusta, adecuada para operaciones industriales continuas de alta exigencia.<\/li>\n<\/ul>\n<h3>Trituradora m\u00f3vil de metal<\/h3>\n<ul>\n<li>Su instalaci\u00f3n flexible permite su uso en m\u00faltiples ubicaciones o en configuraciones temporales.<\/li>\n<li>Dise\u00f1o compacto y f\u00e1cil de transportar para el procesamiento de chatarra in situ.<\/li>\n<li>La r\u00e1pida instalaci\u00f3n y el transporte reducen el tiempo de inactividad y los costes log\u00edsticos.<\/li>\n<\/ul>\n<h3>Trituradora industrial de alta resistencia<\/h3>\n<ul>\n<li>Dise\u00f1ada para el reciclaje continuo de grandes vol\u00famenes de metal en entornos industriales.<\/li>\n<li>El rotor y el bastidor reforzados resisten un desgaste extremo.<\/li>\n<li>Tama\u00f1o de salida personalizable para satisfacer los exigentes requisitos de procesamiento posterior.<\/li>\n<\/ul>\n<h2>Aplicaciones<\/h2>\n<p>Las trituradoras de metal se utilizan en m\u00faltiples sectores, mejorando la eficiencia del reciclaje y reduciendo los costes de gesti\u00f3n de residuos.<\/p>\n<ul>\n<li><strong>Reciclaje de veh\u00edculos:<\/strong> Trituraci\u00f3n de carrocer\u00edas, chasis y componentes met\u00e1licos para la recuperaci\u00f3n de chatarra.<\/li>\n<li><strong>Procesamiento de cables y alambres el\u00e9ctricos:<\/strong> Procesa de forma eficiente chatarra de cables de cobre, aluminio y mixtos.<\/li>\n<li><strong>Chatarra de acero, aluminio y cobre:<\/strong> Reduce los grandes residuos industriales a tama\u00f1os uniformes para su posterior procesamiento.<\/li>\n<li><strong>Reciclaje de residuos electr\u00f3nicos:<\/strong> Gestiona de forma segura los residuos electr\u00f3nicos, incluidos ordenadores, electrodom\u00e9sticos y componentes electr\u00f3nicos.<\/li>\n<li><strong>Reducci\u00f3n de residuos industriales y de fundici\u00f3n:<\/strong> Optimiza la gesti\u00f3n de residuos met\u00e1licos en f\u00e1bricas, fundiciones y plantas de procesamiento de metales.<\/li>\n<\/ul>\n<p><img loading=\"lazy\" decoding=\"async\" class=\"size-full wp-image-11454 aligncenter\" src=\"https:\/\/www.unitetopbalermachine.com\/wp-content\/uploads\/2025\/03\/SPJ-Series-Automatic-Control-Metal-Shredder-Machine-Applications.jpg\" alt=\"Aplicaciones de la trituradora de metal con control autom\u00e1tico de la serie SPJ\" width=\"800\" height=\"490\" srcset=\"https:\/\/www.unitetopbalermachine.com\/wp-content\/uploads\/2025\/03\/SPJ-Series-Automatic-Control-Metal-Shredder-Machine-Applications.jpg 800w, https:\/\/www.unitetopbalermachine.com\/wp-content\/uploads\/2025\/03\/SPJ-Series-Automatic-Control-Metal-Shredder-Machine-Applications-300x184.jpg 300w, https:\/\/www.unitetopbalermachine.com\/wp-content\/uploads\/2025\/03\/SPJ-Series-Automatic-Control-Metal-Shredder-Machine-Applications-768x470.jpg 768w, https:\/\/www.unitetopbalermachine.com\/wp-content\/uploads\/2025\/03\/SPJ-Series-Automatic-Control-Metal-Shredder-Machine-Applications-600x368.jpg 600w\" sizes=\"(max-width: 800px) 100vw, 800px\" \/><\/p>\n<h2>Par\u00e1metros t\u00e9cnicos<\/h2>\n<table>\n<tbody>\n<tr>\n<td><strong>Modelo<\/strong><\/td>\n<td><strong>Di\u00e1metro de la hoja (mm)<\/strong><\/td>\n<td><strong>Dimensiones de la c\u00e1mara (mm)<\/strong><\/td>\n<td><strong>Capacidad (kg\/h)<\/strong><\/td>\n<td><strong>Fuerza(kw)<\/strong><\/td>\n<td><strong>Dimensiones de la m\u00e1quina (mm)<\/strong><\/td>\n<td><strong>Peso (kg)<\/strong><\/td>\n<\/tr>\n<tr>\n<td>SPJ-600<\/td>\n<td>260<\/td>\n<td>600\u00d7550<\/td>\n<td>800-500<\/td>\n<td>15<\/td>\n<td>1800\u00d71300\u00d71700<\/td>\n<td>2850<\/td>\n<\/tr>\n<tr>\n<td>SPJ-800<\/td>\n<td>300<\/td>\n<td>800\u00d7600<\/td>\n<td>500-800<\/td>\n<td>37<\/td>\n<td>2800\u00d71800\u00d72100<\/td>\n<td>4200<\/td>\n<\/tr>\n<tr>\n<td>SPJ-1000<\/td>\n<td>350<\/td>\n<td>1000\u00d7700<\/td>\n<td>800-1500<\/td>\n<td>45<\/td>\n<td>2800\u00d72000\u00d72100<\/td>\n<td>6500<\/td>\n<\/tr>\n<tr>\n<td>SPJ-1200<\/td>\n<td>400<\/td>\n<td>1200\u00d7900<\/td>\n<td>1500-2500<\/td>\n<td>55<\/td>\n<td>2800\u00d72500\u00d72100<\/td>\n<td>7800<\/td>\n<\/tr>\n<tr>\n<td>SPJ-1400<\/td>\n<td>450<\/td>\n<td>1400\u00d7900<\/td>\n<td>2500-4000<\/td>\n<td>75<\/td>\n<td>2800\u00d72800\u00d72100<\/td>\n<td>9600<\/td>\n<\/tr>\n<tr>\n<td>SPJ-1600<\/td>\n<td>500<\/td>\n<td>1600\u00d71000<\/td>\n<td>4000-6000<\/td>\n<td>90<\/td>\n<td>3000\u00d72800\u00d72100<\/td>\n<td>12500<\/td>\n<\/tr>\n<\/tbody>\n<\/table>\n<h2>Proveedores cooperativos<\/h2>\n<p><img loading=\"lazy\" decoding=\"async\" class=\"size-full wp-image-11297 aligncenter\" src=\"https:\/\/www.unitetopbalermachine.com\/wp-content\/uploads\/2025\/03\/Cooperative-Suppliers.jpg\" alt=\"Proveedores cooperativos\" width=\"900\" height=\"422\" srcset=\"https:\/\/www.unitetopbalermachine.com\/wp-content\/uploads\/2025\/03\/Cooperative-Suppliers.jpg 900w, https:\/\/www.unitetopbalermachine.com\/wp-content\/uploads\/2025\/03\/Cooperative-Suppliers-300x141.jpg 300w, https:\/\/www.unitetopbalermachine.com\/wp-content\/uploads\/2025\/03\/Cooperative-Suppliers-768x360.jpg 768w, https:\/\/www.unitetopbalermachine.com\/wp-content\/uploads\/2025\/03\/Cooperative-Suppliers-600x281.jpg 600w\" sizes=\"(max-width: 900px) 100vw, 900px\" \/><\/p>\n<h2>Embalaje<\/h2>\n<p>Utilizaremos embalajes de pl\u00e1stico retractilado o embalajes de madera para proteger nuestra trituradora de metal de la serie SPJ; nos aseguraremos de que quede bien protegida antes de cargarla en el contenedor.<\/p>\n<p><img loading=\"lazy\" decoding=\"async\" class=\"alignnone size-full wp-image-11442\" src=\"https:\/\/www.unitetopbalermachine.com\/wp-content\/uploads\/2025\/03\/SPJ-Series-Automatic-Control-Metal-Shredder-Machine-Packaging.jpg\" alt=\"Embalaje de la trituradora de metal con control autom\u00e1tico de la serie SPJ\" width=\"1200\" height=\"298\" srcset=\"https:\/\/www.unitetopbalermachine.com\/wp-content\/uploads\/2025\/03\/SPJ-Series-Automatic-Control-Metal-Shredder-Machine-Packaging.jpg 1200w, https:\/\/www.unitetopbalermachine.com\/wp-content\/uploads\/2025\/03\/SPJ-Series-Automatic-Control-Metal-Shredder-Machine-Packaging-300x75.jpg 300w, https:\/\/www.unitetopbalermachine.com\/wp-content\/uploads\/2025\/03\/SPJ-Series-Automatic-Control-Metal-Shredder-Machine-Packaging-1024x254.jpg 1024w, https:\/\/www.unitetopbalermachine.com\/wp-content\/uploads\/2025\/03\/SPJ-Series-Automatic-Control-Metal-Shredder-Machine-Packaging-768x191.jpg 768w, https:\/\/www.unitetopbalermachine.com\/wp-content\/uploads\/2025\/03\/SPJ-Series-Automatic-Control-Metal-Shredder-Machine-Packaging-600x149.jpg 600w\" sizes=\"(max-width: 1200px) 100vw, 1200px\" \/><\/p>\n<h2>\u00a1Mira c\u00f3mo funciona una trituradora de chatarra!<\/h2>\n<div class=\"ast-oembed-container \" style=\"height: 100%;\"><iframe title=\"Chinese Manufacture Automatic Control SPJ Series metal shredder machine\" width=\"500\" height=\"375\" src=\"https:\/\/www.youtube.com\/embed\/tsPp8oBwaP4?feature=oembed\" frameborder=\"0\" allow=\"accelerometer; autoplay; clipboard-write; encrypted-media; gyroscope; picture-in-picture; web-share\" referrerpolicy=\"strict-origin-when-cross-origin\" allowfullscreen><\/iframe><\/div>\n<style>.table03132{border:none;}.table03132 td{border:none;}<\/style>\n","protected":false},"excerpt":{"rendered":"<p>Nuestra trituradora de metal procesa de forma eficaz diversos productos met\u00e1licos, como hierro, latas (de aluminio y de hojalata), cubos de pintura y mucho m\u00e1s. Ofrecemos ensayos de materiales con nuestras materias primas preparadas para garantizar un rendimiento \u00f3ptimo. <\/p>\n<p>Con m\u00e1s de 25 a\u00f1os de experiencia en el sector, hemos proporcionado m\u00e1s de 3.000 soluciones personalizadas de reciclaje de chatarra, dise\u00f1adas para satisfacer las diversas necesidades de la industria.<\/p>\n<ul>\n<li>Dise\u00f1o modular, f\u00e1cil mantenimiento<\/li>\n<li>Cuchillas de aleaci\u00f3n de alta resistencia<\/li>\n<li>Sistema de control autom\u00e1tico por PLC<\/li>\n<li>Bajo nivel de ruido, alto par motor<\/li>\n<li>Adaptable a diversos materiales<\/li>\n<\/ul>\n","protected":false},"featured_media":11329,"template":"","meta":{"site-sidebar-layout":"default","site-content-layout":"","ast-site-content-layout":"default","site-content-style":"default","site-sidebar-style":"default","ast-global-header-display":"","ast-banner-title-visibility":"","ast-main-header-display":"","ast-hfb-above-header-display":"","ast-hfb-below-header-display":"","ast-hfb-mobile-header-display":"","site-post-title":"","ast-breadcrumbs-content":"","ast-featured-img":"","footer-sml-layout":"","theme-transparent-header-meta":"default","adv-header-id-meta":"","stick-header-meta":"","header-above-stick-meta":"","header-main-stick-meta":"","header-below-stick-meta":"","astra-migrate-meta-layouts":"set","ast-page-background-enabled":"default","ast-page-background-meta":{"desktop":{"background-color":"var(--ast-global-color-4)","background-image":"","background-repeat":"repeat","background-position":"center center","background-size":"auto","background-attachment":"scroll","background-type":"","background-media":"","overlay-type":"","overlay-color":"","overlay-opacity":"","overlay-gradient":""},"tablet":{"background-color":"","background-image":"","background-repeat":"repeat","background-position":"center center","background-size":"auto","background-attachment":"scroll","background-type":"","background-media":"","overlay-type":"","overlay-color":"","overlay-opacity":"","overlay-gradient":""},"mobile":{"background-color":"","background-image":"","background-repeat":"repeat","background-position":"center center","background-size":"auto","background-attachment":"scroll","background-type":"","background-media":"","overlay-type":"","overlay-color":"","overlay-opacity":"","overlay-gradient":""}},"ast-content-background-meta":{"desktop":{"background-color":"var(--ast-global-color-5)","background-image":"","background-repeat":"repeat","background-position":"center center","background-size":"auto","background-attachment":"scroll","background-type":"","background-media":"","overlay-type":"","overlay-color":"","overlay-opacity":"","overlay-gradient":""},"tablet":{"background-color":"var(--ast-global-color-5)","background-image":"","background-repeat":"repeat","background-position":"center center","background-size":"auto","background-attachment":"scroll","background-type":"","background-media":"","overlay-type":"","overlay-color":"","overlay-opacity":"","overlay-gradient":""},"mobile":{"background-color":"var(--ast-global-color-5)","background-image":"","background-repeat":"repeat","background-position":"center center","background-size":"auto","background-attachment":"scroll","background-type":"","background-media":"","overlay-type":"","overlay-color":"","overlay-opacity":"","overlay-gradient":""}}},"product_brand":[],"product_cat":[171],"product_tag":[],"class_list":{"0":"post-12692","1":"product","2":"type-product","3":"status-publish","4":"has-post-thumbnail","6":"product_cat-maquina-trituradora-de-metales","7":"desktop-align-left","8":"tablet-align-left","9":"mobile-align-left","11":"first","12":"instock","13":"shipping-taxable","14":"product-type-simple"},"_links":{"self":[{"href":"https:\/\/www.unitetopbalermachine.com\/es\/wp-json\/wp\/v2\/product\/12692","targetHints":{"allow":["GET"]}}],"collection":[{"href":"https:\/\/www.unitetopbalermachine.com\/es\/wp-json\/wp\/v2\/product"}],"about":[{"href":"https:\/\/www.unitetopbalermachine.com\/es\/wp-json\/wp\/v2\/types\/product"}],"wp:featuredmedia":[{"embeddable":true,"href":"https:\/\/www.unitetopbalermachine.com\/es\/wp-json\/wp\/v2\/media\/11329"}],"wp:attachment":[{"href":"https:\/\/www.unitetopbalermachine.com\/es\/wp-json\/wp\/v2\/media?parent=12692"}],"wp:term":[{"taxonomy":"product_brand","embeddable":true,"href":"https:\/\/www.unitetopbalermachine.com\/es\/wp-json\/wp\/v2\/product_brand?post=12692"},{"taxonomy":"product_cat","embeddable":true,"href":"https:\/\/www.unitetopbalermachine.com\/es\/wp-json\/wp\/v2\/product_cat?post=12692"},{"taxonomy":"product_tag","embeddable":true,"href":"https:\/\/www.unitetopbalermachine.com\/es\/wp-json\/wp\/v2\/product_tag?post=12692"}],"curies":[{"name":"wp","href":"https:\/\/api.w.org\/{rel}","templated":true}]}}