{"id":3903,"date":"2024-05-06T11:58:33","date_gmt":"2024-05-06T11:58:33","guid":{"rendered":"https:\/\/www.unitetopbalermachine.com\/product\/hydraulische-hochleistungs-schrottschere-der-serie-q91y\/"},"modified":"2025-03-10T01:51:25","modified_gmt":"2025-03-10T01:51:25","slug":"hydraulische-hochleistungs-schrottschere-der-serie-q91y","status":"publish","type":"product","link":"https:\/\/www.unitetopbalermachine.com\/de\/product\/hydraulische-hochleistungs-schrottschere-der-serie-q91y\/","title":{"rendered":"Hochleistungs-Hydraulik-Portalschere der Serie Q91Y"},"content":{"rendered":"<h2>Produktspezifikationen<\/h2>\n<table border=\"1\" cellspacing=\"0\">\n<tbody>\n<tr>\n<td valign=\"top\" width=\"103\">\n<p align=\"center\">Modell<\/p>\n<\/td>\n<td valign=\"top\" width=\"122\">Max. Schnittkraft (Tonnen)<\/td>\n<td valign=\"top\" width=\"158\">\n<p align=\"center\">Kammergr\u00f6\u00dfe (mm)<\/p>\n<\/td>\n<td valign=\"top\" width=\"92\">Klingenl\u00e4nge (mm)<\/td>\n<td valign=\"top\" width=\"112\">\n<p align=\"center\">Kapazit\u00e4t (T\/H)<\/p>\n<\/td>\n<td valign=\"top\" width=\"134\">Scherfrequenz (Mal\/min)<\/td>\n<td valign=\"top\" width=\"66\">\n<p align=\"center\">Leistung (kW)<\/p>\n<\/td>\n<\/tr>\n<tr>\n<td valign=\"top\" width=\"103\">\n<p align=\"center\">Q91Y-2500<\/p>\n<\/td>\n<td valign=\"top\" width=\"122\">\n<p align=\"center\">250<\/p>\n<\/td>\n<td valign=\"top\" width=\"158\">\n<p align=\"center\">3000\u00d71200\u00d7900<\/p>\n<\/td>\n<td valign=\"top\" width=\"92\">\n<p align=\"center\">1200<\/p>\n<\/td>\n<td valign=\"top\" width=\"112\">\n<p align=\"center\">2-3T<\/p>\n<\/td>\n<td valign=\"top\" width=\"134\">\n<p align=\"center\">3-5<\/p>\n<\/td>\n<td valign=\"top\" width=\"66\">\n<p align=\"center\">2\u00d730<\/p>\n<\/td>\n<\/tr>\n<tr>\n<td valign=\"top\" width=\"103\">\n<p align=\"center\">Q91Y-3150<\/p>\n<\/td>\n<td valign=\"top\" width=\"122\">\n<p align=\"center\">315<\/p>\n<\/td>\n<td valign=\"top\" width=\"158\">\n<p align=\"center\">5000\u00d71400\u00d71200<\/p>\n<\/td>\n<td valign=\"top\" width=\"92\">\n<p align=\"center\">1400<\/p>\n<\/td>\n<td valign=\"top\" width=\"112\">\n<p align=\"center\">3-4T<\/p>\n<\/td>\n<td valign=\"top\" width=\"134\">\n<p align=\"center\">3-5<\/p>\n<\/td>\n<td valign=\"top\" width=\"66\">\n<p align=\"center\">45+22<\/p>\n<\/td>\n<\/tr>\n<tr>\n<td valign=\"top\" width=\"103\">\n<p align=\"center\">Q91Y-4000<\/p>\n<\/td>\n<td valign=\"top\" width=\"122\">\n<p align=\"center\">400<\/p>\n<\/td>\n<td valign=\"top\" width=\"158\">\n<p align=\"center\">6000\u00d71400\u00d71200<\/p>\n<\/td>\n<td valign=\"top\" width=\"92\">\n<p align=\"center\">1400<\/p>\n<\/td>\n<td valign=\"top\" width=\"112\">\n<p align=\"center\">5-6T<\/p>\n<\/td>\n<td valign=\"top\" width=\"134\">\n<p align=\"center\">3-5<\/p>\n<\/td>\n<td valign=\"top\" width=\"66\">\n<p align=\"center\">2\u00d745<\/p>\n<\/td>\n<\/tr>\n<tr>\n<td valign=\"top\" width=\"103\">\n<p align=\"center\">Q91Y-5000<\/p>\n<\/td>\n<td valign=\"top\" width=\"122\">\n<p align=\"center\">500<\/p>\n<\/td>\n<td valign=\"top\" width=\"158\">\n<p align=\"center\">6000\u00d71600\u00d7900<\/p>\n<\/td>\n<td valign=\"top\" width=\"92\">\n<p align=\"center\">1600<\/p>\n<\/td>\n<td valign=\"top\" width=\"112\">\n<p align=\"center\">6-8T<\/p>\n<\/td>\n<td valign=\"top\" width=\"134\">\n<p align=\"center\">3-5<\/p>\n<\/td>\n<td valign=\"top\" width=\"66\">\n<p align=\"center\">3\u00d745<\/p>\n<\/td>\n<\/tr>\n<tr>\n<td valign=\"top\" width=\"103\">\n<p align=\"center\">Q91Y-6300<\/p>\n<\/td>\n<td valign=\"top\" width=\"122\">\n<p align=\"center\">630<\/p>\n<\/td>\n<td valign=\"top\" width=\"158\">\n<p align=\"center\">8000\u00d71800\u00d71200<\/p>\n<\/td>\n<td valign=\"top\" width=\"92\">\n<p align=\"center\">1800<\/p>\n<\/td>\n<td valign=\"top\" width=\"112\">\n<p align=\"center\">12-15T<\/p>\n<\/td>\n<td valign=\"top\" width=\"134\">\n<p align=\"center\">3-5<\/p>\n<\/td>\n<td valign=\"top\" width=\"66\">\n<p align=\"center\">4\u00d745<\/p>\n<\/td>\n<\/tr>\n<tr>\n<td valign=\"top\" width=\"103\">\n<p align=\"center\">Q91Y-8000<\/p>\n<\/td>\n<td valign=\"top\" width=\"122\">\n<p align=\"center\">800<\/p>\n<\/td>\n<td valign=\"top\" width=\"158\">\n<p align=\"center\">8000\u00d71800\u00d71200<\/p>\n<\/td>\n<td valign=\"top\" width=\"92\">\n<p align=\"center\">1800<\/p>\n<\/td>\n<td valign=\"top\" width=\"112\">\n<p align=\"center\">16-18T<\/p>\n<\/td>\n<td valign=\"top\" width=\"134\">\n<p align=\"center\">3-5<\/p>\n<\/td>\n<td valign=\"top\" width=\"66\">\n<p align=\"center\">5\u00d745<\/p>\n<\/td>\n<\/tr>\n<tr>\n<td valign=\"top\" width=\"103\">\n<p align=\"center\">Q91Y-10000<\/p>\n<\/td>\n<td valign=\"top\" width=\"122\">\n<p align=\"center\">1000<\/p>\n<\/td>\n<td valign=\"top\" width=\"158\">\n<p align=\"center\">8000\u00d71800\u00d71200<\/p>\n<\/td>\n<td valign=\"top\" width=\"92\">\n<p align=\"center\">1800<\/p>\n<\/td>\n<td valign=\"top\" width=\"112\">\n<p align=\"center\">18-22T<\/p>\n<\/td>\n<td valign=\"top\" width=\"134\">\n<p align=\"center\">3-5<\/p>\n<\/td>\n<td valign=\"top\" width=\"66\">\n<p align=\"center\">6\u00d745<\/p>\n<\/td>\n<\/tr>\n<tr>\n<td valign=\"top\" width=\"103\">\n<p align=\"center\">Q91Y-12500<\/p>\n<\/td>\n<td valign=\"top\" width=\"122\">\n<p align=\"center\">1250<\/p>\n<\/td>\n<td valign=\"top\" width=\"158\">\n<p align=\"center\">10000\u00d72000\u00d71400<\/p>\n<\/td>\n<td valign=\"top\" width=\"92\">\n<p align=\"center\">2000<\/p>\n<\/td>\n<td valign=\"top\" width=\"112\">\n<p align=\"center\">20-25T<\/p>\n<\/td>\n<td valign=\"top\" width=\"134\">\n<p align=\"center\">3-5<\/p>\n<\/td>\n<td valign=\"top\" width=\"66\">\n<p align=\"center\">7\u00d745<\/p>\n<\/td>\n<\/tr>\n<\/tbody>\n<\/table>\n<h2>Video zum Schneidevorgang<\/h2>\n<div class=\"ast-oembed-container \" style=\"height: 100%;\"><iframe title=\"Q91Y heavy duty scrap metal shear machine\" width=\"500\" height=\"281\" src=\"https:\/\/www.youtube.com\/embed\/tC2AMSLZOd0?feature=oembed\" frameborder=\"0\" allow=\"accelerometer; autoplay; clipboard-write; encrypted-media; gyroscope; picture-in-picture; web-share\" referrerpolicy=\"strict-origin-when-cross-origin\" allowfullscreen><\/iframe><\/div>\n<h2>Anwendungen<\/h2>\n<p>Hochleistungs-Portalscheren sind f\u00fcr die effiziente Handhabung und Verarbeitung von Materialien in vielen Branchen von entscheidender Bedeutung. Hier sind die wichtigsten Branchen, in denen Portalscheren h\u00e4ufig eingesetzt werden:<\/p>\n<ol>\n<li><strong>Altmetallrecycling: <\/strong> Portalscheren sind in Recyclinganlagen von zentraler Bedeutung, wo sie zum Schneiden und Vorbereiten gro\u00dfer Altmetallst\u00fccke f\u00fcr das Recycling oder den Wiederverkauf verwendet werden.<\/li>\n<li><strong>Automobilindustrie:<\/strong> Wird zum Zerlegen alter und unbrauchbarer Fahrzeuge verwendet, indem Metallteile wie Rahmen und Karosserieteile zum Recycling durchgeschnitten werden.<\/li>\n<li><strong>Bau und Abbruch:<\/strong> Hilft bei der Handhabung von Abfallmaterialien, indem es Metalltr\u00e4ger, Rohre und anderen Bauschutt durchschneidet und so das Recycling und die Entsorgung erleichtert.<\/li>\n<li><strong>Fertigung: <\/strong> In Fertigungsbereichen, insbesondere in der Metallverarbeitung, helfen Portalscheren dabei, \u00fcbersch\u00fcssige oder unerw\u00fcnschte Metallteile abzuschneiden.<\/li>\n<li><strong>Schiffsbau und -reparatur:<\/strong> N\u00fctzlich zum Schneiden durch dicke Metallplatten und -tr\u00e4ger beim Bau oder der Demontage von Schiffen.<\/li>\n<li><strong>Eisenbahnindustrie:<\/strong> Wird zum Schneiden von Schienen und anderen Metallteilen bei der Wartung und Au\u00dferbetriebnahme von Gleisen eingesetzt.<\/li>\n<\/ol>\n<h2>Kooperative Lieferanten<\/h2>\n<p><img fetchpriority=\"high\" decoding=\"async\" class=\"wp-image-1707 aligncenter\" src=\"https:\/\/www.unitetopbalermachine.com\/wp-content\/uploads\/2024\/05\/COOPERATIVE-SUPPLIERS-1024x256.jpg\" alt=\"Kooperative Lieferanten\" width=\"701\" height=\"175\" srcset=\"https:\/\/www.unitetopbalermachine.com\/wp-content\/uploads\/2024\/05\/COOPERATIVE-SUPPLIERS-1024x256.jpg 1024w, https:\/\/www.unitetopbalermachine.com\/wp-content\/uploads\/2024\/05\/COOPERATIVE-SUPPLIERS-600x150.jpg 600w, https:\/\/www.unitetopbalermachine.com\/wp-content\/uploads\/2024\/05\/COOPERATIVE-SUPPLIERS-300x75.jpg 300w, https:\/\/www.unitetopbalermachine.com\/wp-content\/uploads\/2024\/05\/COOPERATIVE-SUPPLIERS-768x192.jpg 768w, https:\/\/www.unitetopbalermachine.com\/wp-content\/uploads\/2024\/05\/COOPERATIVE-SUPPLIERS.jpg 1200w\" sizes=\"(max-width: 701px) 100vw, 701px\" \/><\/p>\n","protected":false},"excerpt":{"rendered":"<ul>\n<li>Portalscheren haben eine robuste geschwei\u00dfte Stahlplattenstruktur, die k\u00fcnstlich gealtert und gegl\u00fcht wird, um Schwei\u00dfspannungen abzubauen und so hohe Pr\u00e4zision und Stabilit\u00e4t zu gew\u00e4hrleisten.<\/li>\n<li>Die aus langlebigem Schneidwerkzeugstahl gefertigten Klingen bieten eine l\u00e4ngere Lebensdauer und Haltbarkeit.<\/li>\n<li>Der S\u00e4geblattabstand ist einstellbar, was sowohl die Arbeitsgenauigkeit der Maschine als auch die Lebensdauer des S\u00e4geblattes verbessert.<\/li>\n<li>Der Materialkasten der Portalschere besteht aus geschwei\u00dftem Baustahl und ist f\u00fcr h\u00f6chste Verschlei\u00dffestigkeit mit einer NM500-Stahlplatte ausgekleidet. Es verf\u00fcgt \u00fcber einen Schubkopf, der von einem speziellen Hydrauliksystem angetrieben wird und eine reibungslose, automatische Funktionalit\u00e4t sowie einen zuverl\u00e4ssigen \u00dcberlastschutz bietet.<\/li>\n<li>Das Hydrauliksystem der Maschine ist einzigartig und mit Eigentumsrechten konzipiert. Es umfasst einen Differentialkreis im prim\u00e4ren Scherzylinder zur Verbesserung der kinetischen Energieeffizienz und ein kompaktes Design, das die Anzahl der Hydraulikanschl\u00fcsse und die Systemerw\u00e4rmung reduziert und so f\u00fcr zuverl\u00e4ssige Leistung sorgt.<\/li>\n<li>Das durchdachte Design des \u00d6ltanks bietet ausreichend Volumen und hohe strukturelle Steifigkeit. Eine Trennwand trennt die \u00d6lr\u00fccklauf- und Saug\u00f6ffnungen, um die Erw\u00e4rmung des Hydraulik\u00f6ls wirksam zu minimieren.<\/li>\n<\/ul>\n","protected":false},"featured_media":5472,"template":"","meta":{"site-sidebar-layout":"default","site-content-layout":"","ast-site-content-layout":"default","site-content-style":"default","site-sidebar-style":"default","ast-global-header-display":"","ast-banner-title-visibility":"","ast-main-header-display":"","ast-hfb-above-header-display":"","ast-hfb-below-header-display":"","ast-hfb-mobile-header-display":"","site-post-title":"","ast-breadcrumbs-content":"","ast-featured-img":"","footer-sml-layout":"","theme-transparent-header-meta":"default","adv-header-id-meta":"","stick-header-meta":"","header-above-stick-meta":"","header-main-stick-meta":"","header-below-stick-meta":"","astra-migrate-meta-layouts":"set","ast-page-background-enabled":"default","ast-page-background-meta":{"desktop":{"background-color":"var(--ast-global-color-4)","background-image":"","background-repeat":"repeat","background-position":"center center","background-size":"auto","background-attachment":"scroll","background-type":"","background-media":"","overlay-type":"","overlay-color":"","overlay-opacity":"","overlay-gradient":""},"tablet":{"background-color":"","background-image":"","background-repeat":"repeat","background-position":"center center","background-size":"auto","background-attachment":"scroll","background-type":"","background-media":"","overlay-type":"","overlay-color":"","overlay-opacity":"","overlay-gradient":""},"mobile":{"background-color":"","background-image":"","background-repeat":"repeat","background-position":"center center","background-size":"auto","background-attachment":"scroll","background-type":"","background-media":"","overlay-type":"","overlay-color":"","overlay-opacity":"","overlay-gradient":""}},"ast-content-background-meta":{"desktop":{"background-color":"var(--ast-global-color-5)","background-image":"","background-repeat":"repeat","background-position":"center center","background-size":"auto","background-attachment":"scroll","background-type":"","background-media":"","overlay-type":"","overlay-color":"","overlay-opacity":"","overlay-gradient":""},"tablet":{"background-color":"var(--ast-global-color-5)","background-image":"","background-repeat":"repeat","background-position":"center center","background-size":"auto","background-attachment":"scroll","background-type":"","background-media":"","overlay-type":"","overlay-color":"","overlay-opacity":"","overlay-gradient":""},"mobile":{"background-color":"var(--ast-global-color-5)","background-image":"","background-repeat":"repeat","background-position":"center center","background-size":"auto","background-attachment":"scroll","background-type":"","background-media":"","overlay-type":"","overlay-color":"","overlay-opacity":"","overlay-gradient":""}}},"product_brand":[],"product_cat":[67],"product_tag":[],"class_list":{"0":"post-3903","1":"product","2":"type-product","3":"status-publish","4":"has-post-thumbnail","6":"product_cat-schrottschere","7":"desktop-align-left","8":"tablet-align-left","9":"mobile-align-left","11":"first","12":"instock","13":"shipping-taxable","14":"product-type-simple"},"_links":{"self":[{"href":"https:\/\/www.unitetopbalermachine.com\/de\/wp-json\/wp\/v2\/product\/3903","targetHints":{"allow":["GET"]}}],"collection":[{"href":"https:\/\/www.unitetopbalermachine.com\/de\/wp-json\/wp\/v2\/product"}],"about":[{"href":"https:\/\/www.unitetopbalermachine.com\/de\/wp-json\/wp\/v2\/types\/product"}],"wp:featuredmedia":[{"embeddable":true,"href":"https:\/\/www.unitetopbalermachine.com\/de\/wp-json\/wp\/v2\/media\/5472"}],"wp:attachment":[{"href":"https:\/\/www.unitetopbalermachine.com\/de\/wp-json\/wp\/v2\/media?parent=3903"}],"wp:term":[{"taxonomy":"product_brand","embeddable":true,"href":"https:\/\/www.unitetopbalermachine.com\/de\/wp-json\/wp\/v2\/product_brand?post=3903"},{"taxonomy":"product_cat","embeddable":true,"href":"https:\/\/www.unitetopbalermachine.com\/de\/wp-json\/wp\/v2\/product_cat?post=3903"},{"taxonomy":"product_tag","embeddable":true,"href":"https:\/\/www.unitetopbalermachine.com\/de\/wp-json\/wp\/v2\/product_tag?post=3903"}],"curies":[{"name":"wp","href":"https:\/\/api.w.org\/{rel}","templated":true}]}}