{"id":12755,"date":"2025-03-13T01:04:10","date_gmt":"2025-03-13T01:04:10","guid":{"rendered":"https:\/\/www.unitetopbalermachine.com\/product\/hydraulische-schrottbehaelter-schermaschine-der-ws-serie-mit-automatischer-steuerung\/"},"modified":"2026-03-18T10:20:49","modified_gmt":"2026-03-18T10:20:49","slug":"hydraulische-schrottbehaelter-schermaschine-der-ws-serie-mit-automatischer-steuerung","status":"publish","type":"product","link":"https:\/\/www.unitetopbalermachine.com\/de\/hydraulische-schrottbehaelter-schermaschine-der-ws-serie-mit-automatischer-steuerung.html","title":{"rendered":"Hydraulische Schrottbeh\u00e4lter-Schermaschine der WS-Serie mit automatischer Steuerung"},"content":{"rendered":"<h2>Produktionsdetails<\/h2>\n<p>Die hydraulische Schrottbeh\u00e4lterschere der WS-Serie ist f\u00fcr die Metallrecyclingbranche von gro\u00dfem Nutzen. Jedes Land k\u00e4mpft derzeit mit dem Problem knapper Ressourcen. Der optimale Recyclingansatz ist sowohl in Industrie- als auch in Entwicklungsl\u00e4ndern ein wichtiges Thema. Um die Bed\u00fcrfnisse unserer Kunden zu erf\u00fcllen, entwickeln wir verschiedene hydraulische Schrottbeh\u00e4lterscheren f\u00fcr die Altmetallverarbeitung.<\/p>\n<p>Die hydraulischen Schrottscheren der WS-Serie eignen sich f\u00fcr die R\u00fcckgewinnung und Verarbeitung sowie die Gro\u00dfindustrie der Eisen- und Stahlindustrie und der Nichteisenmetallverh\u00fcttung. Diese Scheren schneiden verschiedenste Metallformen, darunter Rund-, Vierkant-, U-, Winkel-, I- und Blechstahl sowie alle Arten von Schrottstrukturen und Kaltstahlschrott. Dies erleichtert Verpackung, Lagerung und Transport und erm\u00f6glicht gleichzeitig die qualifizierte Chargenverh\u00fcttung.<\/p>\n<h3>Merkmale<\/h3>\n<ul>\n<li>Die hydraulische Schrottcontainerschere der WS-Serie verf\u00fcgt \u00fcber einen hydraulischen Antrieb.<\/li>\n<li>Im Vergleich zu herk\u00f6mmlichen mechanischen Schermaschinen bietet unsere hydraulische Schrottbeh\u00e4lterschere der WS-Serie ein kompaktes Design, eine leichte Struktur, geringe Tr\u00e4gheit, reduzierte Ger\u00e4uschentwicklung und einen reibungslosen Betrieb.<\/li>\n<li>Die hydraulische Schrottbeh\u00e4lterschere der WS-Serie ist einfach und sicher zu bedienen und erm\u00f6glicht eine einfache Einstellung der Scherklinge.<\/li>\n<li>Die hydraulische Schrottcontainerschere der WS-Serie ist langlebig und steigert die Produktivit\u00e4t.<\/li>\n<li>Die automatische SPS-Steuerung ist einfach zu verwenden und zu warten.<\/li>\n<li>Die hydraulische Schrottcontainerschere aus unserer WS-Serie ist f\u00fcr eine Vielzahl von Metallarten geeignet.<\/li>\n<\/ul>\n<h2>Anwendungen<\/h2>\n<p><img fetchpriority=\"high\" decoding=\"async\" class=\"alignnone size-full wp-image-11466\" src=\"https:\/\/www.unitetopbalermachine.com\/wp-content\/uploads\/2025\/03\/Automatic-Control-Hydraulic-Scrap-Metal-Container-Shear-Machine-Applications.jpg\" alt=\"Anwendungen f\u00fcr hydraulische Schrottbeh\u00e4lterscheren mit automatischer Steuerung\" width=\"1200\" height=\"205\" srcset=\"https:\/\/www.unitetopbalermachine.com\/wp-content\/uploads\/2025\/03\/Automatic-Control-Hydraulic-Scrap-Metal-Container-Shear-Machine-Applications.jpg 1200w, https:\/\/www.unitetopbalermachine.com\/wp-content\/uploads\/2025\/03\/Automatic-Control-Hydraulic-Scrap-Metal-Container-Shear-Machine-Applications-300x51.jpg 300w, https:\/\/www.unitetopbalermachine.com\/wp-content\/uploads\/2025\/03\/Automatic-Control-Hydraulic-Scrap-Metal-Container-Shear-Machine-Applications-1024x175.jpg 1024w, https:\/\/www.unitetopbalermachine.com\/wp-content\/uploads\/2025\/03\/Automatic-Control-Hydraulic-Scrap-Metal-Container-Shear-Machine-Applications-768x131.jpg 768w, https:\/\/www.unitetopbalermachine.com\/wp-content\/uploads\/2025\/03\/Automatic-Control-Hydraulic-Scrap-Metal-Container-Shear-Machine-Applications-600x103.jpg 600w\" sizes=\"(max-width: 1200px) 100vw, 1200px\" \/><\/p>\n<h2>Technische Parameter<\/h2>\n<table>\n<tbody>\n<tr>\n<td><strong>Modell<\/strong><\/td>\n<td><strong>Max. Schnittkraft (Tonnen)<\/strong><\/td>\n<td><strong>Klingenl\u00e4nge (mm)<\/strong><\/td>\n<td><strong>Scherh\u00f6he (mm)<\/strong><\/td>\n<td><strong>Scherfrequenz (mal\/min)<\/strong><\/td>\n<td><strong>Leistung<\/strong><strong>\uff08kw\uff09<\/strong><\/td>\n<\/tr>\n<tr>\n<td>WS-630<\/td>\n<td>630<\/td>\n<td>1400<\/td>\n<td>420\/300<\/td>\n<td>8-10<\/td>\n<td>110<\/td>\n<\/tr>\n<tr>\n<td>WS-800<\/td>\n<td>800<\/td>\n<td>1600<\/td>\n<td>420\/300<\/td>\n<td>12-18<\/td>\n<td>150<\/td>\n<\/tr>\n<tr>\n<td>WS-1000<\/td>\n<td>1000<\/td>\n<td>1600\/2100<\/td>\n<td>420\/500<\/td>\n<td>15-25<\/td>\n<td>275<\/td>\n<\/tr>\n<\/tbody>\n<\/table>\n<h2>Kooperative Lieferanten<\/h2>\n<p><img decoding=\"async\" class=\"size-full wp-image-11297 aligncenter\" src=\"https:\/\/www.unitetopbalermachine.com\/wp-content\/uploads\/2025\/03\/Cooperative-Suppliers.jpg\" alt=\"Kooperative Lieferanten\" width=\"900\" height=\"422\" srcset=\"https:\/\/www.unitetopbalermachine.com\/wp-content\/uploads\/2025\/03\/Cooperative-Suppliers.jpg 900w, https:\/\/www.unitetopbalermachine.com\/wp-content\/uploads\/2025\/03\/Cooperative-Suppliers-300x141.jpg 300w, https:\/\/www.unitetopbalermachine.com\/wp-content\/uploads\/2025\/03\/Cooperative-Suppliers-768x360.jpg 768w, https:\/\/www.unitetopbalermachine.com\/wp-content\/uploads\/2025\/03\/Cooperative-Suppliers-600x281.jpg 600w\" sizes=\"(max-width: 900px) 100vw, 900px\" \/><\/p>\n<h2>Sehen Sie sich die hydraulische Schrottcontainer-Scherballenpresse der WS-Serie zum Schneiden von Metall in Aktion an!<\/h2>\n<div class=\"ast-oembed-container \" style=\"height: 100%;\"><iframe title=\"Chinese Manufacture Automatic Control WS Series Hydraulic Scrap Metal Container Shear Machine\" width=\"500\" height=\"281\" src=\"https:\/\/www.youtube.com\/embed\/QnC-QROUEIU?feature=oembed\" frameborder=\"0\" allow=\"accelerometer; autoplay; clipboard-write; encrypted-media; gyroscope; picture-in-picture; web-share\" referrerpolicy=\"strict-origin-when-cross-origin\" allowfullscreen><\/iframe><\/div>\n","protected":false},"excerpt":{"rendered":"<p>Mit \u00fcber 25 Jahren Produktionserfahrung haben wir mehr als 3.000 ma\u00dfgeschneiderte L\u00f6sungen f\u00fcr das Recycling von Altmetall geliefert.<\/p>\n<table>\n<tbody>\n<tr>\n<td>Herkunftsort<\/td>\n<td>JIANGYIN, CHINA<\/td>\n<\/tr>\n<tr>\n<td>Modell<\/td>\n<td>WS-630<\/td>\n<\/tr>\n<tr>\n<td>Maximale Schnittkraft<\/td>\n<td>630 Tonnen<\/td>\n<\/tr>\n<tr>\n<td>Klingenl\u00e4nge<\/td>\n<td>1400mm<\/td>\n<\/tr>\n<tr>\n<td>Motor<\/td>\n<td>110kw<\/td>\n<\/tr>\n<tr>\n<td>Farbe<\/td>\n<td>Benutzerdefiniert<\/td>\n<\/tr>\n<tr>\n<td>Betrieb<\/td>\n<td>Automatische Steuerung<\/td>\n<\/tr>\n<\/tbody>\n<\/table>\n","protected":false},"featured_media":11480,"template":"","meta":{"site-sidebar-layout":"default","site-content-layout":"","ast-site-content-layout":"default","site-content-style":"default","site-sidebar-style":"default","ast-global-header-display":"","ast-banner-title-visibility":"","ast-main-header-display":"","ast-hfb-above-header-display":"","ast-hfb-below-header-display":"","ast-hfb-mobile-header-display":"","site-post-title":"","ast-breadcrumbs-content":"","ast-featured-img":"","footer-sml-layout":"","theme-transparent-header-meta":"default","adv-header-id-meta":"","stick-header-meta":"","header-above-stick-meta":"","header-main-stick-meta":"","header-below-stick-meta":"","astra-migrate-meta-layouts":"set","ast-page-background-enabled":"default","ast-page-background-meta":{"desktop":{"background-color":"var(--ast-global-color-4)","background-image":"","background-repeat":"repeat","background-position":"center center","background-size":"auto","background-attachment":"scroll","background-type":"","background-media":"","overlay-type":"","overlay-color":"","overlay-opacity":"","overlay-gradient":""},"tablet":{"background-color":"","background-image":"","background-repeat":"repeat","background-position":"center center","background-size":"auto","background-attachment":"scroll","background-type":"","background-media":"","overlay-type":"","overlay-color":"","overlay-opacity":"","overlay-gradient":""},"mobile":{"background-color":"","background-image":"","background-repeat":"repeat","background-position":"center center","background-size":"auto","background-attachment":"scroll","background-type":"","background-media":"","overlay-type":"","overlay-color":"","overlay-opacity":"","overlay-gradient":""}},"ast-content-background-meta":{"desktop":{"background-color":"var(--ast-global-color-5)","background-image":"","background-repeat":"repeat","background-position":"center center","background-size":"auto","background-attachment":"scroll","background-type":"","background-media":"","overlay-type":"","overlay-color":"","overlay-opacity":"","overlay-gradient":""},"tablet":{"background-color":"var(--ast-global-color-5)","background-image":"","background-repeat":"repeat","background-position":"center center","background-size":"auto","background-attachment":"scroll","background-type":"","background-media":"","overlay-type":"","overlay-color":"","overlay-opacity":"","overlay-gradient":""},"mobile":{"background-color":"var(--ast-global-color-5)","background-image":"","background-repeat":"repeat","background-position":"center center","background-size":"auto","background-attachment":"scroll","background-type":"","background-media":"","overlay-type":"","overlay-color":"","overlay-opacity":"","overlay-gradient":""}}},"product_brand":[],"product_cat":[67],"product_tag":[],"class_list":{"0":"post-12755","1":"product","2":"type-product","3":"status-publish","4":"has-post-thumbnail","6":"product_cat-schrottschere","7":"desktop-align-left","8":"tablet-align-left","9":"mobile-align-left","11":"first","12":"instock","13":"shipping-taxable","14":"product-type-simple"},"_links":{"self":[{"href":"https:\/\/www.unitetopbalermachine.com\/de\/wp-json\/wp\/v2\/product\/12755","targetHints":{"allow":["GET"]}}],"collection":[{"href":"https:\/\/www.unitetopbalermachine.com\/de\/wp-json\/wp\/v2\/product"}],"about":[{"href":"https:\/\/www.unitetopbalermachine.com\/de\/wp-json\/wp\/v2\/types\/product"}],"wp:featuredmedia":[{"embeddable":true,"href":"https:\/\/www.unitetopbalermachine.com\/de\/wp-json\/wp\/v2\/media\/11480"}],"wp:attachment":[{"href":"https:\/\/www.unitetopbalermachine.com\/de\/wp-json\/wp\/v2\/media?parent=12755"}],"wp:term":[{"taxonomy":"product_brand","embeddable":true,"href":"https:\/\/www.unitetopbalermachine.com\/de\/wp-json\/wp\/v2\/product_brand?post=12755"},{"taxonomy":"product_cat","embeddable":true,"href":"https:\/\/www.unitetopbalermachine.com\/de\/wp-json\/wp\/v2\/product_cat?post=12755"},{"taxonomy":"product_tag","embeddable":true,"href":"https:\/\/www.unitetopbalermachine.com\/de\/wp-json\/wp\/v2\/product_tag?post=12755"}],"curies":[{"name":"wp","href":"https:\/\/api.w.org\/{rel}","templated":true}]}}