{"id":12746,"date":"2025-03-13T01:06:24","date_gmt":"2025-03-13T01:06:24","guid":{"rendered":"https:\/\/www.unitetopbalermachine.com\/product\/hochleistungs-hydraulik-schrottschere-hbs\/"},"modified":"2025-07-28T01:57:26","modified_gmt":"2025-07-28T01:57:26","slug":"hochleistungs-hydraulik-schrottschere-hbs","status":"publish","type":"product","link":"https:\/\/www.unitetopbalermachine.com\/de\/hochleistungs-hydraulik-schrottschere-hbs.html","title":{"rendered":"Hochleistungs-Hydraulik-Schrottschere (HBS)"},"content":{"rendered":"<h2>Produktbeschreibung<\/h2>\n<p>Diese hydraulische Schrottschere eignet sich ideal f\u00fcr die Verarbeitung unterschiedlicher Schrottarten und ist daher eine unverzichtbare Maschine f\u00fcr Metallrecyclinganlagen, Stahlwerke und industrielle Schrottpl\u00e4tze.<\/p>\n<p>Die Maschine funktioniert, indem sie Metallst\u00fccke mithilfe eines Pressdeckels, eines Fl\u00fcgels und eines Zuf\u00fchrschiebers in zwei oder drei Dimensionen presst und sie dann in handliche Gr\u00f6\u00dfen schneidet oder bricht.<\/p>\n<h3>Hauptfunktionen:<\/h3>\n<p><strong>Schrott vorkomprimieren und schneiden<\/strong><br \/>\nSperrige Schrottmaterialien werden vor dem Schneiden effektiv verdichtet, wodurch die Verarbeitungseffizienz maximiert und das Materialvolumen f\u00fcr eine einfachere Handhabung und einen einfacheren Transport reduziert wird.<\/p>\n<p><strong>Zuschnitte von Stangen und Profilen<\/strong><br \/>\nMetallstangen, -tr\u00e4ger und -strukturprofile werden pr\u00e4zise auf einheitliche L\u00e4ngen zugeschnitten, um saubere und genaue Schnitte f\u00fcr das weitere Recycling oder die Wiederverwendung zu gew\u00e4hrleisten.<\/p>\n<p><strong>Paket Leichtschrott<\/strong><br \/>\nLeichte Schrottmaterialien werden verdichtet, um die Lager- und Logistikeffizienz zu verbessern. Durch die Erh\u00f6hung der Schrottdichte wird der Transport kosteng\u00fcnstiger.<\/p>\n<p><strong>Karosserien quetschen und schneiden<\/strong><br \/>\nGro\u00dfe Autoschrotte werden effizient gepresst und geschnitten, was den Recyclingprozess erleichtert, indem die Fahrzeugstrukturen in kleinere, handlichere St\u00fccke zerlegt werden.<\/p>\n<h2>Technische Daten<\/h2>\n<table>\n<tbody>\n<tr>\n<td rowspan=\"2\" width=\"13.1800%\">Modell<\/td>\n<td width=\"14.9200%\">Max. Schnittkraft<\/td>\n<td width=\"13.0800%\">Einf\u00fcll\u00f6ffnung<\/td>\n<td width=\"10.5600%\">Ballengr\u00f6\u00dfe<\/td>\n<td width=\"10.1800%\">Klingenl\u00e4nge<\/td>\n<td width=\"12.8800%\">Produktionsrate<\/td>\n<td width=\"14.3000%\">Schnittfrequenz<\/td>\n<td width=\"10.8000%\">Hauptmotor<\/td>\n<\/tr>\n<tr>\n<td width=\"14.9200%\">(Tonne)<\/td>\n<td width=\"13.0800%\">(mm)<\/td>\n<td width=\"10.5600%\">(mm)<\/td>\n<td width=\"10.1800%\">(mm)<\/td>\n<td width=\"12.8800%\">(Tonnen\/Std.)<\/td>\n<td width=\"14.3000%\">(Mal\/min)<\/td>\n<td width=\"10.8000%\">(kW)<\/td>\n<\/tr>\n<tr>\n<td width=\"13.1800%\">LT-HBS-500<\/td>\n<td width=\"14.9200%\">500<\/td>\n<td width=\"13.0800%\">4800\u00d72240<\/td>\n<td width=\"10.5600%\">650\u00d7550<\/td>\n<td width=\"10.1800%\">750<\/td>\n<td width=\"12.8800%\">5.5-15<\/td>\n<td rowspan=\"2\" width=\"14.3000%\">3-4<\/td>\n<td width=\"10.8000%\">(2+1)\u00d790<\/td>\n<\/tr>\n<tr>\n<td width=\"13.1800%\">LT-HBS-630<\/td>\n<td width=\"14.9200%\">600<\/td>\n<td width=\"13.0800%\">6000\u00d72500<\/td>\n<td width=\"10.5600%\">720\u00d7650<\/td>\n<td width=\"10.1800%\">880<\/td>\n<td width=\"12.8800%\">8.0-22.0<\/td>\n<td width=\"10.8000%\">(3+1)\u00d790<\/td>\n<\/tr>\n<\/tbody>\n<\/table>\n","protected":false},"excerpt":{"rendered":"<p>Unsere hydraulische Hochleistungs-Schrottschere bietet durch leistungsstarke Vorkompressions- und Schneidmechanismen eine hohe Effizienz bei der Verarbeitung verschiedener Metallschrotte.<\/p>\n<p>Es verarbeitet effektiv unterschiedliche Materialien, von Stangen und Profilen bis hin zu Karosserien, und gew\u00e4hrleistet pr\u00e4zises und gleichm\u00e4\u00dfiges Schneiden. Das robuste Hydrauliksystem sorgt f\u00fcr hohe Schneidkraft und erm\u00f6glicht so einen schnellen und zuverl\u00e4ssigen Betrieb bei gleichzeitig reduziertem Materialvolumen f\u00fcr eine einfachere Handhabung.<\/p>\n<p>Mit automatisierten Steuerungen und einer robusten Konstruktion steigert es die Produktivit\u00e4t und gew\u00e4hrleistet eine langfristige Leistung bei anspruchsvollen Schrottrecyclinganwendungen.<\/p>\n<ul>\n<li>Starke hydraulische Schneidkraft<\/li>\n<li>Robuste, langlebige Konstruktion<\/li>\n<li>Vielseitige Schrotthandhabung<\/li>\n<li>Produktionseffizienz von 5,5 bis 22 Tonnen pro Stunde<\/li>\n<\/ul>\n","protected":false},"featured_media":11140,"template":"","meta":{"site-sidebar-layout":"default","site-content-layout":"","ast-site-content-layout":"default","site-content-style":"default","site-sidebar-style":"default","ast-global-header-display":"","ast-banner-title-visibility":"","ast-main-header-display":"","ast-hfb-above-header-display":"","ast-hfb-below-header-display":"","ast-hfb-mobile-header-display":"","site-post-title":"","ast-breadcrumbs-content":"","ast-featured-img":"","footer-sml-layout":"","theme-transparent-header-meta":"default","adv-header-id-meta":"","stick-header-meta":"","header-above-stick-meta":"","header-main-stick-meta":"","header-below-stick-meta":"","astra-migrate-meta-layouts":"set","ast-page-background-enabled":"default","ast-page-background-meta":{"desktop":{"background-color":"var(--ast-global-color-4)","background-image":"","background-repeat":"repeat","background-position":"center center","background-size":"auto","background-attachment":"scroll","background-type":"","background-media":"","overlay-type":"","overlay-color":"","overlay-opacity":"","overlay-gradient":""},"tablet":{"background-color":"","background-image":"","background-repeat":"repeat","background-position":"center center","background-size":"auto","background-attachment":"scroll","background-type":"","background-media":"","overlay-type":"","overlay-color":"","overlay-opacity":"","overlay-gradient":""},"mobile":{"background-color":"","background-image":"","background-repeat":"repeat","background-position":"center center","background-size":"auto","background-attachment":"scroll","background-type":"","background-media":"","overlay-type":"","overlay-color":"","overlay-opacity":"","overlay-gradient":""}},"ast-content-background-meta":{"desktop":{"background-color":"var(--ast-global-color-5)","background-image":"","background-repeat":"repeat","background-position":"center center","background-size":"auto","background-attachment":"scroll","background-type":"","background-media":"","overlay-type":"","overlay-color":"","overlay-opacity":"","overlay-gradient":""},"tablet":{"background-color":"var(--ast-global-color-5)","background-image":"","background-repeat":"repeat","background-position":"center center","background-size":"auto","background-attachment":"scroll","background-type":"","background-media":"","overlay-type":"","overlay-color":"","overlay-opacity":"","overlay-gradient":""},"mobile":{"background-color":"var(--ast-global-color-5)","background-image":"","background-repeat":"repeat","background-position":"center center","background-size":"auto","background-attachment":"scroll","background-type":"","background-media":"","overlay-type":"","overlay-color":"","overlay-opacity":"","overlay-gradient":""}}},"product_brand":[],"product_cat":[67],"product_tag":[],"class_list":{"0":"post-12746","1":"product","2":"type-product","3":"status-publish","4":"has-post-thumbnail","6":"product_cat-schrottschere","7":"desktop-align-left","8":"tablet-align-left","9":"mobile-align-left","11":"first","12":"instock","13":"shipping-taxable","14":"product-type-simple"},"_links":{"self":[{"href":"https:\/\/www.unitetopbalermachine.com\/de\/wp-json\/wp\/v2\/product\/12746","targetHints":{"allow":["GET"]}}],"collection":[{"href":"https:\/\/www.unitetopbalermachine.com\/de\/wp-json\/wp\/v2\/product"}],"about":[{"href":"https:\/\/www.unitetopbalermachine.com\/de\/wp-json\/wp\/v2\/types\/product"}],"wp:featuredmedia":[{"embeddable":true,"href":"https:\/\/www.unitetopbalermachine.com\/de\/wp-json\/wp\/v2\/media\/11140"}],"wp:attachment":[{"href":"https:\/\/www.unitetopbalermachine.com\/de\/wp-json\/wp\/v2\/media?parent=12746"}],"wp:term":[{"taxonomy":"product_brand","embeddable":true,"href":"https:\/\/www.unitetopbalermachine.com\/de\/wp-json\/wp\/v2\/product_brand?post=12746"},{"taxonomy":"product_cat","embeddable":true,"href":"https:\/\/www.unitetopbalermachine.com\/de\/wp-json\/wp\/v2\/product_cat?post=12746"},{"taxonomy":"product_tag","embeddable":true,"href":"https:\/\/www.unitetopbalermachine.com\/de\/wp-json\/wp\/v2\/product_tag?post=12746"}],"curies":[{"name":"wp","href":"https:\/\/api.w.org\/{rel}","templated":true}]}}