{"id":12728,"date":"2025-04-09T02:45:48","date_gmt":"2025-04-09T02:45:48","guid":{"rendered":"https:\/\/www.unitetopbalermachine.com\/product\/mobile-hydraulische-schrottballenpresse-der-serie-y81m-mit-automatischer-steuerung\/"},"modified":"2025-07-25T11:13:16","modified_gmt":"2025-07-25T11:13:16","slug":"mobile-hydraulische-schrottballenpresse-der-serie-y81m-mit-automatischer-steuerung","status":"publish","type":"product","link":"https:\/\/www.unitetopbalermachine.com\/de\/mobile-hydraulische-schrottballenpresse-der-serie-y81m-mit-automatischer-steuerung.html","title":{"rendered":"Mobile hydraulische Schrottballenpresse der Serie Y81M mit automatischer Steuerung"},"content":{"rendered":"<h2>Produkt\u00fcbersicht<\/h2>\n<p>Die neue Generation mobiler Ballenpressen verwendet einen Sattelauflieger als mobilen Tr\u00e4ger und ist mit einem leistungsstarken Teleskop-Hauptzylindersystem ausgestattet, das die Beschr\u00e4nkungen herk\u00f6mmlicher station\u00e4rer Betriebsabl\u00e4ufe aufhebt und effiziente Ballenpressfunktionen perfekt mit flexibler Mobilit\u00e4t kombiniert!<\/p>\n<p>Egal, ob es um Abfallrecycling, die Komprimierung von Industrieabf\u00e4llen oder das Pressen von Metallballen geht: Sie ben\u00f6tigen nur ein Ger\u00e4t, um Ihre Vorg\u00e4nge jederzeit und \u00fcberall durchzuf\u00fchren und so Zeit, Aufwand und Kosten zu sparen!<\/p>\n<h2>Kernvorteile<\/h2>\n<p><img fetchpriority=\"high\" decoding=\"async\" class=\"size-full wp-image-11955 aligncenter\" src=\"https:\/\/www.unitetopbalermachine.com\/wp-content\/uploads\/2025\/04\/Y81M-Mobile-Hydraulic-Scrap-Metal-Baler-1.jpg\" alt=\"Y81M Mobile hydraulische Schrottpresse\" width=\"1200\" height=\"526\" srcset=\"https:\/\/www.unitetopbalermachine.com\/wp-content\/uploads\/2025\/04\/Y81M-Mobile-Hydraulic-Scrap-Metal-Baler-1.jpg 1200w, https:\/\/www.unitetopbalermachine.com\/wp-content\/uploads\/2025\/04\/Y81M-Mobile-Hydraulic-Scrap-Metal-Baler-1-300x132.jpg 300w, https:\/\/www.unitetopbalermachine.com\/wp-content\/uploads\/2025\/04\/Y81M-Mobile-Hydraulic-Scrap-Metal-Baler-1-1024x449.jpg 1024w, https:\/\/www.unitetopbalermachine.com\/wp-content\/uploads\/2025\/04\/Y81M-Mobile-Hydraulic-Scrap-Metal-Baler-1-768x337.jpg 768w, https:\/\/www.unitetopbalermachine.com\/wp-content\/uploads\/2025\/04\/Y81M-Mobile-Hydraulic-Scrap-Metal-Baler-1-600x263.jpg 600w\" sizes=\"(max-width: 1200px) 100vw, 1200px\" \/><\/p>\n<p><strong>Mobiler Betrieb, fl\u00e4chendeckende Abdeckung<\/strong><\/p>\n<ul>\n<li>Durch die Konstruktion mit Sattelauflieger-Fahrgestell entspricht diese Maschine den Stra\u00dfentransportnormen, erm\u00f6glicht einen schnellen Transport und macht einen festen Standort \u00fcberfl\u00fcssig.<\/li>\n<li>Es bietet eine bundesweite Betriebsabdeckung, ideal f\u00fcr die Altmetallverarbeitung auf Baustellen und mobile Dienste f\u00fcr Metallverarbeitungsbetriebe.<\/li>\n<\/ul>\n<p><strong>Leistungsstarker Teleskop-Hauptzylinder<\/strong><\/p>\n<ul>\n<li>Ausgestattet mit einem hochpr\u00e4zisen Teleskop-Hydraulikzylinder bietet er eine hohe Schubkraft und einen langen Hub. Die Kompressionseffizienz wird um 30 % erh\u00f6ht, sodass auch hohe Verpackungsdichten problemlos bew\u00e4ltigt werden k\u00f6nnen.<\/li>\n<li>Das intelligente Hydrauliksystem sorgt f\u00fcr einen stabilen und kontrollierbaren Druck, gew\u00e4hrleistet eine gleichbleibende Kompaktheit der Verpackung und verringert das Risiko von losem Material.<\/li>\n<\/ul>\n<p><strong>Modularer Aufbau, flexible Anpassung<\/strong><\/p>\n<ul>\n<li>Das obere Ballenpressenmodul ist anpassbar und erm\u00f6glicht eine bedarfsgerechte Konfiguration der Drucktonnage (50\u20135000 Tonnen).<\/li>\n<li>Das offene Strukturdesign erleichtert die Wartung, w\u00e4hrend die Hauptkomponenten verschlei\u00dffest und sto\u00dffest sind, was die Lebensdauer um 50 % verl\u00e4ngert.<\/li>\n<\/ul>\n<p><strong>Intelligente Steuerung, sicher und effizient<\/strong><\/p>\n<ul>\n<li>Das System verf\u00fcgt \u00fcber eine elektronische Ein-Knopf-Bedienoberfl\u00e4che, die einfach und intuitiv ist und Fern\u00fcberwachung und Fehlerdiagnose unterst\u00fctzt.<\/li>\n<li>Zahlreiche Sicherheitsma\u00dfnahmen, darunter ein hydraulischer \u00dcberlastschutz, eine Notbremsung und eine Anti-Dumping-Halterung, sorgen f\u00fcr einen sicheren Betrieb.<\/li>\n<\/ul>\n<h2>Technische Highlights<\/h2>\n<p><strong>Sattelauflieger-Fahrgestelle<\/strong><\/p>\n<ul>\n<li>Das serienm\u00e4\u00dfige ABS-Bremssystem entspricht den nationalen Stra\u00dfentransportnormen und ist f\u00fcr verschiedene Sattelzugmaschinen geeignet.<\/li>\n<li>Am Umschlagplatz ist die Anlage betriebsbereit, ohne dass zus\u00e4tzliche Be- oder Entladungen erforderlich sind.<\/li>\n<\/ul>\n<p><strong>Teleskop-Hauptzylinderstruktur<\/strong><\/p>\n<ul>\n<li>Durch die Konstruktion mit Teleskopzylindern bietet es einen l\u00e4ngeren Kompressionshub, eine erh\u00f6hte Einzelverarbeitungskapazit\u00e4t und eine geringere Betriebsfrequenz.<\/li>\n<li>Die Zylinderdichtungen bestehen aus importierten Materialien, sind hochdruck- und temperaturbest\u00e4ndig und eliminieren effektiv das Risiko eines \u00d6llecks.<\/li>\n<\/ul>\n<p><strong>Energieeinsparung und Umweltschutz<\/strong><\/p>\n<ul>\n<li>Das ger\u00e4uscharme Hydrauliksystem erf\u00fcllt Umweltschutzkriterien mit einem Betriebsger\u00e4usch von \u2264 75 dB.<\/li>\n<li>Ein optionaler Generatorsatz oder eine externe Stromversorgung erm\u00f6glicht den Betrieb in Umgebungen ohne Elektrizit\u00e4t.<\/li>\n<\/ul>\n<h2>Wie funktioniert eine mobile Altmetallpresse?<\/h2>\n<div class=\"ast-oembed-container \" style=\"height: 100%;\"><iframe title=\"Y81M mobile baler for scrap metal recycling\" width=\"500\" height=\"281\" src=\"https:\/\/www.youtube.com\/embed\/QsryQpbWRrg?feature=oembed\" frameborder=\"0\" allow=\"accelerometer; autoplay; clipboard-write; encrypted-media; gyroscope; picture-in-picture; web-share\" referrerpolicy=\"strict-origin-when-cross-origin\" allowfullscreen><\/iframe><\/div>\n<h2>Anwendungsszenarien<\/h2>\n<ul>\n<li><strong>Industriebereich:<\/strong> Komprimierung und Volumenreduzierung von wiederverwertbaren Materialien wie Altmetall, Kunststoff, Kartons, Schaumstoff usw.<\/li>\n<li><strong>Bereich Umweltschutz:<\/strong> Mobile Pressverarbeitung von Altmetall und Althaushaltsger\u00e4ten zur Senkung der Transportkosten.<\/li>\n<\/ul>\n<h2>Unsere umfassenden Leistungen<\/h2>\n<ul>\n<li>Professionelles Team f\u00fcr ma\u00dfgeschneiderte L\u00f6sungen.<\/li>\n<li>Technischer Kundendienst rund um die Uhr.<\/li>\n<li>1 Jahr Garantie auf die gesamte Maschine, lebenslange Wartung f\u00fcr Kernkomponenten.<\/li>\n<\/ul>\n<h2>Kooperative Lieferanten<\/h2>\n<p><img decoding=\"async\" class=\"alignnone size-full wp-image-1707\" src=\"https:\/\/www.unitetopbalermachine.com\/wp-content\/uploads\/2024\/05\/COOPERATIVE-SUPPLIERS.jpg\" alt=\"Kooperative Lieferanten\" width=\"1200\" height=\"300\" srcset=\"https:\/\/www.unitetopbalermachine.com\/wp-content\/uploads\/2024\/05\/COOPERATIVE-SUPPLIERS.jpg 1200w, https:\/\/www.unitetopbalermachine.com\/wp-content\/uploads\/2024\/05\/COOPERATIVE-SUPPLIERS-600x150.jpg 600w, https:\/\/www.unitetopbalermachine.com\/wp-content\/uploads\/2024\/05\/COOPERATIVE-SUPPLIERS-300x75.jpg 300w, https:\/\/www.unitetopbalermachine.com\/wp-content\/uploads\/2024\/05\/COOPERATIVE-SUPPLIERS-1024x256.jpg 1024w, https:\/\/www.unitetopbalermachine.com\/wp-content\/uploads\/2024\/05\/COOPERATIVE-SUPPLIERS-768x192.jpg 768w\" sizes=\"(max-width: 1200px) 100vw, 1200px\" \/><\/p>\n","protected":false},"excerpt":{"rendered":"<p>Mit \u00fcber 25 Jahren Produktionserfahrung haben wir ma\u00dfgeschneiderte Altmetallrecyclingl\u00f6sungen f\u00fcr mehr als 3.000 Sets bereitgestellt.<\/p>\n<table>\n<tbody>\n<tr>\n<td>Herkunftsort<\/td>\n<td>JIANGYIN, CHINA<\/td>\n<\/tr>\n<tr>\n<td>Modell<\/td>\n<td>Y81M-Serie<\/td>\n<\/tr>\n<tr>\n<td>Hydraulikdruck<\/td>\n<td>250 Tonnen<\/td>\n<\/tr>\n<tr>\n<td>Ballengr\u00f6\u00dfe<\/td>\n<td>500 * 500 mm oder benutzerdefiniert<\/td>\n<\/tr>\n<tr>\n<td>Kammergr\u00f6\u00dfe<\/td>\n<td>2500*1750*1000 mm oder kundenspezifisch<\/td>\n<\/tr>\n<tr>\n<td>Ausballenweg<\/td>\n<td>Ballen nach vorne raus<\/p>\n<p>Ballen auswerfen<\/p>\n<p>Ballen ausschieben<\/td>\n<\/tr>\n<tr>\n<td>Farbe<\/td>\n<td>Benutzerdefiniert<\/td>\n<\/tr>\n<tr>\n<td>Betrieb<\/td>\n<td>Manuelle oder SPS-Steuerung<\/td>\n<\/tr>\n<\/tbody>\n<\/table>\n","protected":false},"featured_media":11909,"template":"","meta":{"site-sidebar-layout":"default","site-content-layout":"","ast-site-content-layout":"default","site-content-style":"default","site-sidebar-style":"default","ast-global-header-display":"","ast-banner-title-visibility":"","ast-main-header-display":"","ast-hfb-above-header-display":"","ast-hfb-below-header-display":"","ast-hfb-mobile-header-display":"","site-post-title":"","ast-breadcrumbs-content":"","ast-featured-img":"","footer-sml-layout":"","theme-transparent-header-meta":"default","adv-header-id-meta":"","stick-header-meta":"","header-above-stick-meta":"","header-main-stick-meta":"","header-below-stick-meta":"","astra-migrate-meta-layouts":"set","ast-page-background-enabled":"default","ast-page-background-meta":{"desktop":{"background-color":"var(--ast-global-color-4)","background-image":"","background-repeat":"repeat","background-position":"center center","background-size":"auto","background-attachment":"scroll","background-type":"","background-media":"","overlay-type":"","overlay-color":"","overlay-opacity":"","overlay-gradient":""},"tablet":{"background-color":"","background-image":"","background-repeat":"repeat","background-position":"center center","background-size":"auto","background-attachment":"scroll","background-type":"","background-media":"","overlay-type":"","overlay-color":"","overlay-opacity":"","overlay-gradient":""},"mobile":{"background-color":"","background-image":"","background-repeat":"repeat","background-position":"center center","background-size":"auto","background-attachment":"scroll","background-type":"","background-media":"","overlay-type":"","overlay-color":"","overlay-opacity":"","overlay-gradient":""}},"ast-content-background-meta":{"desktop":{"background-color":"var(--ast-global-color-5)","background-image":"","background-repeat":"repeat","background-position":"center center","background-size":"auto","background-attachment":"scroll","background-type":"","background-media":"","overlay-type":"","overlay-color":"","overlay-opacity":"","overlay-gradient":""},"tablet":{"background-color":"var(--ast-global-color-5)","background-image":"","background-repeat":"repeat","background-position":"center center","background-size":"auto","background-attachment":"scroll","background-type":"","background-media":"","overlay-type":"","overlay-color":"","overlay-opacity":"","overlay-gradient":""},"mobile":{"background-color":"var(--ast-global-color-5)","background-image":"","background-repeat":"repeat","background-position":"center center","background-size":"auto","background-attachment":"scroll","background-type":"","background-media":"","overlay-type":"","overlay-color":"","overlay-opacity":"","overlay-gradient":""}}},"product_brand":[],"product_cat":[65],"product_tag":[],"class_list":{"0":"post-12728","1":"product","2":"type-product","3":"status-publish","4":"has-post-thumbnail","6":"product_cat-schrottballenpresse","7":"desktop-align-left","8":"tablet-align-left","9":"mobile-align-left","11":"first","12":"instock","13":"shipping-taxable","14":"product-type-simple"},"_links":{"self":[{"href":"https:\/\/www.unitetopbalermachine.com\/de\/wp-json\/wp\/v2\/product\/12728","targetHints":{"allow":["GET"]}}],"collection":[{"href":"https:\/\/www.unitetopbalermachine.com\/de\/wp-json\/wp\/v2\/product"}],"about":[{"href":"https:\/\/www.unitetopbalermachine.com\/de\/wp-json\/wp\/v2\/types\/product"}],"wp:featuredmedia":[{"embeddable":true,"href":"https:\/\/www.unitetopbalermachine.com\/de\/wp-json\/wp\/v2\/media\/11909"}],"wp:attachment":[{"href":"https:\/\/www.unitetopbalermachine.com\/de\/wp-json\/wp\/v2\/media?parent=12728"}],"wp:term":[{"taxonomy":"product_brand","embeddable":true,"href":"https:\/\/www.unitetopbalermachine.com\/de\/wp-json\/wp\/v2\/product_brand?post=12728"},{"taxonomy":"product_cat","embeddable":true,"href":"https:\/\/www.unitetopbalermachine.com\/de\/wp-json\/wp\/v2\/product_cat?post=12728"},{"taxonomy":"product_tag","embeddable":true,"href":"https:\/\/www.unitetopbalermachine.com\/de\/wp-json\/wp\/v2\/product_tag?post=12728"}],"curies":[{"name":"wp","href":"https:\/\/api.w.org\/{rel}","templated":true}]}}