{"id":12721,"date":"2025-03-13T01:05:19","date_gmt":"2025-03-13T01:05:19","guid":{"rendered":"https:\/\/www.unitetopbalermachine.com\/product\/hydraulische-schrottballenzerkleinerer-der-cbj-serie\/"},"modified":"2025-07-25T09:28:00","modified_gmt":"2025-07-25T09:28:00","slug":"hydraulische-schrottballenzerkleinerer-der-cbj-serie","status":"publish","type":"product","link":"https:\/\/www.unitetopbalermachine.com\/de\/hydraulische-schrottballenzerkleinerer-der-cbj-serie.html","title":{"rendered":"Hydraulische Schrottballenzerkleinerer der CBJ-Serie"},"content":{"rendered":"<h2>Produkteinf\u00fchrung<\/h2>\n<p>Die hydraulische Schrottballenbrechermaschine der CBJ-Serie eignet sich f\u00fcr Metallr\u00fcckgewinnungsunternehmen, Schrottstahlwerke sowie Schmelz- und Gie\u00dfereibetriebe, um die Qualit\u00e4t der Schrotteisen- und Stahlproduktion zu verbessern und eine qualitativ hochwertige, qualifizierte Chargenproduktion professioneller Ger\u00e4te zu gew\u00e4hrleisten.<\/p>\n<p>Die hydraulische Schrottballenzerkleinerungsmaschine der CBJ-Serie, auch bekannt als Pressblockzerlegungsmaschine, ist eine neue Generation professioneller Schrottballenzerlegungsmaschinen und stellt eine Art Pr\u00fcfger\u00e4t dar. Die hydraulische Schrottballenzerkleinerungsmaschine der CBJ-Serie erkennt Verunreinigungen im Verpackungsblock, um den Schrottgehalt zu ermitteln, die Qualit\u00e4t der Schrottprodukte zu gew\u00e4hrleisten und die Stabilit\u00e4t des Schrottmarktes zu erhalten. Die hydraulische Schrottballenzerkleinerungsmaschine der CBJ-Serie wird h\u00e4ufig in der Stahl-, Schmelz-, Stahl-, Werft- und anderen Industrien eingesetzt.<\/p>\n<h3>Merkmale<\/h3>\n<ul>\n<li>Die hydraulischen Schrottballenzerkleinerer der CBJ-Serie verf\u00fcgen \u00fcber unterschiedliche Spezifikationen und Modelle, die den Anforderungen verschiedener Kunden gerecht werden k\u00f6nnen.<\/li>\n<li>Je nach Kundenwunsch k\u00f6nnen verschiedene Maschinen hinzugef\u00fcgt werden.<\/li>\n<li>Die hydraulische Schrottballenzerkleinerungsmaschine der CBJ-Serie muss nicht repariert oder installiert werden.<\/li>\n<li>Einfache SPS-Bedienung, starke Stabilit\u00e4t, hoher Sicherheitsfaktor, vollst\u00e4ndige Trennung.<\/li>\n<li>Die hydraulische Schrottballenzerkleinerungsmaschine der CBJ-Serie ist ger\u00e4uscharm und vibrationsfrei.<\/li>\n<li>Hoher Automatisierungsgrad, hohe Produktivit\u00e4t.<\/li>\n<li>F\u00fchren Sie w\u00e4hrend des Betriebs der hydraulischen Schrottballenzerkleinerer der CBJ-Serie keine Reparaturen durch, ber\u00fchren Sie nicht die beweglichen Teile und dr\u00fccken Sie nicht mit Ihren H\u00e4nden oder F\u00fc\u00dfen auf das Material in der Materialbox.<\/li>\n<\/ul>\n<h3>Funktionsprinzip<\/h3>\n<p>Die hydraulische Schrottballenpresse der CBJ-Serie versorgt den integrierten \u00d6lkreislauf mit einer hydraulischen Kolbenpumpe. Dieser leitet das \u00d6l \u00fcber ein verteiltes Handventil an den Hydraulikzylinder weiter, um Kraft zu erzeugen. Der Druck kann je nach Bedarf angepasst werden (das Manometer zeigt den Druck an). Um die hydraulische Ballenpresse zu zerlegen, greifen Sie den Hydraulikmanipulator und dr\u00fccken Sie ihn zusammen. Anschlie\u00dfend werden die Ballen durch mehrfaches Zerlegen zerlegt.<\/p>\n<h3>Hauptkomponenten<\/h3>\n<p>Die hydraulische Schrottballenzerkleinerungsmaschine der CBJ-Serie besteht aus einem Motor, einem \u00d6ltank, einer \u00d6lpumpe, einem Manipulator, einem Schmetterlingsbalken, einem Hydrauliksystem und einem Hauptmotor.<\/p>\n<table class=\"table0313\">\n<tbody>\n<tr>\n<td><img fetchpriority=\"high\" decoding=\"async\" class=\"alignnone size-full wp-image-11224\" src=\"https:\/\/www.unitetopbalermachine.com\/wp-content\/uploads\/2025\/03\/Scrap-Bale-Breaker.jpg\" alt=\"Schrottballenbrecher\" width=\"600\" height=\"337\" srcset=\"https:\/\/www.unitetopbalermachine.com\/wp-content\/uploads\/2025\/03\/Scrap-Bale-Breaker.jpg 600w, https:\/\/www.unitetopbalermachine.com\/wp-content\/uploads\/2025\/03\/Scrap-Bale-Breaker-300x169.jpg 300w\" sizes=\"(max-width: 600px) 100vw, 600px\" \/><\/td>\n<td>1. Einfacher auszupacken<br \/>\nDie hydraulische Schrottballenzerkleinerer der CBJ-Serie verf\u00fcgen \u00fcber eine wissenschaftlichere Haken- und Klauenstruktur. Die Hakenklauen schneiden besser in die Verpackung und erleichtern so das Auspacken.<\/td>\n<\/tr>\n<tr>\n<td>2. Austauschbare Klauenkopfklinge<br \/>\nAm Kopf der Klaue wird eine austauschbare Klinge aus hochfestem legiertem Stahl verwendet, um die Verschlei\u00dffestigkeit und Lebensdauer der Hakenklaue zu verbessern.<\/td>\n<td><img decoding=\"async\" class=\"alignnone size-full wp-image-11236\" src=\"https:\/\/www.unitetopbalermachine.com\/wp-content\/uploads\/2025\/03\/Scrap-Bale-Breaker-Claw-Head-Blade.jpg\" alt=\"Klauenkopfklinge f\u00fcr Schrottballenbrecher\" width=\"600\" height=\"329\" srcset=\"https:\/\/www.unitetopbalermachine.com\/wp-content\/uploads\/2025\/03\/Scrap-Bale-Breaker-Claw-Head-Blade.jpg 600w, https:\/\/www.unitetopbalermachine.com\/wp-content\/uploads\/2025\/03\/Scrap-Bale-Breaker-Claw-Head-Blade-300x165.jpg 300w\" sizes=\"(max-width: 600px) 100vw, 600px\" \/><\/td>\n<\/tr>\n<tr>\n<td><img decoding=\"async\" class=\"alignnone size-full wp-image-11248\" src=\"https:\/\/www.unitetopbalermachine.com\/wp-content\/uploads\/2025\/03\/Scrap-Bale-Breaker-Machine-Guide-Rail.jpg\" alt=\"F\u00fchrungsschiene der Schrottballenbrechermaschine\" width=\"600\" height=\"324\" srcset=\"https:\/\/www.unitetopbalermachine.com\/wp-content\/uploads\/2025\/03\/Scrap-Bale-Breaker-Machine-Guide-Rail.jpg 600w, https:\/\/www.unitetopbalermachine.com\/wp-content\/uploads\/2025\/03\/Scrap-Bale-Breaker-Machine-Guide-Rail-300x162.jpg 300w\" sizes=\"(max-width: 600px) 100vw, 600px\" \/><\/td>\n<td>3. Verschlei\u00dffestes Design der Schl\u00fcsselteile, F\u00fchrungsschiene<br \/>\nEntsprechend den Verschlei\u00dfeigenschaften der F\u00fchrungsschiene und anderer relevanter Teile des Rahmens wird die hochfeste, verschlei\u00dffeste Platte aus legiertem Stahl am Rahmen angebracht.<\/td>\n<\/tr>\n<\/tbody>\n<\/table>\n<h2>Technische Daten<\/h2>\n<table class=\"border:0 !important;\">\n<tbody>\n<tr>\n<td><strong>Modell<\/strong><\/td>\n<td><strong>Nenndruck (Tonnen)<\/strong><\/td>\n<td><strong>Abnehmbare Ballengr\u00f6\u00dfe (mm)<\/strong><\/td>\n<td><strong>Leistung (KW)<\/strong><\/td>\n<\/tr>\n<tr>\n<td>CBJ-1200<\/td>\n<td>120<\/td>\n<td>\u2264 600 x 600<\/td>\n<td>18.5<\/td>\n<\/tr>\n<tr>\n<td>CBJ-1600<\/td>\n<td>160<\/td>\n<td>\u2264 800 x 800<\/td>\n<td>22<\/td>\n<\/tr>\n<tr>\n<td>CBJ-3150<\/td>\n<td>315<\/td>\n<td>\u2264 800 x 800<\/td>\n<td>45<\/td>\n<\/tr>\n<\/tbody>\n<\/table>\n<h2>Anwendungen<\/h2>\n<p><img loading=\"lazy\" decoding=\"async\" class=\"alignnone size-full wp-image-11430\" src=\"https:\/\/www.unitetopbalermachine.com\/wp-content\/uploads\/2025\/03\/Hydraulic-Scrap-Bale-Breaker-Machine-Applications.jpg\" alt=\"Anwendungen f\u00fcr hydraulische Schrottballenbrecher\" width=\"1200\" height=\"202\" srcset=\"https:\/\/www.unitetopbalermachine.com\/wp-content\/uploads\/2025\/03\/Hydraulic-Scrap-Bale-Breaker-Machine-Applications.jpg 1200w, https:\/\/www.unitetopbalermachine.com\/wp-content\/uploads\/2025\/03\/Hydraulic-Scrap-Bale-Breaker-Machine-Applications-300x51.jpg 300w, https:\/\/www.unitetopbalermachine.com\/wp-content\/uploads\/2025\/03\/Hydraulic-Scrap-Bale-Breaker-Machine-Applications-1024x172.jpg 1024w, https:\/\/www.unitetopbalermachine.com\/wp-content\/uploads\/2025\/03\/Hydraulic-Scrap-Bale-Breaker-Machine-Applications-768x129.jpg 768w, https:\/\/www.unitetopbalermachine.com\/wp-content\/uploads\/2025\/03\/Hydraulic-Scrap-Bale-Breaker-Machine-Applications-600x101.jpg 600w\" sizes=\"(max-width: 1200px) 100vw, 1200px\" \/><\/p>\n<h2>Kooperative Lieferanten<\/h2>\n<p><img loading=\"lazy\" decoding=\"async\" class=\"alignnone size-full wp-image-1707\" src=\"https:\/\/www.unitetopbalermachine.com\/wp-content\/uploads\/2024\/05\/COOPERATIVE-SUPPLIERS.jpg\" alt=\"Kooperative Lieferanten\" width=\"1200\" height=\"300\" srcset=\"https:\/\/www.unitetopbalermachine.com\/wp-content\/uploads\/2024\/05\/COOPERATIVE-SUPPLIERS.jpg 1200w, https:\/\/www.unitetopbalermachine.com\/wp-content\/uploads\/2024\/05\/COOPERATIVE-SUPPLIERS-600x150.jpg 600w, https:\/\/www.unitetopbalermachine.com\/wp-content\/uploads\/2024\/05\/COOPERATIVE-SUPPLIERS-300x75.jpg 300w, https:\/\/www.unitetopbalermachine.com\/wp-content\/uploads\/2024\/05\/COOPERATIVE-SUPPLIERS-1024x256.jpg 1024w, https:\/\/www.unitetopbalermachine.com\/wp-content\/uploads\/2024\/05\/COOPERATIVE-SUPPLIERS-768x192.jpg 768w\" sizes=\"(max-width: 1200px) 100vw, 1200px\" \/><\/p>\n<h2>Sehen Sie sich die hydraulische Schrottballenzerkleinerermaschine der CBJ-Serie in Aktion an!<\/h2>\n<div class=\"ast-oembed-container \" style=\"height: 100%;\"><iframe title=\"CBJ Series hydraulic scrap bale breaker machine\" width=\"500\" height=\"281\" src=\"https:\/\/www.youtube.com\/embed\/HTI9-rj-4lY?feature=oembed\" frameborder=\"0\" allow=\"accelerometer; autoplay; clipboard-write; encrypted-media; gyroscope; picture-in-picture; web-share\" referrerpolicy=\"strict-origin-when-cross-origin\" allowfullscreen><\/iframe><\/div>\n<style>.table0313{border:none;}.table0313 td{border:none;}<\/style>\n","protected":false},"excerpt":{"rendered":"<p>Der hydraulische Schrottballenbrecher der CBJ-Serie verbessert die Schrottqualit\u00e4t bei der Metallr\u00fcckgewinnung, in Stahlwerken und beim Schmelzen und dient als professionelle Demontage- und Pr\u00fcfmaschine.<\/p>\n<p><strong>Funktion:<\/strong> Die hydraulische Schrottballenzerkleinerermaschine der CBJ-Serie ist speziell zum Zerkleinern von aus M\u00fcllfahrzeugen oder Stahlschrott gepressten Ballen konzipiert.<\/p>\n<p><strong>Anforderungen an Schrottballenbl\u00f6cke:<\/strong> maximale Abmessungen von 2000 mm (L) \u00d7 800 mm (B) \u00d7 800 mm (H), mit einer Dichte von nicht mehr als 2,5 Tonnen\/m\u00b3.<\/p>\n<ul>\n<li>Leistungsstarkes Hydrauliksystem<\/li>\n<li>Reduziert die Arbeitskosten<\/li>\n<li>F\u00fcr verschiedene Ballengr\u00f6\u00dfen geeignet<\/li>\n<li>Nenndruck: 120 ~ 315 Tonnen<\/li>\n<\/ul>\n","protected":false},"featured_media":11396,"template":"","meta":{"site-sidebar-layout":"default","site-content-layout":"","ast-site-content-layout":"default","site-content-style":"default","site-sidebar-style":"default","ast-global-header-display":"","ast-banner-title-visibility":"","ast-main-header-display":"","ast-hfb-above-header-display":"","ast-hfb-below-header-display":"","ast-hfb-mobile-header-display":"","site-post-title":"","ast-breadcrumbs-content":"","ast-featured-img":"","footer-sml-layout":"","theme-transparent-header-meta":"default","adv-header-id-meta":"","stick-header-meta":"","header-above-stick-meta":"","header-main-stick-meta":"","header-below-stick-meta":"","astra-migrate-meta-layouts":"set","ast-page-background-enabled":"default","ast-page-background-meta":{"desktop":{"background-color":"var(--ast-global-color-4)","background-image":"","background-repeat":"repeat","background-position":"center center","background-size":"auto","background-attachment":"scroll","background-type":"","background-media":"","overlay-type":"","overlay-color":"","overlay-opacity":"","overlay-gradient":""},"tablet":{"background-color":"","background-image":"","background-repeat":"repeat","background-position":"center center","background-size":"auto","background-attachment":"scroll","background-type":"","background-media":"","overlay-type":"","overlay-color":"","overlay-opacity":"","overlay-gradient":""},"mobile":{"background-color":"","background-image":"","background-repeat":"repeat","background-position":"center center","background-size":"auto","background-attachment":"scroll","background-type":"","background-media":"","overlay-type":"","overlay-color":"","overlay-opacity":"","overlay-gradient":""}},"ast-content-background-meta":{"desktop":{"background-color":"var(--ast-global-color-5)","background-image":"","background-repeat":"repeat","background-position":"center center","background-size":"auto","background-attachment":"scroll","background-type":"","background-media":"","overlay-type":"","overlay-color":"","overlay-opacity":"","overlay-gradient":""},"tablet":{"background-color":"var(--ast-global-color-5)","background-image":"","background-repeat":"repeat","background-position":"center center","background-size":"auto","background-attachment":"scroll","background-type":"","background-media":"","overlay-type":"","overlay-color":"","overlay-opacity":"","overlay-gradient":""},"mobile":{"background-color":"var(--ast-global-color-5)","background-image":"","background-repeat":"repeat","background-position":"center center","background-size":"auto","background-attachment":"scroll","background-type":"","background-media":"","overlay-type":"","overlay-color":"","overlay-opacity":"","overlay-gradient":""}}},"product_brand":[],"product_cat":[184],"product_tag":[],"class_list":{"0":"post-12721","1":"product","2":"type-product","3":"status-publish","4":"has-post-thumbnail","6":"product_cat-schrottballenbrechermaschine","7":"desktop-align-left","8":"tablet-align-left","9":"mobile-align-left","11":"first","12":"instock","13":"shipping-taxable","14":"product-type-simple"},"_links":{"self":[{"href":"https:\/\/www.unitetopbalermachine.com\/de\/wp-json\/wp\/v2\/product\/12721","targetHints":{"allow":["GET"]}}],"collection":[{"href":"https:\/\/www.unitetopbalermachine.com\/de\/wp-json\/wp\/v2\/product"}],"about":[{"href":"https:\/\/www.unitetopbalermachine.com\/de\/wp-json\/wp\/v2\/types\/product"}],"wp:featuredmedia":[{"embeddable":true,"href":"https:\/\/www.unitetopbalermachine.com\/de\/wp-json\/wp\/v2\/media\/11396"}],"wp:attachment":[{"href":"https:\/\/www.unitetopbalermachine.com\/de\/wp-json\/wp\/v2\/media?parent=12721"}],"wp:term":[{"taxonomy":"product_brand","embeddable":true,"href":"https:\/\/www.unitetopbalermachine.com\/de\/wp-json\/wp\/v2\/product_brand?post=12721"},{"taxonomy":"product_cat","embeddable":true,"href":"https:\/\/www.unitetopbalermachine.com\/de\/wp-json\/wp\/v2\/product_cat?post=12721"},{"taxonomy":"product_tag","embeddable":true,"href":"https:\/\/www.unitetopbalermachine.com\/de\/wp-json\/wp\/v2\/product_tag?post=12721"}],"curies":[{"name":"wp","href":"https:\/\/api.w.org\/{rel}","templated":true}]}}