{"id":12693,"date":"2025-03-13T01:03:40","date_gmt":"2025-03-13T01:03:40","guid":{"rendered":"https:\/\/www.unitetopbalermachine.com\/product\/hydraulische-ballenschere-der-ydj-serie\/"},"modified":"2025-07-25T01:53:21","modified_gmt":"2025-07-25T01:53:21","slug":"hydraulische-ballenschere-der-ydj-serie","status":"publish","type":"product","link":"https:\/\/www.unitetopbalermachine.com\/de\/hydraulische-ballenschere-der-ydj-serie.html","title":{"rendered":"Hydraulische Ballenschere der YDJ-Serie"},"content":{"rendered":"<h2>Technische Daten<\/h2>\n<table>\n<tbody>\n<tr>\n<td>Modell<\/td>\n<td>Max. Schnittkraft (Tonnen)<\/td>\n<td>Presskastengr\u00f6\u00dfe (mm)<\/td>\n<td>Ballenquerschnitt (mm)<\/td>\n<td>Scherfrequenz (mal\/min)<\/td>\n<td>Leistung (KW)<\/td>\n<\/tr>\n<tr>\n<td>YDJ-4000<\/td>\n<td>400<\/td>\n<td>4000x1500x800<\/td>\n<td>500&#215;400<\/td>\n<td>4-7<\/td>\n<td>2&#215;45<\/td>\n<\/tr>\n<tr>\n<td>YDJ-5000<\/td>\n<td>500<\/td>\n<td>5000x2000x900<\/td>\n<td>650&#215;500<\/td>\n<td>4-7<\/td>\n<td>3&#215;45<\/td>\n<\/tr>\n<tr>\n<td>YDJ-6300<\/td>\n<td>630<\/td>\n<td>6000x2200x1200<\/td>\n<td>720&#215;650<\/td>\n<td>4-7<\/td>\n<td>6&#215;45<\/td>\n<\/tr>\n<\/tbody>\n<\/table>\n<h2>Key Components<\/h2>\n<p><img fetchpriority=\"high\" decoding=\"async\" class=\"alignnone size-full wp-image-11490\" src=\"https:\/\/www.unitetopbalermachine.com\/wp-content\/uploads\/2025\/03\/YDJ-Series-Hydraulic-Baler-Shear-Machine-Key-Components.jpg\" alt=\"Schl\u00fcsselkomponenten der hydraulischen Ballenschere der YDJ-Serie\" width=\"1200\" height=\"537\" srcset=\"https:\/\/www.unitetopbalermachine.com\/wp-content\/uploads\/2025\/03\/YDJ-Series-Hydraulic-Baler-Shear-Machine-Key-Components.jpg 1200w, https:\/\/www.unitetopbalermachine.com\/wp-content\/uploads\/2025\/03\/YDJ-Series-Hydraulic-Baler-Shear-Machine-Key-Components-300x134.jpg 300w, https:\/\/www.unitetopbalermachine.com\/wp-content\/uploads\/2025\/03\/YDJ-Series-Hydraulic-Baler-Shear-Machine-Key-Components-1024x458.jpg 1024w, https:\/\/www.unitetopbalermachine.com\/wp-content\/uploads\/2025\/03\/YDJ-Series-Hydraulic-Baler-Shear-Machine-Key-Components-768x344.jpg 768w, https:\/\/www.unitetopbalermachine.com\/wp-content\/uploads\/2025\/03\/YDJ-Series-Hydraulic-Baler-Shear-Machine-Key-Components-600x269.jpg 600w\" sizes=\"(max-width: 1200px) 100vw, 1200px\" \/><\/p>\n<p>Unsere hydraulische Ballenschere der YDJ-Serie integriert fortschrittliche hydraulische, elektrische und mechanische Systeme, um eine effiziente und zuverl\u00e4ssige Metallverarbeitung zu gew\u00e4hrleisten.<\/p>\n<ul>\n<li><strong>Hydrauliksystem: <\/strong> Verf\u00fcgt \u00fcber Hochdruck-Hydraulikventile, -Pumpen und -Zylinder, die starke Scher- und Presskr\u00e4fte mit pr\u00e4ziser Steuerung liefern.<\/li>\n<li><strong>Schmierung und \u00dcberwachung:<\/strong> Ausgestattet mit einem automatisierten Schmiersystem und Drucksensoren zur Optimierung des Maschinenbetriebs und Verl\u00e4ngerung der Lebensdauer.<\/li>\n<li><strong>Steuerungssystem: <\/strong> Fortschrittliche SPS-Steuerung und Servoantriebe sorgen f\u00fcr nahtlose Automatisierung, hohe Effizienz und stabile Leistung.<\/li>\n<li><strong>Sicherheit und Schutz:<\/strong> Umfasst Not-Aus-Funktionen, \u00dcberdruckventile und Schutzgeh\u00e4use f\u00fcr einen sicheren Betrieb.<\/li>\n<li><strong>Mechanische Struktur: <\/strong> Hochleistungsstahlkomponenten, pr\u00e4zisionsgefertigte Teile und verschlei\u00dffeste Materialien verbessern Haltbarkeit und Leistung.<\/li>\n<\/ul>\n<h2>Anwendungen<\/h2>\n<p>Unsere hydraulische Ballenschere der YDJ-Serie gew\u00e4hrleistet eine effiziente Metallverarbeitung und ist ideal f\u00fcr Schrottrecycling, Abfallreduzierung und Materialr\u00fcckgewinnung.<\/p>\n<p><strong>Vorspannen und schneiden<\/strong><br \/>\nEffizientes Vorladen und Schneiden verschiedener Metallschrotte, optimiert die Verarbeitung f\u00fcr das Recycling und reduziert das Materialvolumen f\u00fcr eine einfachere Handhabung.<\/p>\n<p><strong>Schubbewehrung<\/strong><br \/>\nSchneidet verst\u00e4rkte Metallstrukturen effektiv und gew\u00e4hrleistet pr\u00e4zises Schneiden dicker Materialien f\u00fcr die Schrottverarbeitung und Recyclinganwendungen.<\/p>\n<p><strong>Verpacktes d\u00fcnnes Material<\/strong><br \/>\nVerdichtet und verpackt d\u00fcnne Metallmaterialien, verbessert die Lagereffizienz und den Transportkomfort, w\u00e4hrend die Recyclingqualit\u00e4t erhalten bleibt.<\/p>\n<p><strong>Kompression, Schub Karosserie<\/strong><br \/>\nKomprimiert und schert ganze Autokarosserien, erleichtert den Recyclingprozess und reduziert das Volumen f\u00fcr eine effiziente Materialr\u00fcckgewinnung.<\/p>\n<h2>Sehen Sie sich die hydraulische Ballenschere der YDJ-Serie zum Schneiden von Metall in Aktion an!<\/h2>\n<div class=\"ast-oembed-container \" style=\"height: 100%;\"><iframe title=\"630 tons YDJ baler shear machine for scrap metal shear\" width=\"500\" height=\"281\" src=\"https:\/\/www.youtube.com\/embed\/Ir3TahMqm0o?feature=oembed\" frameborder=\"0\" allow=\"accelerometer; autoplay; clipboard-write; encrypted-media; gyroscope; picture-in-picture; web-share\" referrerpolicy=\"strict-origin-when-cross-origin\" allowfullscreen><\/iframe><\/div>\n","protected":false},"excerpt":{"rendered":"<p>Unsere hydraulische Ballenschere der YDJ-Serie bietet leistungsstarke Vorlade-, Kompressions- und Scherfunktionen und ist daher ideal f\u00fcr die effiziente Verarbeitung von Metallschrott geeignet.<\/p>\n<p>Es wurde f\u00fcr das Scheren von Bewehrungen, die Kompression von Autokarosserien und die Verpackung d\u00fcnner Materialien entwickelt und gew\u00e4hrleistet hochdichte Ballen f\u00fcr optimierten Transport und Recycling.<\/p>\n<p>Das fortschrittliche Hydrauliksystem sorgt f\u00fcr einen stabilen Betrieb, hohe Schnittkraft und zuverl\u00e4ssige Leistung, wodurch die Arbeitskosten gesenkt und die Produktivit\u00e4t gesteigert werden.<\/p>\n<ul>\n<li>Hohe Schnittkraftkapazit\u00e4t<\/li>\n<li>Vielseitige Materialverarbeitung<\/li>\n<li>Robustes Hydrauliksystem<\/li>\n<li>Anpassbare Pressefachgr\u00f6\u00dfe<\/li>\n<\/ul>\n","protected":false},"featured_media":11189,"template":"","meta":{"site-sidebar-layout":"default","site-content-layout":"","ast-site-content-layout":"default","site-content-style":"default","site-sidebar-style":"default","ast-global-header-display":"","ast-banner-title-visibility":"","ast-main-header-display":"","ast-hfb-above-header-display":"","ast-hfb-below-header-display":"","ast-hfb-mobile-header-display":"","site-post-title":"","ast-breadcrumbs-content":"","ast-featured-img":"","footer-sml-layout":"","theme-transparent-header-meta":"default","adv-header-id-meta":"","stick-header-meta":"","header-above-stick-meta":"","header-main-stick-meta":"","header-below-stick-meta":"","astra-migrate-meta-layouts":"set","ast-page-background-enabled":"default","ast-page-background-meta":{"desktop":{"background-color":"var(--ast-global-color-4)","background-image":"","background-repeat":"repeat","background-position":"center center","background-size":"auto","background-attachment":"scroll","background-type":"","background-media":"","overlay-type":"","overlay-color":"","overlay-opacity":"","overlay-gradient":""},"tablet":{"background-color":"","background-image":"","background-repeat":"repeat","background-position":"center center","background-size":"auto","background-attachment":"scroll","background-type":"","background-media":"","overlay-type":"","overlay-color":"","overlay-opacity":"","overlay-gradient":""},"mobile":{"background-color":"","background-image":"","background-repeat":"repeat","background-position":"center center","background-size":"auto","background-attachment":"scroll","background-type":"","background-media":"","overlay-type":"","overlay-color":"","overlay-opacity":"","overlay-gradient":""}},"ast-content-background-meta":{"desktop":{"background-color":"var(--ast-global-color-5)","background-image":"","background-repeat":"repeat","background-position":"center center","background-size":"auto","background-attachment":"scroll","background-type":"","background-media":"","overlay-type":"","overlay-color":"","overlay-opacity":"","overlay-gradient":""},"tablet":{"background-color":"var(--ast-global-color-5)","background-image":"","background-repeat":"repeat","background-position":"center center","background-size":"auto","background-attachment":"scroll","background-type":"","background-media":"","overlay-type":"","overlay-color":"","overlay-opacity":"","overlay-gradient":""},"mobile":{"background-color":"var(--ast-global-color-5)","background-image":"","background-repeat":"repeat","background-position":"center center","background-size":"auto","background-attachment":"scroll","background-type":"","background-media":"","overlay-type":"","overlay-color":"","overlay-opacity":"","overlay-gradient":""}}},"product_brand":[],"product_cat":[67],"product_tag":[],"class_list":{"0":"post-12693","1":"product","2":"type-product","3":"status-publish","4":"has-post-thumbnail","6":"product_cat-schrottschere","7":"desktop-align-left","8":"tablet-align-left","9":"mobile-align-left","11":"first","12":"instock","13":"shipping-taxable","14":"product-type-simple"},"_links":{"self":[{"href":"https:\/\/www.unitetopbalermachine.com\/de\/wp-json\/wp\/v2\/product\/12693","targetHints":{"allow":["GET"]}}],"collection":[{"href":"https:\/\/www.unitetopbalermachine.com\/de\/wp-json\/wp\/v2\/product"}],"about":[{"href":"https:\/\/www.unitetopbalermachine.com\/de\/wp-json\/wp\/v2\/types\/product"}],"wp:featuredmedia":[{"embeddable":true,"href":"https:\/\/www.unitetopbalermachine.com\/de\/wp-json\/wp\/v2\/media\/11189"}],"wp:attachment":[{"href":"https:\/\/www.unitetopbalermachine.com\/de\/wp-json\/wp\/v2\/media?parent=12693"}],"wp:term":[{"taxonomy":"product_brand","embeddable":true,"href":"https:\/\/www.unitetopbalermachine.com\/de\/wp-json\/wp\/v2\/product_brand?post=12693"},{"taxonomy":"product_cat","embeddable":true,"href":"https:\/\/www.unitetopbalermachine.com\/de\/wp-json\/wp\/v2\/product_cat?post=12693"},{"taxonomy":"product_tag","embeddable":true,"href":"https:\/\/www.unitetopbalermachine.com\/de\/wp-json\/wp\/v2\/product_tag?post=12693"}],"curies":[{"name":"wp","href":"https:\/\/api.w.org\/{rel}","templated":true}]}}