{"id":12683,"date":"2025-03-13T01:04:45","date_gmt":"2025-03-13T01:04:45","guid":{"rendered":"https:\/\/www.unitetopbalermachine.com\/product\/automatisch-gesteuerte-metallzerkleinerungsmaschine-der-spj-serie\/"},"modified":"2026-03-18T08:03:32","modified_gmt":"2026-03-18T08:03:32","slug":"automatisch-gesteuerte-metallzerkleinerungsmaschine-der-spj-serie","status":"publish","type":"product","link":"https:\/\/www.unitetopbalermachine.com\/de\/automatisch-gesteuerte-metallzerkleinerungsmaschine-der-spj-serie.html","title":{"rendered":"Automatisch gesteuerte Metallzerkleinerungsmaschine der SPJ-Serie"},"content":{"rendered":"<h2>Produktdetails<\/h2>\n<p>Der Metallschredder ist ein \u00e4u\u00dferst vielseitiges und multifunktionales Ger\u00e4t, das \u00fcber einen standardisierten modularen Aufbau verf\u00fcgt, der eine hervorragende Austauschbarkeit der Teile gew\u00e4hrleistet. Er ist mit Zusatzmessern aus pr\u00e4zisionsgeschmiedetem Stahl ausgestattet, die f\u00fcr eine l\u00e4ngere Lebensdauer und eine verbesserte Schneidleistung sorgen. <\/p>\n<p>Ihre Hauptfunktion besteht darin, gro\u00dfe Metallteile, darunter \u00fcberdimensionale F\u00e4sser und sperrigen Metallabfall, zu zerkleinern und zu verdichten, um sie f\u00fcr einen effizienten Transport und das Recycling kompakter zu machen. Durch die Zerkleinerung der Materialien auf die erforderliche Plattengr\u00f6\u00dfe erh\u00f6ht sich die Sch\u00fcttdichte, was die Handhabung und Wiederverwendung erleichtert. Mit ihrem schlanken Design, ihrer robusten Konstruktion und ihrer kompakten Bauweise steigert die Maschine nicht nur die Verarbeitungskapazit\u00e4t und die Zerkleinerungseffizienz, sondern erweitert auch ihr Anwendungsspektrum.  <\/p>\n<p>Der Schredder wird h\u00e4ufig zum Zerkleinern von Altmetall eingesetzt und tr\u00e4gt dazu bei, die Sch\u00fcttdichte zu optimieren, um Logistik und Recycling zu vereinfachen. Er eignet sich besonders gut f\u00fcr die Verarbeitung von Farbeimern, Dieselkanistern, d\u00fcnnen Eisenblechen, Autokarosserien, gepressten Metallbl\u00f6cken und Blechabf\u00e4llen. Die Messer sind aus hochfestem legiertem Stahl gefertigt, was eine au\u00dfergew\u00f6hnliche Verschlei\u00dffestigkeit und Langlebigkeit gew\u00e4hrleistet und die Maschine zu einem zuverl\u00e4ssigen Begleiter f\u00fcr den langfristigen Einsatz unter hoher Belastung macht.  <\/p>\n<h3>Funktionen<\/h3>\n<p>1. Das robuste bewegliche Messer verbessert die Zerkleinerungsleistung, wobei der Guss aus legiertem Stahl f\u00fcr Langlebigkeit und eine l\u00e4ngere Lebensdauer sorgt.<\/p>\n<p>2. Die dicke Rahmenplatte h\u00e4lt hohen Drehmomenten stand und sorgt f\u00fcr au\u00dfergew\u00f6hnliche Festigkeit und Stabilit\u00e4t.<\/p>\n<p>3. Ausgestattet mit einem automatischen Steuerungssystem auf Mikrocomputerbasis (SPS), das Start, Stopp, R\u00fcckw\u00e4rtslauf und \u00dcberlastschutz mit automatischer R\u00fcckw\u00e4rtsfunktion erm\u00f6glicht.<\/p>\n<p>4. Unser Metallschredder arbeitet mit niedriger Drehzahl und hohem Drehmoment, verursacht nur minimale Ger\u00e4usch- und Staubentwicklung und erf\u00fcllt dabei die Umweltschutzstandards.<\/p>\n<p>5. Entwickelt f\u00fcr einfache Anpassungen, geringe Wartungskosten und langfristige Wirtschaftlichkeit.<\/p>\n<p>6. Die Werkzeugst\u00e4rke und die Anzahl der Messerzinken k\u00f6nnen an die jeweiligen Anforderungen bei der Materialbearbeitung angepasst werden.<\/p>\n<h2>Funktionsweise einer Metallschreddermaschine<\/h2>\n<p>Das Material wird in die Zerkleinerungsmaschine im Inneren des Beh\u00e4lters eingef\u00fchrt und dort in kleine St\u00fccke zerkleinert, um den Anforderungen im unteren Teil des Beh\u00e4lters zu entsprechen, nachdem es durch das Zerkleinerungsmesser zerrissen, gepresst, geschert und weiteren umfassenden Bearbeitungsschritten unterzogen wurde.<\/p>\n<p>Die Entwicklung der Metallschreddermaschine l\u00f6st nicht nur das Problem der gro\u00dfen Materialstapel durch die Verarbeitung, sondern erm\u00f6glicht auch einen einfachen Transport und Recycling. Die wichtigsten Komponenten des Prozesses sind der Schneidkopf und der Motor; die Metallschreddermaschine zerkleinert Metallmaterialien, weshalb besonders hohe Anforderungen an die H\u00e4rte und Verschlei\u00dffestigkeit des Schneidkopfs gestellt werden; werden diese nicht erf\u00fcllt, kommt es zu Sch\u00e4den an der Maschine. <\/p>\n<h2>Details zur Metallschreddermaschine<\/h2>\n<table class=\"table03132\">\n<tbody>\n<tr>\n<td><img fetchpriority=\"high\" decoding=\"async\" class=\"alignnone size-full wp-image-11261\" src=\"https:\/\/www.unitetopbalermachine.com\/wp-content\/uploads\/2025\/03\/Metal-Shredder-Machine-Blade.jpg\" alt=\"Klinge f\u00fcr Metallschredder\" width=\"600\" height=\"450\" srcset=\"https:\/\/www.unitetopbalermachine.com\/wp-content\/uploads\/2025\/03\/Metal-Shredder-Machine-Blade.jpg 600w, https:\/\/www.unitetopbalermachine.com\/wp-content\/uploads\/2025\/03\/Metal-Shredder-Machine-Blade-300x225.jpg 300w\" sizes=\"(max-width: 600px) 100vw, 600px\" \/><\/td>\n<td>1. Messer f\u00fcr Metallschredder<br \/>\nWir k\u00f6nnen das Messer f\u00fcr den Metallschredder entsprechend dem Ausgangsmaterial des Metallschredders individuell f\u00fcr Sie anpassen.<\/td>\n<\/tr>\n<tr>\n<td><img decoding=\"async\" class=\"alignnone size-full wp-image-11273\" src=\"https:\/\/www.unitetopbalermachine.com\/wp-content\/uploads\/2025\/03\/Metal-Shredder-Machine-Control-Button.jpg\" alt=\"Bedienknopf f\u00fcr Metallschredder\" width=\"600\" height=\"661\" srcset=\"https:\/\/www.unitetopbalermachine.com\/wp-content\/uploads\/2025\/03\/Metal-Shredder-Machine-Control-Button.jpg 600w, https:\/\/www.unitetopbalermachine.com\/wp-content\/uploads\/2025\/03\/Metal-Shredder-Machine-Control-Button-272x300.jpg 272w\" sizes=\"(max-width: 600px) 100vw, 600px\" \/><\/td>\n<td>2. Bedientaste<br \/>\nUnser Metallschredder verf\u00fcgt \u00fcber eine automatische Steuerung, was die Bedienung vereinfacht, und ist leicht zu warten.<\/td>\n<\/tr>\n<tr>\n<td><img decoding=\"async\" class=\"alignnone size-full wp-image-11285\" src=\"https:\/\/www.unitetopbalermachine.com\/wp-content\/uploads\/2025\/03\/Small-All-In-One-Metal-Shredder-Machine.jpg\" alt=\"Kleiner All-in-One-Aktenvernichter aus Metall\" width=\"600\" height=\"453\" srcset=\"https:\/\/www.unitetopbalermachine.com\/wp-content\/uploads\/2025\/03\/Small-All-In-One-Metal-Shredder-Machine.jpg 600w, https:\/\/www.unitetopbalermachine.com\/wp-content\/uploads\/2025\/03\/Small-All-In-One-Metal-Shredder-Machine-300x227.jpg 300w\" sizes=\"(max-width: 600px) 100vw, 600px\" \/><\/td>\n<td>3. All-in-One-Maschine<br \/>\nUnser kleiner All-in-One-Metallschredder verf\u00fcgt \u00fcber ein spezielles Design, ben\u00f6tigt nur wenig Platz und bietet Sicherheits- und Komfortfunktionen.<\/td>\n<\/tr>\n<\/tbody>\n<\/table>\n<h2>Unsere Metallschredder-Modelle<\/h2>\n<p><img loading=\"lazy\" decoding=\"async\" class=\"size-full wp-image-14322 aligncenter\" src=\"https:\/\/www.unitetopbalermachine.com\/wp-content\/uploads\/2025\/03\/Metal-Shredder-Types.jpg\" alt=\"Arten von Metallschreddern\" width=\"900\" height=\"600\" srcset=\"https:\/\/www.unitetopbalermachine.com\/wp-content\/uploads\/2025\/03\/Metal-Shredder-Types.jpg 900w, https:\/\/www.unitetopbalermachine.com\/wp-content\/uploads\/2025\/03\/Metal-Shredder-Types-300x200.jpg 300w, https:\/\/www.unitetopbalermachine.com\/wp-content\/uploads\/2025\/03\/Metal-Shredder-Types-768x512.jpg 768w, https:\/\/www.unitetopbalermachine.com\/wp-content\/uploads\/2025\/03\/Metal-Shredder-Types-600x400.jpg 600w\" sizes=\"(max-width: 900px) 100vw, 900px\" \/><\/p>\n<h3>Einwellen-Metallschredder<\/h3>\n<ul>\n<li>Optimiert f\u00fcr leichte bis mittelschwere Abf\u00e4lle, sorgt f\u00fcr gleichbleibende Zerkleinerungsleistung.<\/li>\n<li>Einfache Wartung dank austauschbarer Klingen f\u00fcr minimale Ausfallzeiten.<\/li>\n<li>Das energieeffiziente Design senkt die Betriebskosten, ohne dass dabei Abstriche bei der Funktionalit\u00e4t gemacht werden m\u00fcssen.<\/li>\n<\/ul>\n<h3>Zweischneidiger Metallschredder<\/h3>\n<ul>\n<li>Verarbeitet gr\u00f6\u00dfere, h\u00e4rtere Schrottst\u00fccke mit h\u00f6herer Durchsatzleistung.<\/li>\n<li>Zwei Rotoren sorgen f\u00fcr eine gleichm\u00e4\u00dfige Zerkleinerung und verringern das Risiko von Materialstau.<\/li>\n<li>Robuste Bauweise, geeignet f\u00fcr den dauerhaften Einsatz unter schweren industriellen Betriebsbedingungen.<\/li>\n<\/ul>\n<h3>Mobiler Metallschredder<\/h3>\n<ul>\n<li>Die flexible Installation erm\u00f6glicht den Einsatz an mehreren Standorten oder in tempor\u00e4ren Aufbauten.<\/li>\n<li>Kompakte Bauweise mit hoher Mobilit\u00e4t f\u00fcr die Schrottverarbeitung vor Ort.<\/li>\n<li>Schneller Aufbau und einfacher Transport reduzieren Ausfallzeiten und Logistikkosten.<\/li>\n<\/ul>\n<h3>Hochleistungs-Industrie-Aktenvernichter<\/h3>\n<ul>\n<li>Entwickelt f\u00fcr das kontinuierliche Recycling gro\u00dfer Metallmengen in industriellen Umgebungen.<\/li>\n<li>Der verst\u00e4rkte Rotor und Rahmen h\u00e4lt extremer Beanspruchung stand.<\/li>\n<li>Anpassbare Ausgabegr\u00f6\u00dfe, um den hohen Anforderungen der nachgelagerten Verarbeitung gerecht zu werden.<\/li>\n<\/ul>\n<h2>Anwendungen<\/h2>\n<p>Metallschredder kommen in zahlreichen Branchen zum Einsatz, verbessern die Recycling-Effizienz und senken die Kosten f\u00fcr die Abfallentsorgung.<\/p>\n<ul>\n<li><strong>Automobilrecycling:<\/strong> Zerkleinerung von Karosserien, Fahrgestellen und Metallkomponenten zur R\u00fcckgewinnung von Schrott.<\/li>\n<li><strong>Verarbeitung von Elektrokabeln und -dr\u00e4hten:<\/strong> Effiziente Verarbeitung von Kupfer-, Aluminium- und Mischkabelabf\u00e4llen.<\/li>\n<li><strong>Stahl-, Aluminium- und Kupferschrott:<\/strong> Zerkleinert gro\u00dfe Mengen an Industrieschrott in gleichm\u00e4\u00dfige St\u00fccke f\u00fcr die Weiterverarbeitung.<\/li>\n<li><strong>Recycling von Elektronikschrott:<\/strong> Sichere Entsorgung von Elektronikschrott, einschlie\u00dflich Computern, Haushaltsger\u00e4ten und elektronischen Bauteilen.<\/li>\n<li><strong>Reduzierung von Industrie- und Gie\u00dfereischrott:<\/strong> Optimiert die Entsorgung von Metallabf\u00e4llen in Fabriken, Gie\u00dfereien und metallverarbeitenden Betrieben.<\/li>\n<\/ul>\n<p><img loading=\"lazy\" decoding=\"async\" class=\"size-full wp-image-11454 aligncenter\" src=\"https:\/\/www.unitetopbalermachine.com\/wp-content\/uploads\/2025\/03\/SPJ-Series-Automatic-Control-Metal-Shredder-Machine-Applications.jpg\" alt=\"Anwendungsbereiche der automatischen Metallschredder der SPJ-Serie\" width=\"800\" height=\"490\" srcset=\"https:\/\/www.unitetopbalermachine.com\/wp-content\/uploads\/2025\/03\/SPJ-Series-Automatic-Control-Metal-Shredder-Machine-Applications.jpg 800w, https:\/\/www.unitetopbalermachine.com\/wp-content\/uploads\/2025\/03\/SPJ-Series-Automatic-Control-Metal-Shredder-Machine-Applications-300x184.jpg 300w, https:\/\/www.unitetopbalermachine.com\/wp-content\/uploads\/2025\/03\/SPJ-Series-Automatic-Control-Metal-Shredder-Machine-Applications-768x470.jpg 768w, https:\/\/www.unitetopbalermachine.com\/wp-content\/uploads\/2025\/03\/SPJ-Series-Automatic-Control-Metal-Shredder-Machine-Applications-600x368.jpg 600w\" sizes=\"(max-width: 800px) 100vw, 800px\" \/><\/p>\n<h2>Technische Daten<\/h2>\n<table>\n<tbody>\n<tr>\n<td><strong>Modell<\/strong><\/td>\n<td><strong>Blattdurchmesser (mm)<\/strong><\/td>\n<td><strong>Kammergr\u00f6\u00dfe (mm)<\/strong><\/td>\n<td><strong>Leistung (kg\/h)<\/strong><\/td>\n<td><strong>Leistung(kw)<\/strong><\/td>\n<td><strong>Maschinenabmessungen (mm)<\/strong><\/td>\n<td><strong>Gewicht (kg)<\/strong><\/td>\n<\/tr>\n<tr>\n<td>SPJ-600<\/td>\n<td>260<\/td>\n<td>600\u00d7550<\/td>\n<td>800-500<\/td>\n<td>15<\/td>\n<td>1800\u00d71300\u00d71700<\/td>\n<td>2850<\/td>\n<\/tr>\n<tr>\n<td>SPJ-800<\/td>\n<td>300<\/td>\n<td>800\u00d7600<\/td>\n<td>500-800<\/td>\n<td>37<\/td>\n<td>2800\u00d71800\u00d72100<\/td>\n<td>4200<\/td>\n<\/tr>\n<tr>\n<td>SPJ-1000<\/td>\n<td>350<\/td>\n<td>1000\u00d7700<\/td>\n<td>800-1500<\/td>\n<td>45<\/td>\n<td>2800\u00d72000\u00d72100<\/td>\n<td>6500<\/td>\n<\/tr>\n<tr>\n<td>SPJ-1200<\/td>\n<td>400<\/td>\n<td>1200\u00d7900<\/td>\n<td>1500-2500<\/td>\n<td>55<\/td>\n<td>2800\u00d72500\u00d72100<\/td>\n<td>7800<\/td>\n<\/tr>\n<tr>\n<td>SPJ-1400<\/td>\n<td>450<\/td>\n<td>1400\u00d7900<\/td>\n<td>2500-4000<\/td>\n<td>75<\/td>\n<td>2800\u00d72800\u00d72100<\/td>\n<td>9600<\/td>\n<\/tr>\n<tr>\n<td>SPJ-1600<\/td>\n<td>500<\/td>\n<td>1600\u00d71000<\/td>\n<td>4000-6000<\/td>\n<td>90<\/td>\n<td>3000\u00d72800\u00d72100<\/td>\n<td>12500<\/td>\n<\/tr>\n<\/tbody>\n<\/table>\n<h2>Kooperative Lieferanten<\/h2>\n<p><img loading=\"lazy\" decoding=\"async\" class=\"size-full wp-image-11297 aligncenter\" src=\"https:\/\/www.unitetopbalermachine.com\/wp-content\/uploads\/2025\/03\/Cooperative-Suppliers.jpg\" alt=\"Kooperative Lieferanten\" width=\"900\" height=\"422\" srcset=\"https:\/\/www.unitetopbalermachine.com\/wp-content\/uploads\/2025\/03\/Cooperative-Suppliers.jpg 900w, https:\/\/www.unitetopbalermachine.com\/wp-content\/uploads\/2025\/03\/Cooperative-Suppliers-300x141.jpg 300w, https:\/\/www.unitetopbalermachine.com\/wp-content\/uploads\/2025\/03\/Cooperative-Suppliers-768x360.jpg 768w, https:\/\/www.unitetopbalermachine.com\/wp-content\/uploads\/2025\/03\/Cooperative-Suppliers-600x281.jpg 600w\" sizes=\"(max-width: 900px) 100vw, 900px\" \/><\/p>\n<h2>Verpackung<\/h2>\n<p>Zum Schutz unserer Metallschredder der SPJ-Serie verwenden wir Folienverpackungen oder Holzverpackungen; wir sorgen f\u00fcr einen guten Schutz unserer Metallschredder der SPJ-Serie, bevor wir sie in den Container verladen.<\/p>\n<p><img loading=\"lazy\" decoding=\"async\" class=\"alignnone size-full wp-image-11442\" src=\"https:\/\/www.unitetopbalermachine.com\/wp-content\/uploads\/2025\/03\/SPJ-Series-Automatic-Control-Metal-Shredder-Machine-Packaging.jpg\" alt=\"Verpackung f\u00fcr automatische Metallschredder der SPJ-Serie\" width=\"1200\" height=\"298\" srcset=\"https:\/\/www.unitetopbalermachine.com\/wp-content\/uploads\/2025\/03\/SPJ-Series-Automatic-Control-Metal-Shredder-Machine-Packaging.jpg 1200w, https:\/\/www.unitetopbalermachine.com\/wp-content\/uploads\/2025\/03\/SPJ-Series-Automatic-Control-Metal-Shredder-Machine-Packaging-300x75.jpg 300w, https:\/\/www.unitetopbalermachine.com\/wp-content\/uploads\/2025\/03\/SPJ-Series-Automatic-Control-Metal-Shredder-Machine-Packaging-1024x254.jpg 1024w, https:\/\/www.unitetopbalermachine.com\/wp-content\/uploads\/2025\/03\/SPJ-Series-Automatic-Control-Metal-Shredder-Machine-Packaging-768x191.jpg 768w, https:\/\/www.unitetopbalermachine.com\/wp-content\/uploads\/2025\/03\/SPJ-Series-Automatic-Control-Metal-Shredder-Machine-Packaging-600x149.jpg 600w\" sizes=\"(max-width: 1200px) 100vw, 1200px\" \/><\/p>\n<h2>Sehen Sie sich den Schrott-Schredder in Aktion an!<\/h2>\n<div class=\"ast-oembed-container \" style=\"height: 100%;\"><iframe title=\"Chinese Manufacture Automatic Control SPJ Series metal shredder machine\" width=\"500\" height=\"375\" src=\"https:\/\/www.youtube.com\/embed\/tsPp8oBwaP4?feature=oembed\" frameborder=\"0\" allow=\"accelerometer; autoplay; clipboard-write; encrypted-media; gyroscope; picture-in-picture; web-share\" referrerpolicy=\"strict-origin-when-cross-origin\" allowfullscreen><\/iframe><\/div>\n<style>.table03132{border:none;}.table03132 td{border:none;}<\/style>\n","protected":false},"excerpt":{"rendered":"<p>Unser Metallschredder verarbeitet effizient verschiedene Metallprodukte, darunter Eisen, Dosen (Aluminiumdosen, Blechdosen), Farbeimer und vieles mehr. Wir bieten Materialtests mit unseren vorbereiteten Rohstoffen an, um eine optimale Leistung zu gew\u00e4hrleisten. <\/p>\n<p>Mit \u00fcber 25 Jahren Erfahrung in der Produktion haben wir mehr als 3.000 ma\u00dfgeschneiderte L\u00f6sungen f\u00fcr das Recycling von Altmetall bereitgestellt, die auf die vielf\u00e4ltigen Anforderungen der Industrie zugeschnitten sind.<\/p>\n<ul>\n<li>Modularer Aufbau, einfache Wartung<\/li>\n<li>Klingen aus hochfester Legierung<\/li>\n<li>SPS-Steuerungssystem<\/li>\n<li>Geringe Ger\u00e4uschentwicklung, hohes Drehmoment<\/li>\n<li>Anpassbar an verschiedene Materialien<\/li>\n<\/ul>\n","protected":false},"featured_media":11323,"template":"","meta":{"site-sidebar-layout":"default","site-content-layout":"","ast-site-content-layout":"default","site-content-style":"default","site-sidebar-style":"default","ast-global-header-display":"","ast-banner-title-visibility":"","ast-main-header-display":"","ast-hfb-above-header-display":"","ast-hfb-below-header-display":"","ast-hfb-mobile-header-display":"","site-post-title":"","ast-breadcrumbs-content":"","ast-featured-img":"","footer-sml-layout":"","theme-transparent-header-meta":"default","adv-header-id-meta":"","stick-header-meta":"","header-above-stick-meta":"","header-main-stick-meta":"","header-below-stick-meta":"","astra-migrate-meta-layouts":"set","ast-page-background-enabled":"default","ast-page-background-meta":{"desktop":{"background-color":"var(--ast-global-color-4)","background-image":"","background-repeat":"repeat","background-position":"center center","background-size":"auto","background-attachment":"scroll","background-type":"","background-media":"","overlay-type":"","overlay-color":"","overlay-opacity":"","overlay-gradient":""},"tablet":{"background-color":"","background-image":"","background-repeat":"repeat","background-position":"center center","background-size":"auto","background-attachment":"scroll","background-type":"","background-media":"","overlay-type":"","overlay-color":"","overlay-opacity":"","overlay-gradient":""},"mobile":{"background-color":"","background-image":"","background-repeat":"repeat","background-position":"center center","background-size":"auto","background-attachment":"scroll","background-type":"","background-media":"","overlay-type":"","overlay-color":"","overlay-opacity":"","overlay-gradient":""}},"ast-content-background-meta":{"desktop":{"background-color":"var(--ast-global-color-5)","background-image":"","background-repeat":"repeat","background-position":"center center","background-size":"auto","background-attachment":"scroll","background-type":"","background-media":"","overlay-type":"","overlay-color":"","overlay-opacity":"","overlay-gradient":""},"tablet":{"background-color":"var(--ast-global-color-5)","background-image":"","background-repeat":"repeat","background-position":"center center","background-size":"auto","background-attachment":"scroll","background-type":"","background-media":"","overlay-type":"","overlay-color":"","overlay-opacity":"","overlay-gradient":""},"mobile":{"background-color":"var(--ast-global-color-5)","background-image":"","background-repeat":"repeat","background-position":"center center","background-size":"auto","background-attachment":"scroll","background-type":"","background-media":"","overlay-type":"","overlay-color":"","overlay-opacity":"","overlay-gradient":""}}},"product_brand":[],"product_cat":[163],"product_tag":[],"class_list":{"0":"post-12683","1":"product","2":"type-product","3":"status-publish","4":"has-post-thumbnail","6":"product_cat-metallzerkleinerer","7":"desktop-align-left","8":"tablet-align-left","9":"mobile-align-left","11":"first","12":"instock","13":"shipping-taxable","14":"product-type-simple"},"_links":{"self":[{"href":"https:\/\/www.unitetopbalermachine.com\/de\/wp-json\/wp\/v2\/product\/12683","targetHints":{"allow":["GET"]}}],"collection":[{"href":"https:\/\/www.unitetopbalermachine.com\/de\/wp-json\/wp\/v2\/product"}],"about":[{"href":"https:\/\/www.unitetopbalermachine.com\/de\/wp-json\/wp\/v2\/types\/product"}],"wp:featuredmedia":[{"embeddable":true,"href":"https:\/\/www.unitetopbalermachine.com\/de\/wp-json\/wp\/v2\/media\/11323"}],"wp:attachment":[{"href":"https:\/\/www.unitetopbalermachine.com\/de\/wp-json\/wp\/v2\/media?parent=12683"}],"wp:term":[{"taxonomy":"product_brand","embeddable":true,"href":"https:\/\/www.unitetopbalermachine.com\/de\/wp-json\/wp\/v2\/product_brand?post=12683"},{"taxonomy":"product_cat","embeddable":true,"href":"https:\/\/www.unitetopbalermachine.com\/de\/wp-json\/wp\/v2\/product_cat?post=12683"},{"taxonomy":"product_tag","embeddable":true,"href":"https:\/\/www.unitetopbalermachine.com\/de\/wp-json\/wp\/v2\/product_tag?post=12683"}],"curies":[{"name":"wp","href":"https:\/\/api.w.org\/{rel}","templated":true}]}}