{"id":4341,"date":"2024-06-06T03:49:20","date_gmt":"2024-06-06T03:49:20","guid":{"rendered":"https:\/\/www.unitetopbalermachine.com\/datenschutzrichtlinie\/"},"modified":"2024-08-15T05:39:33","modified_gmt":"2024-08-15T05:39:33","slug":"datenschutzrichtlinie","status":"publish","type":"page","link":"https:\/\/www.unitetopbalermachine.com\/de\/datenschutzrichtlinie\/","title":{"rendered":"Datenschutzrichtlinie"},"content":{"rendered":"<p>Willkommen bei Unite Top! Wenn Sie unseren Shop besuchen, bedeutet dies, dass Sie automatisch alle diese Gesch\u00e4ftsbedingungen akzeptieren. Bitte lesen Sie alle Informationen zu unseren Richtlinien, Bedingungen und Vereinbarungen sorgf\u00e4ltig durch.<\/p>\n<p>Es ist sehr wichtig, auf die Informationen zu achten, da wir in einer Informationsgesellschaft leben und Sie die Art und Weise, wie Informationen verwendet und weitergegeben werden, nicht untersch\u00e4tzen d\u00fcrfen.<\/p>\n<p>Vertrauen ist der Grundstein einer Freundschaft und wir freuen uns \u00fcber Ihre Entscheidung, unseren Shop zu w\u00e4hlen. Wir geben Ihnen vollen Zugriff auf verschiedene Arten von Informationen zu Ihrem Konto. Bitte beachten Sie au\u00dferdem, dass unsere Website zahlreiche Marken enth\u00e4lt, die sowohl unserem Unternehmen als auch Drittunternehmen geh\u00f6ren k\u00f6nnen. Die Verwendung von Logos, Symbolen und Servicenamen ist in einer Weise verboten, die bei unseren Kunden wahrscheinlich Verwirrung stiftet und als Versto\u00df gegen das Urheberrecht gilt.<\/p>\n<p>Wir behalten uns das Recht vor, diese Gesch\u00e4ftsbedingungen jederzeit und ohne vorherige Ank\u00fcndigung zu \u00e4ndern. Durch die Nutzung dieser Website stimmen Sie den Bedingungen der neuesten Version dieser Datenschutzrichtlinie zu.<\/p>\n<p>Bitte lesen Sie unsere Nutzungsbedingungen, um die allgemeinen Regeln f\u00fcr Ihre Nutzung dieser Website zu verstehen. Sofern in anderen Haftungsausschl\u00fcssen, Richtlinien, Nutzungsbedingungen oder anderen Hinweisen auf dieser Website nicht anders angegeben, stellen diese Datenschutzrichtlinie und die Nutzungsbedingungen die vollst\u00e4ndige Vereinbarung zwischen Ihnen und Unite Top.com in Bezug auf Ihre Nutzung dieser Website dar. Sie unterliegen m\u00f6glicherweise zus\u00e4tzlichen Bedingungen, die gelten k\u00f6nnen, wenn Sie auf bestimmte Dienste oder Materialien in bestimmten Bereichen dieser Website zugreifen oder einem Link von dieser Website folgen.<\/p>\n<h3><span style=\"color: #b90a0a;\"><strong><b>Einf\u00fchrung<\/b><\/strong><\/span><\/h3>\n<p>Welche Informationen wir erhalten und wie wir sie verwenden, h\u00e4ngt davon ab, was Sie beim Besuch unserer Website tun. Wir erfassen und verwenden Ihre nicht personenbezogenen Daten (Informationen, die nicht auf Sie pers\u00f6nlich identifizierbar sind) anders als Ihre personenbezogenen Daten. Was sind nicht personenbezogene Daten? Nicht personenbezogene Daten sind die Informationen, die wir \u00fcber diese Website erfassen und die uns nicht als Einzelperson identifizieren. Dazu k\u00f6nnen Informationen wie die folgenden geh\u00f6ren:<\/p>\n<ul>\n<li>die Art der von Ihnen verwendeten Webbrowser-Software (z. B. Netscape Navigator oder Internet Explorer)<\/li>\n<li>der Name der Dom\u00e4ne, von der aus Sie auf das Internet zugreifen<\/li>\n<li>die Internetadresse der Website, von der aus Sie direkt auf unsere Website verlinkt haben<\/li>\n<li>das Datum und die Uhrzeit Ihres Zugriffs auf unsere Website<\/li>\n<li>welche Seiten Sie auf unserer Website besucht haben<\/li>\n<li>die von Ihnen verwendeten Suchbegriffe<\/li>\n<li>die Links, auf die Sie klicken<\/li>\n<li>pers\u00f6nliche Informationen, die nicht mehr pers\u00f6nlich sind oder anonymisiert wurden (d. h. Informationen, die keinen individuell identifizierbaren Benutzer mehr widerspiegeln oder darauf verweisen)<\/li>\n<\/ul>\n<p>Wenn Sie unsere Website besuchen, um Informationen zu lesen oder herunterzuladen, beispielsweise \u00fcber einen Gesundheitszustand oder eines unserer Produkte, k\u00f6nnen wir bestimmte nicht personenbezogene Daten \u00fcber Sie von Ihrem Computer erfassen. Diese Informationen werden vom Webbrowser Ihres Computers erfasst: Wenn Sie auf unserer Website lediglich Informationen lesen oder herunterladen, erfassen oder erfahren wir weder Ihren Namen, Ihre E-Mail-Adresse, Ihre Privatadresse noch andere personenbezogene Informationen \u00fcber Sie. Wenn Sie unsere Website besuchen, k\u00f6nnen wir eine Textdatei namens Cookie in den Browserdateien Ihres Computers ablegen. Das Cookie kann auf der Festplatte Ihres Computers gespeichert werden. Die Informationen, die wir mithilfe von Cookies sammeln, sind nicht personenbezogen. Sie k\u00f6nnen unsere Cookies jederzeit ablehnen, sofern Ihr Browser dies zul\u00e4sst, aber einige Teile unserer Website funktionieren dann m\u00f6glicherweise nicht richtig. Wir gestatten Dritten mit Ausnahme der von uns beauftragten Unternehmen, in unserem Namen Dienstleistungen oder Funktionen auszuf\u00fchren, nicht, Cookies auf unserer Website zu platzieren.<\/p>\n<h3><span style=\"color: #b90a0a;\"><strong><b>Was macht Unite Top.com mit nicht personenbezogenen Daten?<\/b><\/strong><\/span><\/h3>\n<p>Da nicht personenbezogene Daten Sie nicht identifizieren oder in irgendeiner Weise mit Ihnen in Verbindung gebracht werden k\u00f6nnen, gibt es keine Einschr\u00e4nkungen hinsichtlich der Art und Weise, wie wir nicht personenbezogene Daten verwenden oder weitergeben k\u00f6nnen. Wir sind immer auf der Suche nach M\u00f6glichkeiten, Ihnen besser zu dienen und diese Website zu verbessern. Wir verwenden nicht personenbezogene Daten von Ihnen, um diese Website f\u00fcr Besucher n\u00fctzlicher zu gestalten. Wir verwenden nicht personenbezogene Daten auch f\u00fcr andere Gesch\u00e4ftszwecke. Beispielsweise k\u00f6nnen wir nicht personenbezogene Daten oder aggregierte nicht personenbezogene Daten verwenden, um:<\/p>\n<ul>\n<li>Berichte f\u00fcr den internen Gebrauch zu erstellen, um Programme, Produkte, Dienste oder Inhalte zu entwickeln<\/li>\n<li>Informationen oder Dienste anzupassen, die f\u00fcr Sie von Interesse sind<\/li>\n<li>Sie mit Dritten zu teilen oder an sie zu verkaufen<\/li>\n<li>Dritten aggregierte \u201eVerkehrsstatistiken\u201c und \u201eAntwortraten\u201c bereitzustellen<\/li>\n<\/ul>\n<h3><\/h3>\n<h3><span style=\"color: #b90a0a;\"><strong><b>Was sind personenbezogene Daten?<\/b><\/strong><\/span><\/h3>\n<p>Personenbezogene Daten sind die Informationen, die wir \u00fcber diese Website sammeln und die wir verwenden k\u00f6nnen, um Sie spezifisch zu identifizieren, wie z. B.:<\/p>\n<ul>\n<li>Name<\/li>\n<li>Telefonnummer<\/li>\n<li>E-Mail-Adresse<\/li>\n<li>Seriennummer des medizinischen Ger\u00e4ts<\/li>\n<li>pers\u00f6nliche Gesundheitsinformationen<\/li>\n<li>Geburtsdatum<\/li>\n<\/ul>\n<p>An einigen Stellen auf dieser Website haben Sie die M\u00f6glichkeit, uns personenbezogene Daten \u00fcber sich selbst zu senden, den Erhalt bestimmter Informationen auszuw\u00e4hlen oder an einer Aktivit\u00e4t teilzunehmen. Sie k\u00f6nnen beispielsweise ein Registrierungsformular, eine Umfrage oder ein E-Mail-Formular ausf\u00fcllen und den Erhalt von Schulungsmaterial \u00fcber unsere Produkte und Therapien ausw\u00e4hlen. Sie k\u00f6nnen uns auch erlauben, Ihre Besuche auf der Website zu personalisieren. In diesem Fall werden wir Sie um bestimmte personenbezogene Daten bitten, um Ihre Besuche auf unserer Website f\u00fcr Sie hilfreicher zu gestalten. Wenn diese Informationen mit den nicht personenbezogenen Daten kombiniert werden, die wir \u00fcber Cookies (siehe oben) erfassen, k\u00f6nnen wir feststellen, dass Sie unsere Website schon einmal besucht haben, und Ihren Zugriff auf unsere Website personalisieren, indem wir Sie beispielsweise \u00fcber neue Funktionen informieren, die f\u00fcr Sie von Interesse sein k\u00f6nnten.<\/p>\n<h3><\/h3>\n<h3><span style=\"color: #b90a0a;\"><strong><b>Wie speichert und verwendet Unite Top.com personenbezogene Daten?<\/b><\/strong><\/span><\/h3>\n<p>Wir k\u00f6nnen die personenbezogenen Daten, die wir \u00fcber diese Website von Ihnen erfassen, speichern und verwenden, um Ihnen Zugriff auf diese Website zu erm\u00f6glichen. Dar\u00fcber hinaus k\u00f6nnen wir Ihre personenbezogenen Daten speichern und verwenden:<\/p>\n<ul>\n<li>um auf Ihre Anfragen zu antworten<\/li>\n<li>um Ihren Zugriff auf unsere Website zu personalisieren, beispielsweise indem wir Sie \u00fcber neue Funktionen informieren, die f\u00fcr Sie von Interesse sein k\u00f6nnten<\/li>\n<li>um Aufzeichnungen zu erstellen, einschlie\u00dflich Aufzeichnungen Ihrer personenbezogenen Daten<\/li>\n<li>um Sie mit Informationen zu kontaktieren, die f\u00fcr Sie von Interesse sein k\u00f6nnten, einschlie\u00dflich Informationen \u00fcber klinische Studien und \u00fcber Produkte und Dienstleistungen von uns und anderen<\/li>\n<li>f\u00fcr Analysezwecke und um Programme, Produkte, Dienstleistungen und Inhalte zu erforschen, zu entwickeln und zu verbessern<\/li>\n<li>um Ihre personenbezogenen Kennungen (Ihren Namen, Ihre E-Mail-Adresse, Sozialversicherungsnummer usw.) zu entfernen. In diesem Fall w\u00fcrden Sie nicht mehr als einzelne, eindeutige Person identifiziert. Sobald wir Informationen anonymisiert haben, handelt es sich um nicht personenbezogene Daten und wir k\u00f6nnen sie wie andere nicht personenbezogene Daten behandeln.<\/li>\n<li>um diese Datenschutzerkl\u00e4rung und andere Regeln bez\u00fcglich Ihrer Nutzung dieser Website durchzusetzen<\/li>\n<li>um unsere Rechte oder unser Eigentum zu sch\u00fctzen<\/li>\n<li>um die Gesundheit, Sicherheit oder das Wohlergehen einer Person zu sch\u00fctzen<\/li>\n<li>um ein Gesetz oder eine Verordnung, einen Gerichtsbeschluss oder andere Rechtsverfahren einzuhalten<\/li>\n<\/ul>\n<p>Wir verf\u00fcgen \u00fcber keine Methode zur \u00dcberpr\u00fcfung der \u00fcber diese Website erfassten pers\u00f6nlichen oder nicht pers\u00f6nlichen Informationen.<\/p>\n<h3><\/h3>\n<h3><span style=\"color: #b90a0a;\"><strong><b>Gibt Unite Top.com pers\u00f6nliche Informationen jemals an Dritte weiter?<\/b><\/strong><\/span><\/h3>\n<p>Unite Top.com wird Ihre \u00fcber diese Website erfassten pers\u00f6nlichen Informationen nicht ohne Ihre Zustimmung an unabh\u00e4ngige Dritte weitergeben, sofern in dieser Datenschutzerkl\u00e4rung nichts anderes vorgesehen ist.<\/p>\n<p>Im normalen Gesch\u00e4ftsverlauf k\u00f6nnen wir einige pers\u00f6nliche Informationen an Unternehmen weitergeben, die wir beauftragen, in unserem Namen Dienstleistungen oder Funktionen auszuf\u00fchren. In allen F\u00e4llen, in denen wir Ihre pers\u00f6nlichen Informationen an Dritte weitergeben, erm\u00e4chtigen wir diese nicht, Ihre Informationen aufzubewahren, weiterzugeben oder mit anderen zu verwenden, au\u00dfer zum Zweck der Erbringung der von uns angeforderten Dienstleistungen. Wir werden Ihre pers\u00f6nlichen Informationen nicht verkaufen, austauschen oder ver\u00f6ffentlichen, au\u00dfer im Zusammenhang mit einem Unternehmensverkauf, einer Fusion, Aufl\u00f6sung oder \u00dcbernahme.<\/p>\n<p>Wir k\u00f6nnen gesetzlich dazu verpflichtet sein, Ihre personenbezogenen Daten als Reaktion auf einen Gerichtsbeschluss, eine Vorladung, einen Durchsuchungsbefehl, ein Gesetz oder eine Verordnung freizugeben. Wir k\u00f6nnen mit Strafverfolgungsbeh\u00f6rden zusammenarbeiten, um Website-Besucher zu untersuchen und strafrechtlich zu verfolgen, die gegen unsere Regeln versto\u00dfen oder sich auf eine Weise verhalten, die anderen Besuchern schadet (oder illegal ist).<\/p>\n<h3><span style=\"color: #b90a0a;\"><strong><b>Wie steht es um den Datenschutz auf anderen Websites?<\/b><\/strong><\/span><\/h3>\n<p>Diese Website kann Links zu anderen Websites enthalten. Einige dieser Websites werden m\u00f6glicherweise von Unite Top und andere von Dritten betrieben. Wir stellen Ihnen die Links zu Ihrer Bequemlichkeit zur Verf\u00fcgung, \u00fcberpr\u00fcfen, kontrollieren oder \u00fcberwachen jedoch nicht die Datenschutzpraktiken von Websites, die von anderen betrieben werden. Diese Datenschutzrichtlinie gilt nicht f\u00fcr andere Websites, auch nicht f\u00fcr die anderen Websites von Unite Top.com. Wir sind nicht verantwortlich f\u00fcr die Leistung von Websites, die von Dritten betrieben werden, oder f\u00fcr Ihre Gesch\u00e4ftsbeziehungen mit ihnen. Daher empfehlen wir Ihnen, jedes Mal, wenn Sie diese Website verlassen, die Datenschutzpraktiken jeder Website zu \u00fcberpr\u00fcfen und Ihre eigenen Schlussfolgerungen hinsichtlich der Angemessenheit dieser Praktiken zu ziehen.<\/p>\n<h3><span style=\"color: #b90a0a;\"><strong><b>Kommuniziert Unite Top.com jemals direkt mit Besuchern dieser Website?<\/b><\/strong><\/span><\/h3>\n<p>Wir k\u00f6nnen Sie in regelm\u00e4\u00dfigen Abst\u00e4nden per E-Mail, Post oder Telefon kontaktieren, wenn Sie dieser Kontaktaufnahme zustimmen, um Ihnen Informationen zu Programmen, Produkten, Dienstleistungen und Inhalten zukommen zu lassen, die f\u00fcr Sie von Interesse sein k\u00f6nnten. Dar\u00fcber hinaus k\u00f6nnen Sie \u00fcber einige der Funktionen dieser Website mithilfe eines Online-Formulars mit uns kommunizieren. Wenn Sie in Ihrer Mitteilung eine Antwort von uns ben\u00f6tigen, senden wir Ihnen eine Antwort per E-Mail. Die E-Mail-Antwort oder -Best\u00e4tigung kann Ihre pers\u00f6nlichen Daten enthalten, darunter pers\u00f6nliche Informationen zu Ihrer Gesundheit, Ihren Namen, Ihre Adresse usw. Wir k\u00f6nnen nicht garantieren, dass unsere E-Mails an Sie vor unbefugtem Abfangen gesch\u00fctzt sind.<\/p>\n<h3><span style=\"color: #b90a0a;\"><strong><b>Wie steht es um die Sicherheit der Website?<\/b><\/strong><\/span><\/h3>\n<p>Sicherheit ist uns sehr wichtig. Wir wissen auch, dass Sicherheit f\u00fcr Sie wichtig ist. Wir ergreifen angemessene Ma\u00dfnahmen, um Ihre pers\u00f6nlichen Daten vor Verlust, Missbrauch und unbefugtem Zugriff, Offenlegung, \u00c4nderung oder Zerst\u00f6rung zu sch\u00fctzen. Sie sollten bedenken, dass keine Internet\u00fcbertragung jemals 100 % sicher oder fehlerfrei ist. Insbesondere E-Mails, die an oder von dieser Site gesendet werden, sind m\u00f6glicherweise nicht sicher. Sie sollten daher besonders sorgf\u00e4ltig entscheiden, welche Informationen Sie uns per E-Mail senden.<\/p>\n","protected":false},"excerpt":{"rendered":"<p>Willkommen bei Unite Top! Wenn Sie unseren Shop besuchen, bedeutet dies, dass Sie automatisch alle diese Gesch\u00e4ftsbedingungen akzeptieren. Bitte lesen Sie alle Informationen zu unseren Richtlinien, Bedingungen und Vereinbarungen sorgf\u00e4ltig durch. Es ist sehr wichtig, auf die Informationen zu achten, da wir in einer Informationsgesellschaft leben und Sie die Art und Weise, wie Informationen verwendet [&hellip;]<\/p>\n","protected":false},"author":1,"featured_media":0,"parent":0,"menu_order":0,"comment_status":"closed","ping_status":"closed","template":"","meta":{"site-sidebar-layout":"default","site-content-layout":"","ast-site-content-layout":"default","site-content-style":"default","site-sidebar-style":"default","ast-global-header-display":"","ast-banner-title-visibility":"","ast-main-header-display":"","ast-hfb-above-header-display":"","ast-hfb-below-header-display":"","ast-hfb-mobile-header-display":"","site-post-title":"","ast-breadcrumbs-content":"","ast-featured-img":"","footer-sml-layout":"","theme-transparent-header-meta":"default","adv-header-id-meta":"","stick-header-meta":"","header-above-stick-meta":"","header-main-stick-meta":"","header-below-stick-meta":"","astra-migrate-meta-layouts":"set","ast-page-background-enabled":"default","ast-page-background-meta":{"desktop":{"background-color":"var(--ast-global-color-4)","background-image":"","background-repeat":"repeat","background-position":"center center","background-size":"auto","background-attachment":"scroll","background-type":"","background-media":"","overlay-type":"","overlay-color":"","overlay-opacity":"","overlay-gradient":""},"tablet":{"background-color":"","background-image":"","background-repeat":"repeat","background-position":"center center","background-size":"auto","background-attachment":"scroll","background-type":"","background-media":"","overlay-type":"","overlay-color":"","overlay-opacity":"","overlay-gradient":""},"mobile":{"background-color":"","background-image":"","background-repeat":"repeat","background-position":"center center","background-size":"auto","background-attachment":"scroll","background-type":"","background-media":"","overlay-type":"","overlay-color":"","overlay-opacity":"","overlay-gradient":""}},"ast-content-background-meta":{"desktop":{"background-color":"var(--ast-global-color-5)","background-image":"","background-repeat":"repeat","background-position":"center center","background-size":"auto","background-attachment":"scroll","background-type":"","background-media":"","overlay-type":"","overlay-color":"","overlay-opacity":"","overlay-gradient":""},"tablet":{"background-color":"var(--ast-global-color-5)","background-image":"","background-repeat":"repeat","background-position":"center center","background-size":"auto","background-attachment":"scroll","background-type":"","background-media":"","overlay-type":"","overlay-color":"","overlay-opacity":"","overlay-gradient":""},"mobile":{"background-color":"var(--ast-global-color-5)","background-image":"","background-repeat":"repeat","background-position":"center center","background-size":"auto","background-attachment":"scroll","background-type":"","background-media":"","overlay-type":"","overlay-color":"","overlay-opacity":"","overlay-gradient":""}},"footnotes":""},"class_list":["post-4341","page","type-page","status-publish","hentry"],"_links":{"self":[{"href":"https:\/\/www.unitetopbalermachine.com\/de\/wp-json\/wp\/v2\/pages\/4341","targetHints":{"allow":["GET"]}}],"collection":[{"href":"https:\/\/www.unitetopbalermachine.com\/de\/wp-json\/wp\/v2\/pages"}],"about":[{"href":"https:\/\/www.unitetopbalermachine.com\/de\/wp-json\/wp\/v2\/types\/page"}],"author":[{"embeddable":true,"href":"https:\/\/www.unitetopbalermachine.com\/de\/wp-json\/wp\/v2\/users\/1"}],"replies":[{"embeddable":true,"href":"https:\/\/www.unitetopbalermachine.com\/de\/wp-json\/wp\/v2\/comments?post=4341"}],"version-history":[{"count":3,"href":"https:\/\/www.unitetopbalermachine.com\/de\/wp-json\/wp\/v2\/pages\/4341\/revisions"}],"predecessor-version":[{"id":4345,"href":"https:\/\/www.unitetopbalermachine.com\/de\/wp-json\/wp\/v2\/pages\/4341\/revisions\/4345"}],"wp:attachment":[{"href":"https:\/\/www.unitetopbalermachine.com\/de\/wp-json\/wp\/v2\/media?parent=4341"}],"curies":[{"name":"wp","href":"https:\/\/api.w.org\/{rel}","templated":true}]}}